{"id":221056,"date":"2025-08-12T05:19:46","date_gmt":"2025-08-12T02:19:46","guid":{"rendered":"https:\/\/moroccomosaic.com\/?page_id=221056"},"modified":"2025-08-12T05:22:50","modified_gmt":"2025-08-12T02:22:50","slug":"privacy-policy-2","status":"publish","type":"page","link":"https:\/\/moroccomosaic.com\/fr\/privacy-policy-2\/","title":{"rendered":"Politique de Confidentialit\u00e9"},"content":{"rendered":"<div data-elementor-type=\"wp-page\" data-elementor-id=\"221056\" class=\"elementor elementor-221056\">\n\t\t\t\t<div class=\"elementor-element elementor-element-b53433b e-flex e-con-boxed e-con e-parent\" data-id=\"b53433b\" data-element_type=\"container\" data-e-type=\"container\">\n\t\t\t\t\t<div class=\"e-con-inner\">\n\t\t\t\t<div class=\"elementor-element elementor-element-66b3947 elementor-widget elementor-widget-heading\" data-id=\"66b3947\" data-element_type=\"widget\" data-e-type=\"widget\" data-widget_type=\"heading.default\">\n\t\t\t\t<div class=\"elementor-widget-container\">\n\t\t\t\t\t<h2 class=\"elementor-heading-title elementor-size-default\">Politique de Confidentialit\u00e9<\/h2>\t\t\t\t<\/div>\n\t\t\t\t<\/div>\n\t\t\t\t<div class=\"elementor-element elementor-element-f5de40c elementor-widget elementor-widget-text-editor\" data-id=\"f5de40c\" data-element_type=\"widget\" data-e-type=\"widget\" data-widget_type=\"text-editor.default\">\n\t\t\t\t<div class=\"elementor-widget-container\">\n\t\t\t\t\t\t\t\t\t<p>La pr\u00e9sente politique de confidentialit\u00e9 d\u00e9crit la mani\u00e8re dont Moroccan Mosaic recueille, utilise, divulgue et prot\u00e8ge les informations personnelles de ses utilisateurs. En acc\u00e9dant \u00e0 notre site Web ou en l'utilisant, vous acceptez les conditions \u00e9nonc\u00e9es dans la pr\u00e9sente politique.<\/p><h3>Informations collect\u00e9es<\/h3><ol><li><strong>Informations personnelles :<\/strong><ul><li>Nom<\/li><li>Adresse<\/li><li>Adresse e-mail<\/li><li>N\u00b0 de t\u00e9l\u00e9phone<\/li><li>Informations sur le paiement<\/li><\/ul><\/li><li><strong>Informations non personnelles :<\/strong><ul><li>Type de navigateur<\/li><li>Adresse IP<\/li><li>Syst\u00e8me d'exploitation<\/li><li>Date et heure de la visite<\/li><\/ul><\/li><\/ol><h3>Comment nous utilisons vos informations<\/h3><ol><li><strong>Traitement des commandes :<\/strong><ul><li>Ex\u00e9cution et gestion des commandes<\/li><li>Traitement des paiements<\/li><li>Fournir des confirmations de commande et des mises \u00e0 jour<\/li><\/ul><\/li><li><strong>Soutien \u00e0 la client\u00e8le :<\/strong><ul><li>R\u00e9pondre aux demandes de renseignements<\/li><li>R\u00e9soudre les probl\u00e8mes<\/li><li>Fournir une assistance<\/li><\/ul><\/li><li><strong>Marketing :<\/strong><ul><li>Envoi d'offres promotionnelles<\/li><li>vous informer sur les nouveaux produits et services<\/li><li>Demande d'avis<\/li><\/ul><\/li><\/ol><h3>Partage d'informations<\/h3><p>Nous ne vendons pas, n'\u00e9changeons pas et ne transf\u00e9rons pas vos informations personnelles \u00e0 des tiers sans votre consentement, sauf dans les cas pr\u00e9vus par la pr\u00e9sente politique.<\/p><ol><li><strong>Fournisseurs de services :<\/strong><ul><li>Nous pouvons partager des informations avec des prestataires de services tiers pour l'ex\u00e9cution des commandes, le traitement des paiements et d'autres services essentiels.<\/li><\/ul><\/li><li><strong>Conformit\u00e9 juridique :<\/strong><ul><li>Nous pouvons divulguer des informations personnelles lorsque la loi l'exige ou en r\u00e9ponse \u00e0 des demandes l\u00e9gales.<\/li><\/ul><\/li><\/ol><h3>Cookies et technologies de suivi<\/h3><p>Nous utilisons des cookies et des technologies similaires pour am\u00e9liorer votre exp\u00e9rience d'achat. Vous pouvez g\u00e9rer vos pr\u00e9f\u00e9rences en mati\u00e8re de cookies par le biais des param\u00e8tres de votre navigateur.<\/p><h3>S\u00e9curit\u00e9<\/h3><p>Nous prenons des mesures raisonnables pour prot\u00e9ger vos informations personnelles contre tout acc\u00e8s, utilisation ou divulgation non autoris\u00e9s.<\/p><h3>Vos choix<\/h3><p>Vous pouvez choisir de ne pas fournir certaines informations personnelles, mais cela peut affecter votre capacit\u00e9 \u00e0 utiliser certaines fonctionnalit\u00e9s de notre site web.<\/p><h3>Mises \u00e0 jour de la pr\u00e9sente politique<\/h3><p>Nous pouvons mettre \u00e0 jour la pr\u00e9sente politique de confidentialit\u00e9 de temps \u00e0 autre. Nous vous informerons des changements importants en publiant la politique mise \u00e0 jour sur notre site web.<\/p><h3>Nous contacter<\/h3><p>Si vous avez des questions ou des pr\u00e9occupations concernant cette politique de confidentialit\u00e9, veuillez nous contacter \u00e0 l'adresse suivante : Mor.Mosaic@gmail.com.<\/p><p>La pr\u00e9sente politique de confidentialit\u00e9 a \u00e9t\u00e9 mise \u00e0 jour pour la derni\u00e8re fois le 15 novembre 2023.<\/p>\t\t\t\t\t\t\t\t<\/div>\n\t\t\t\t<\/div>\n\t\t\t\t\t<\/div>\n\t\t\t\t<\/div>\n\t\t\t\t<\/div>","protected":false},"excerpt":{"rendered":"<p>Privacy Policy This Privacy Policy outlines how Moroccan Mosaic collects, uses, discloses, and protects the personal information of its users. [&hellip;]<\/p>\n","protected":false},"author":165,"featured_media":0,"parent":0,"menu_order":0,"comment_status":"closed","ping_status":"closed","template":"","meta":{"content-type":"","site-sidebar-layout":"no-sidebar","site-content-layout":"","ast-site-content-layout":"full-width-container","site-content-style":"default","site-sidebar-style":"default","ast-global-header-display":"","ast-banner-title-visibility":"","ast-main-header-display":"","ast-hfb-above-header-display":"","ast-hfb-below-header-display":"","ast-hfb-mobile-header-display":"","site-post-title":"disabled","ast-breadcrumbs-content":"","ast-featured-img":"disabled","footer-sml-layout":"","ast-disable-related-posts":"","theme-transparent-header-meta":"","adv-header-id-meta":"","stick-header-meta":"","header-above-stick-meta":"","header-main-stick-meta":"","header-below-stick-meta":"","astra-migrate-meta-layouts":"default","ast-page-background-enabled":"default","ast-page-background-meta":{"desktop":{"background-color":"var(--ast-global-color-4)","background-image":"","background-repeat":"repeat","background-position":"center center","background-size":"auto","background-attachment":"scroll","background-type":"","background-media":"","overlay-type":"","overlay-color":"","overlay-opacity":"","overlay-gradient":""},"tablet":{"background-color":"","background-image":"","background-repeat":"repeat","background-position":"center center","background-size":"auto","background-attachment":"scroll","background-type":"","background-media":"","overlay-type":"","overlay-color":"","overlay-opacity":"","overlay-gradient":""},"mobile":{"background-color":"","background-image":"","background-repeat":"repeat","background-position":"center center","background-size":"auto","background-attachment":"scroll","background-type":"","background-media":"","overlay-type":"","overlay-color":"","overlay-opacity":"","overlay-gradient":""}},"ast-content-background-meta":{"desktop":{"background-color":"var(--ast-global-color-5)","background-image":"","background-repeat":"repeat","background-position":"center center","background-size":"auto","background-attachment":"scroll","background-type":"","background-media":"","overlay-type":"","overlay-color":"","overlay-opacity":"","overlay-gradient":""},"tablet":{"background-color":"var(--ast-global-color-5)","background-image":"","background-repeat":"repeat","background-position":"center center","background-size":"auto","background-attachment":"scroll","background-type":"","background-media":"","overlay-type":"","overlay-color":"","overlay-opacity":"","overlay-gradient":""},"mobile":{"background-color":"var(--ast-global-color-5)","background-image":"","background-repeat":"repeat","background-position":"center center","background-size":"auto","background-attachment":"scroll","background-type":"","background-media":"","overlay-type":"","overlay-color":"","overlay-opacity":"","overlay-gradient":""}},"footnotes":""},"class_list":["post-221056","page","type-page","status-publish","hentry"],"yoast_head":"<!-- This site is optimized with the Yoast SEO Premium plugin v22.3 (Yoast SEO v27.3) - https:\/\/yoast.com\/product\/yoast-seo-premium-wordpress\/ -->\n<title>Privacy Policy - Moroccan Mosaic<\/title>\n<meta name=\"robots\" content=\"index, follow, max-snippet:-1, max-image-preview:large, max-video-preview:-1\" \/>\n<link rel=\"canonical\" href=\"https:\/\/moroccomosaic.com\/fr\/privacy-policy-2\/\" \/>\n<meta property=\"og:locale\" content=\"fr_FR\" \/>\n<meta property=\"og:type\" content=\"article\" \/>\n<meta property=\"og:title\" content=\"Privacy Policy - Moroccan Mosaic\" \/>\n<meta property=\"og:description\" content=\"Privacy Policy This Privacy Policy outlines how Moroccan Mosaic collects, uses, discloses, and protects the personal information of its users. [&hellip;]\" \/>\n<meta property=\"og:url\" content=\"https:\/\/moroccomosaic.com\/fr\/privacy-policy-2\/\" \/>\n<meta property=\"og:site_name\" content=\"Moroccan Mosaic\" \/>\n<meta property=\"article:publisher\" content=\"https:\/\/facebook.com\/moroccomosaic\" \/>\n<meta property=\"article:modified_time\" content=\"2025-08-12T02:22:50+00:00\" \/>\n<meta name=\"twitter:label1\" content=\"Dur\u00e9e de lecture estim\u00e9e\" \/>\n\t<meta name=\"twitter:data1\" content=\"1 minute\" \/>\n<script type=\"application\/ld+json\" class=\"yoast-schema-graph\">{\"@context\":\"https:\\\/\\\/schema.org\",\"@graph\":[{\"@type\":\"WebPage\",\"@id\":\"https:\\\/\\\/moroccomosaic.com\\\/privacy-policy-2\\\/\",\"url\":\"https:\\\/\\\/moroccomosaic.com\\\/privacy-policy-2\\\/\",\"name\":\"Privacy Policy - Moroccan Mosaic\",\"isPartOf\":{\"@id\":\"https:\\\/\\\/moroccomosaic.com\\\/#website\"},\"datePublished\":\"2025-08-12T02:19:46+00:00\",\"dateModified\":\"2025-08-12T02:22:50+00:00\",\"inLanguage\":\"fr-FR\",\"potentialAction\":[{\"@type\":\"ReadAction\",\"target\":[\"https:\\\/\\\/moroccomosaic.com\\\/privacy-policy-2\\\/\"]}]},{\"@type\":\"WebSite\",\"@id\":\"https:\\\/\\\/moroccomosaic.com\\\/#website\",\"url\":\"https:\\\/\\\/moroccomosaic.com\\\/\",\"name\":\"Moroccan Mosaic\",\"description\":\"Handcrafted Artistry from Morocco\",\"publisher\":{\"@id\":\"https:\\\/\\\/moroccomosaic.com\\\/#organization\"},\"potentialAction\":[{\"@type\":\"SearchAction\",\"target\":{\"@type\":\"EntryPoint\",\"urlTemplate\":\"https:\\\/\\\/moroccomosaic.com\\\/?s={search_term_string}\"},\"query-input\":{\"@type\":\"PropertyValueSpecification\",\"valueRequired\":true,\"valueName\":\"search_term_string\"}}],\"inLanguage\":\"fr-FR\"},{\"@type\":\"Organization\",\"@id\":\"https:\\\/\\\/moroccomosaic.com\\\/#organization\",\"name\":\"Moroccan Mosaic\",\"url\":\"https:\\\/\\\/moroccomosaic.com\\\/\",\"logo\":{\"@type\":\"ImageObject\",\"inLanguage\":\"fr-FR\",\"@id\":\"https:\\\/\\\/moroccomosaic.com\\\/#\\\/schema\\\/logo\\\/image\\\/\",\"url\":\"https:\\\/\\\/moroccomosaic.com\\\/wp-content\\\/uploads\\\/2023\\\/09\\\/Maroccan-Mosaic-jpg-RGB.jpg\",\"contentUrl\":\"https:\\\/\\\/moroccomosaic.com\\\/wp-content\\\/uploads\\\/2023\\\/09\\\/Maroccan-Mosaic-jpg-RGB.jpg\",\"width\":2399,\"height\":865,\"caption\":\"Moroccan Mosaic\"},\"image\":{\"@id\":\"https:\\\/\\\/moroccomosaic.com\\\/#\\\/schema\\\/logo\\\/image\\\/\"},\"sameAs\":[\"https:\\\/\\\/facebook.com\\\/moroccomosaic\",\"https:\\\/\\\/www.instagram.com\\\/moroccan.mosaic\"]}]}<\/script>\n<!-- \/ Yoast SEO Premium plugin. -->","yoast_head_json":{"title":"Privacy Policy - Moroccan Mosaic","robots":{"index":"index","follow":"follow","max-snippet":"max-snippet:-1","max-image-preview":"max-image-preview:large","max-video-preview":"max-video-preview:-1"},"canonical":"https:\/\/moroccomosaic.com\/fr\/privacy-policy-2\/","og_locale":"fr_FR","og_type":"article","og_title":"Privacy Policy - Moroccan Mosaic","og_description":"Privacy Policy This Privacy Policy outlines how Moroccan Mosaic collects, uses, discloses, and protects the personal information of its users. [&hellip;]","og_url":"https:\/\/moroccomosaic.com\/fr\/privacy-policy-2\/","og_site_name":"Moroccan Mosaic","article_publisher":"https:\/\/facebook.com\/moroccomosaic","article_modified_time":"2025-08-12T02:22:50+00:00","twitter_misc":{"Dur\u00e9e de lecture estim\u00e9e":"1 minute"},"schema":{"@context":"https:\/\/schema.org","@graph":[{"@type":"WebPage","@id":"https:\/\/moroccomosaic.com\/privacy-policy-2\/","url":"https:\/\/moroccomosaic.com\/privacy-policy-2\/","name":"Privacy Policy - Moroccan Mosaic","isPartOf":{"@id":"https:\/\/moroccomosaic.com\/#website"},"datePublished":"2025-08-12T02:19:46+00:00","dateModified":"2025-08-12T02:22:50+00:00","inLanguage":"fr-FR","potentialAction":[{"@type":"ReadAction","target":["https:\/\/moroccomosaic.com\/privacy-policy-2\/"]}]},{"@type":"WebSite","@id":"https:\/\/moroccomosaic.com\/#website","url":"https:\/\/moroccomosaic.com\/","name":"Moroccan Mosaic","description":"Handcrafted Artistry from Morocco","publisher":{"@id":"https:\/\/moroccomosaic.com\/#organization"},"potentialAction":[{"@type":"SearchAction","target":{"@type":"EntryPoint","urlTemplate":"https:\/\/moroccomosaic.com\/?s={search_term_string}"},"query-input":{"@type":"PropertyValueSpecification","valueRequired":true,"valueName":"search_term_string"}}],"inLanguage":"fr-FR"},{"@type":"Organization","@id":"https:\/\/moroccomosaic.com\/#organization","name":"Moroccan Mosaic","url":"https:\/\/moroccomosaic.com\/","logo":{"@type":"ImageObject","inLanguage":"fr-FR","@id":"https:\/\/moroccomosaic.com\/#\/schema\/logo\/image\/","url":"https:\/\/moroccomosaic.com\/wp-content\/uploads\/2023\/09\/Maroccan-Mosaic-jpg-RGB.jpg","contentUrl":"https:\/\/moroccomosaic.com\/wp-content\/uploads\/2023\/09\/Maroccan-Mosaic-jpg-RGB.jpg","width":2399,"height":865,"caption":"Moroccan Mosaic"},"image":{"@id":"https:\/\/moroccomosaic.com\/#\/schema\/logo\/image\/"},"sameAs":["https:\/\/facebook.com\/moroccomosaic","https:\/\/www.instagram.com\/moroccan.mosaic"]}]}},"_links":{"self":[{"href":"https:\/\/moroccomosaic.com\/fr\/wp-json\/wp\/v2\/pages\/221056","targetHints":{"allow":["GET"]}}],"collection":[{"href":"https:\/\/moroccomosaic.com\/fr\/wp-json\/wp\/v2\/pages"}],"about":[{"href":"https:\/\/moroccomosaic.com\/fr\/wp-json\/wp\/v2\/types\/page"}],"author":[{"embeddable":true,"href":"https:\/\/moroccomosaic.com\/fr\/wp-json\/wp\/v2\/users\/165"}],"replies":[{"embeddable":true,"href":"https:\/\/moroccomosaic.com\/fr\/wp-json\/wp\/v2\/comments?post=221056"}],"version-history":[{"count":4,"href":"https:\/\/moroccomosaic.com\/fr\/wp-json\/wp\/v2\/pages\/221056\/revisions"}],"predecessor-version":[{"id":221060,"href":"https:\/\/moroccomosaic.com\/fr\/wp-json\/wp\/v2\/pages\/221056\/revisions\/221060"}],"wp:attachment":[{"href":"https:\/\/moroccomosaic.com\/fr\/wp-json\/wp\/v2\/media?parent=221056"}],"curies":[{"name":"wp","href":"https:\/\/api.w.org\/{rel}","templated":true}]}}