{"id":216756,"date":"2023-12-13T11:03:06","date_gmt":"2023-12-13T10:03:06","guid":{"rendered":"https:\/\/moroccomosaic.com\/?post_type=product&#038;p=216756"},"modified":"2025-04-24T15:29:05","modified_gmt":"2025-04-24T12:29:05","slug":"handmade-moroccan-cactus-silk-rug","status":"publish","type":"product","link":"https:\/\/moroccomosaic.com\/fr\/produit\/handmade-moroccan-cactus-silk-rug\/","title":{"rendered":"Tapis Noir Cactus Silk Bohoberber"},"content":{"rendered":"<h5 style=\"padding-left: 40px;\"><strong>\u21d2 Qu'est-ce que notre tapis Sabra \/ Cactus Silk ?<\/strong><\/h5>\n<p class=\"translation-block\">Tapis marocain en soie de cactus tiss\u00e9 \u00e0 la main \u00e0 100 %, fabriqu\u00e9 par des artisans berb\u00e8res dans les montagnes de l'Atlas au Maroc. Ces artisans qualifi\u00e9s mettent plus d'une semaine \u00e0 tisser un tapis. Un artisanat transmis de g\u00e9n\u00e9ration en g\u00e9n\u00e9ration. Tiss\u00e9 sur des m\u00e9tiers \u00e0 tisser droits en bois \u00e0 l'aide de fils teints \u00e0 la main, avec des couleurs et des textures entrelac\u00e9es qui lui conf\u00e8rent un aspect unique.<\/p>\n<p class=\"translation-block\">Ce tapis pr\u00e9sente des symboles traditionnels <a href=\"https:\/\/moroccomosaic.com\/fr\/produit\/handwoven-woolen-pillow\/?v=c562607189d7\" target=\"_self\">tribaux<\/a> qui sont populaires dans la r\u00e9gion o\u00f9 il a \u00e9t\u00e9 fabriqu\u00e9. Apr\u00e8s le tissage, le tapis est lav\u00e9 et s\u00e9ch\u00e9 au soleil pour obtenir son caract\u00e8re unique et bruni.<\/p>\n<h5 style=\"padding-left: 40px;\"><strong>\u21d2 Sp\u00e9cifications :<\/strong><\/h5>\n<ul>\n<li class=\"translation-block\">Tiss\u00e9 \u00e0 la main sur des m\u00e9tiers traditionnels par une <a href=\"\/fr\/\u00ab\/\" target=\"\u00ab\">coop\u00e9rative marocaine de femmes<\/a>,<\/li>\n<li>Condition : Tapis neuf, nettoy\u00e9 et inspect\u00e9,<\/li>\n<li>Dimensions : 225 cm x 140 cm sans les franges :<\/li>\n<li class=\"translation-block\">Entretien : Nous recommandons le nettoyage \u00e0 sec, EVITER LE CONTACT AVEC L'EAU, et ne pas faire de nettoyage localis\u00e9.<\/li>\n<li class=\"translation-block\">Recommandation : Nous recommandons d'utiliser un tapis en caoutchouc sous le tapis pour \u00e9viter qu'il ne glisse.<\/li>\n<\/ul>\n<h5 style=\"padding-left: 40px;\"><strong>\u21d2 Caract\u00e9ristiques de notre tapis :<\/strong><\/h5>\n<ul>\n<li>Une sensation de luxe : la texture lisse rend la marche pieds nus sur le tapis si agr\u00e9able et relaxante,<\/li>\n<li>Versatility: you can use this rug in the living room, bedroom, kids&#8217; room, or even office,<\/li>\n<li>Design assorti : ce tapis peut s'adapter \u00e0 tout type de style de maison : moderne, boh\u00e8me, traditionnel, ou m\u00eame dans les maisons mobiles.<\/li>\n<li>Gift idea: you can offer this rug as a gift on several occasions; housewarming, wedding, birthday&#8230;<\/li>\n<li class=\"translation-block\">Durabilit\u00e9 : nos tapis sont fabriqu\u00e9s \u00e0 la main avec amour et soin \u00e0 l'aide de mat\u00e9riaux de haute qualit\u00e9, ce qui les rend durables pour un usage quotidien.<\/li>\n<\/ul>\n<p class=\"translation-block\"><strong>En achetant ce produit, vous aidez non seulement notre petite entreprise, mais vous participez \u00e9galement \u00e0 une bonne cause humanitaire que nous nous effor\u00e7ons de poursuivre avec nos <a href=\"\/fr\/\u00ab\/\" target=\"\u00ab\">artisans locaux<\/a>.<\/strong><\/p>","protected":false},"excerpt":{"rendered":"<div class=\"wt-ml-xs-1\"><a href=\"https:\/\/mlwr8opfwblo.i.optimole.com\/w:auto\/h:auto\/q:mauto\/f:best\/https:\/\/moroccomosaic.com\/wp-content\/uploads\/2023\/11\/Handmade-icon.png\"><img decoding=\"async\" class=\"alignnone wp-image-215984\" src=\"https:\/\/mlwr8opfwblo.i.optimole.com\/w:30\/h:30\/q:mauto\/f:best\/https:\/\/moroccomosaic.com\/wp-content\/uploads\/2023\/11\/Handmade-icon.png\" sizes=\"(max-width: 30px) 100vw, 30px\" srcset=\"https:\/\/moroccomosaic.com\/wp-content\/uploads\/2023\/11\/Handmade-icon.png 512w, https:\/\/moroccomosaic.com\/wp-content\/uploads\/2023\/11\/Handmade-icon-100x100.png 100w, https:\/\/moroccomosaic.com\/wp-content\/uploads\/2023\/11\/Handmade-icon-64x64.png 64w, https:\/\/moroccomosaic.com\/wp-content\/uploads\/2023\/11\/Handmade-icon-400x400.png 400w, https:\/\/moroccomosaic.com\/wp-content\/uploads\/2023\/11\/Handmade-icon-300x300.png 300w, https:\/\/moroccomosaic.com\/wp-content\/uploads\/2023\/11\/Handmade-icon-150x150.png 150w, https:\/\/moroccomosaic.com\/wp-content\/uploads\/2023\/11\/Handmade-icon-480x480.png 480w\" alt=\"\" width=\"30\" height=\"30\" data-opt-src=\"https:\/\/mlwr8opfwblo.i.optimole.com\/w:30\/h:30\/q:mauto\/f:best\/https:\/\/moroccomosaic.com\/wp-content\/uploads\/2023\/11\/Handmade-icon.png\" data-opt-lazy-loaded=\"true\" data-opt-optimized-width=\"30\" data-opt-optimized-height=\"30\" \/><\/a>Fait \u00e0 La Main<\/div>\n<div class=\"wt-ml-xs-1\">\u00a0\u00a0<img decoding=\"async\" class=\"alignnone wp-image-215985\" src=\"https:\/\/mlwr8opfwblo.i.optimole.com\/w:18\/h:18\/q:mauto\/f:best\/https:\/\/moroccomosaic.com\/wp-content\/uploads\/2023\/11\/ball-of-wool.png\" sizes=\"(max-width: 18px) 100vw, 18px\" srcset=\"https:\/\/moroccomosaic.com\/wp-content\/uploads\/2023\/11\/ball-of-wool.png 512w, https:\/\/moroccomosaic.com\/wp-content\/uploads\/2023\/11\/ball-of-wool-100x100.png 100w, https:\/\/moroccomosaic.com\/wp-content\/uploads\/2023\/11\/ball-of-wool-64x64.png 64w, https:\/\/moroccomosaic.com\/wp-content\/uploads\/2023\/11\/ball-of-wool-400x400.png 400w, https:\/\/moroccomosaic.com\/wp-content\/uploads\/2023\/11\/ball-of-wool-300x300.png 300w, https:\/\/moroccomosaic.com\/wp-content\/uploads\/2023\/11\/ball-of-wool-150x150.png 150w, https:\/\/moroccomosaic.com\/wp-content\/uploads\/2023\/11\/ball-of-wool-480x480.png 480w\" alt=\"\" width=\"18\" height=\"18\" data-opt-src=\"https:\/\/mlwr8opfwblo.i.optimole.com\/w:18\/h:18\/q:mauto\/f:best\/https:\/\/moroccomosaic.com\/wp-content\/uploads\/2023\/11\/ball-of-wool.png\" data-opt-lazy-loaded=\"true\" data-opt-optimized-width=\"18\" data-opt-optimized-height=\"18\" \/>\u00a0Mati\u00e8re : Sabra \/ Soie de Cactus<\/div>\n<div class=\"wt-ml-xs-1\">\u00a0\u00a0<a href=\"https:\/\/mlwr8opfwblo.i.optimole.com\/w:auto\/h:auto\/q:mauto\/f:best\/https:\/\/moroccomosaic.com\/wp-content\/uploads\/2023\/11\/ruler.png\"><img decoding=\"async\" class=\"alignnone wp-image-215993\" src=\"https:\/\/mlwr8opfwblo.i.optimole.com\/w:19\/h:19\/q:mauto\/f:best\/https:\/\/moroccomosaic.com\/wp-content\/uploads\/2023\/11\/ruler.png\" sizes=\"(max-width: 19px) 100vw, 19px\" srcset=\"https:\/\/moroccomosaic.com\/wp-content\/uploads\/2023\/11\/ruler.png 512w, https:\/\/moroccomosaic.com\/wp-content\/uploads\/2023\/11\/ruler-100x100.png 100w, https:\/\/moroccomosaic.com\/wp-content\/uploads\/2023\/11\/ruler-64x64.png 64w, https:\/\/moroccomosaic.com\/wp-content\/uploads\/2023\/11\/ruler-400x400.png 400w, https:\/\/moroccomosaic.com\/wp-content\/uploads\/2023\/11\/ruler-300x300.png 300w, https:\/\/moroccomosaic.com\/wp-content\/uploads\/2023\/11\/ruler-150x150.png 150w, https:\/\/moroccomosaic.com\/wp-content\/uploads\/2023\/11\/ruler-480x480.png 480w\" alt=\"\" width=\"19\" height=\"19\" data-opt-src=\"https:\/\/mlwr8opfwblo.i.optimole.com\/w:19\/h:19\/q:mauto\/f:best\/https:\/\/moroccomosaic.com\/wp-content\/uploads\/2023\/11\/ruler.png\" data-opt-lazy-loaded=\"true\" data-opt-optimized-width=\"19\" data-opt-optimized-height=\"19\" \/><\/a> Dimensions : 225 cm x 140 cm<\/div>\n<div>\u00a0 <a href=\"https:\/\/moroccomosaic.com\/wp-content\/uploads\/2023\/11\/product.png?v=c562607189d7\"><img loading=\"lazy\" decoding=\"async\" class=\"alignnone wp-image-217787\" src=\"https:\/\/moroccomosaic.com\/wp-content\/uploads\/2023\/11\/product-300x300.png\" alt=\"\" width=\"20\" height=\"20\" srcset=\"https:\/\/moroccomosaic.com\/wp-content\/uploads\/2023\/11\/product-300x300.png 300w, https:\/\/moroccomosaic.com\/wp-content\/uploads\/2023\/11\/product-100x100.png 100w, https:\/\/moroccomosaic.com\/wp-content\/uploads\/2023\/11\/product-12x12.png 12w, https:\/\/moroccomosaic.com\/wp-content\/uploads\/2023\/11\/product-480x480.png 480w, https:\/\/moroccomosaic.com\/wp-content\/uploads\/2023\/11\/product-64x64.png 64w, https:\/\/moroccomosaic.com\/wp-content\/uploads\/2023\/11\/product.png 512w\" sizes=\"(max-width: 20px) 100vw, 20px\" \/><\/a>\u00a0 Disponibilit\u00e9 : Le produit est disponible dans notre entrep\u00f4t en Lituanie<\/div>\n<div><\/div>\n<div>\n<div><strong>\u00c0 Noter :<\/strong>\u00a0Nos produits \u00e9tant fabriqu\u00e9s \u00e0 la main, ils peuvent pr\u00e9senter de l\u00e9g\u00e8res imperfections au niveau du tissage, du motif ou de la forme, ce qui ajoute \u00e0 leur caract\u00e8re unique et \u00e0 leur beaut\u00e9.<\/div>\n<\/div>\n<div>\n<div><strong>l'Aspect du Produit: <\/strong>Veuillez noter que des variations de couleur, de texture et d'autres caract\u00e9ristiques mineures peuvent se produire entre les images des produits affich\u00e9es sur notre boutique en ligne et les articles r\u00e9ellement re\u00e7us. Ces diff\u00e9rences peuvent \u00eatre attribu\u00e9es \u00e0 des facteurs tels que les r\u00e9glages de l'\u00e9cran, les conditions d'\u00e9clairage et les processus de fabrication.<\/div>\n<\/div>","protected":false},"featured_media":218857,"comment_status":"open","ping_status":"closed","template":"","meta":{"content-type":"","site-sidebar-layout":"default","site-content-layout":"","ast-site-content-layout":"default","site-content-style":"default","site-sidebar-style":"default","ast-global-header-display":"","ast-banner-title-visibility":"","ast-main-header-display":"","ast-hfb-above-header-display":"","ast-hfb-below-header-display":"","ast-hfb-mobile-header-display":"","site-post-title":"","ast-breadcrumbs-content":"","ast-featured-img":"","footer-sml-layout":"","ast-disable-related-posts":"","theme-transparent-header-meta":"","adv-header-id-meta":"","stick-header-meta":"","header-above-stick-meta":"","header-main-stick-meta":"","header-below-stick-meta":"","astra-migrate-meta-layouts":"default","ast-page-background-enabled":"default","ast-page-background-meta":{"desktop":{"background-color":"var(--ast-global-color-4)","background-image":"","background-repeat":"repeat","background-position":"center center","background-size":"auto","background-attachment":"scroll","background-type":"","background-media":"","overlay-type":"","overlay-color":"","overlay-opacity":"","overlay-gradient":""},"tablet":{"background-color":"","background-image":"","background-repeat":"repeat","background-position":"center center","background-size":"auto","background-attachment":"scroll","background-type":"","background-media":"","overlay-type":"","overlay-color":"","overlay-opacity":"","overlay-gradient":""},"mobile":{"background-color":"","background-image":"","background-repeat":"repeat","background-position":"center center","background-size":"auto","background-attachment":"scroll","background-type":"","background-media":"","overlay-type":"","overlay-color":"","overlay-opacity":"","overlay-gradient":""}},"ast-content-background-meta":{"desktop":{"background-color":"var(--ast-global-color-5)","background-image":"","background-repeat":"repeat","background-position":"center center","background-size":"auto","background-attachment":"scroll","background-type":"","background-media":"","overlay-type":"","overlay-color":"","overlay-opacity":"","overlay-gradient":""},"tablet":{"background-color":"var(--ast-global-color-5)","background-image":"","background-repeat":"repeat","background-position":"center center","background-size":"auto","background-attachment":"scroll","background-type":"","background-media":"","overlay-type":"","overlay-color":"","overlay-opacity":"","overlay-gradient":""},"mobile":{"background-color":"var(--ast-global-color-5)","background-image":"","background-repeat":"repeat","background-position":"center center","background-size":"auto","background-attachment":"scroll","background-type":"","background-media":"","overlay-type":"","overlay-color":"","overlay-opacity":"","overlay-gradient":""}}},"product_brand":[],"product_cat":[41],"product_tag":[],"class_list":{"0":"post-216756","1":"product","2":"type-product","3":"status-publish","4":"has-post-thumbnail","6":"product_cat-rugs","7":"desktop-align-left","8":"tablet-align-left","9":"mobile-align-left","11":"first","12":"outofstock","13":"shipping-taxable","14":"purchasable","15":"product-type-simple"},"yoast_head":"<!-- This site is optimized with the Yoast SEO Premium plugin v22.3 (Yoast SEO v27.3) - https:\/\/yoast.com\/product\/yoast-seo-premium-wordpress\/ -->\n<title>Handmade Moroccan Cactus silk Rug - Moroccan Mosaic<\/title>\n<meta name=\"description\" content=\"handmade Moroccan cactus silk rug, made by Berber artisans at home in the Atlas Mountains of Morocco, woven on straight wooden looms using hand-dyed yarns.\" \/>\n<meta name=\"robots\" content=\"index, follow, max-snippet:-1, max-image-preview:large, max-video-preview:-1\" \/>\n<link rel=\"canonical\" href=\"https:\/\/moroccomosaic.com\/fr\/produit\/handmade-moroccan-cactus-silk-rug\/\" \/>\n<meta property=\"og:locale\" content=\"fr_FR\" \/>\n<meta property=\"og:type\" content=\"article\" \/>\n<meta property=\"og:title\" content=\"Cactus Silk Bohoberber Black Rug\" \/>\n<meta property=\"og:description\" content=\"handmade Moroccan cactus silk rug, made by Berber artisans at home in the Atlas Mountains of Morocco, woven on straight wooden looms using hand-dyed yarns.\" \/>\n<meta property=\"og:url\" content=\"https:\/\/moroccomosaic.com\/fr\/produit\/handmade-moroccan-cactus-silk-rug\/\" \/>\n<meta property=\"og:site_name\" content=\"Moroccan Mosaic\" \/>\n<meta property=\"article:publisher\" content=\"https:\/\/facebook.com\/moroccomosaic\" \/>\n<meta property=\"article:modified_time\" content=\"2025-04-24T12:29:05+00:00\" \/>\n<meta property=\"og:image\" content=\"https:\/\/moroccomosaic.com\/wp-content\/uploads\/2023\/12\/Sold-out-2-3.jpg\" \/>\n\t<meta property=\"og:image:width\" content=\"1000\" \/>\n\t<meta property=\"og:image:height\" content=\"1000\" \/>\n\t<meta property=\"og:image:type\" content=\"image\/jpeg\" \/>\n<meta name=\"twitter:label1\" content=\"Dur\u00e9e de lecture estim\u00e9e\" \/>\n\t<meta name=\"twitter:data1\" content=\"2 minutes\" \/>\n<script type=\"application\/ld+json\" class=\"yoast-schema-graph\">{\"@context\":\"https:\\\/\\\/schema.org\",\"@graph\":[{\"@type\":\"WebPage\",\"@id\":\"https:\\\/\\\/moroccomosaic.com\\\/product\\\/handmade-moroccan-cactus-silk-rug\\\/\",\"url\":\"https:\\\/\\\/moroccomosaic.com\\\/product\\\/handmade-moroccan-cactus-silk-rug\\\/\",\"name\":\"Handmade Moroccan Cactus silk Rug - Moroccan Mosaic\",\"isPartOf\":{\"@id\":\"https:\\\/\\\/moroccomosaic.com\\\/#website\"},\"primaryImageOfPage\":{\"@id\":\"https:\\\/\\\/moroccomosaic.com\\\/product\\\/handmade-moroccan-cactus-silk-rug\\\/#primaryimage\"},\"image\":{\"@id\":\"https:\\\/\\\/moroccomosaic.com\\\/product\\\/handmade-moroccan-cactus-silk-rug\\\/#primaryimage\"},\"thumbnailUrl\":\"https:\\\/\\\/moroccomosaic.com\\\/wp-content\\\/uploads\\\/2023\\\/12\\\/Sold-out-2-3.jpg\",\"datePublished\":\"2023-12-13T10:03:06+00:00\",\"dateModified\":\"2025-04-24T12:29:05+00:00\",\"description\":\"handmade Moroccan cactus silk rug, made by Berber artisans at home in the Atlas Mountains of Morocco, woven on straight wooden looms using hand-dyed yarns.\",\"breadcrumb\":{\"@id\":\"https:\\\/\\\/moroccomosaic.com\\\/product\\\/handmade-moroccan-cactus-silk-rug\\\/#breadcrumb\"},\"inLanguage\":\"fr-FR\",\"potentialAction\":[{\"@type\":\"ReadAction\",\"target\":[\"https:\\\/\\\/moroccomosaic.com\\\/product\\\/handmade-moroccan-cactus-silk-rug\\\/\"]}]},{\"@type\":\"ImageObject\",\"inLanguage\":\"fr-FR\",\"@id\":\"https:\\\/\\\/moroccomosaic.com\\\/product\\\/handmade-moroccan-cactus-silk-rug\\\/#primaryimage\",\"url\":\"https:\\\/\\\/moroccomosaic.com\\\/wp-content\\\/uploads\\\/2023\\\/12\\\/Sold-out-2-3.jpg\",\"contentUrl\":\"https:\\\/\\\/moroccomosaic.com\\\/wp-content\\\/uploads\\\/2023\\\/12\\\/Sold-out-2-3.jpg\",\"width\":1000,\"height\":1000},{\"@type\":\"BreadcrumbList\",\"@id\":\"https:\\\/\\\/moroccomosaic.com\\\/product\\\/handmade-moroccan-cactus-silk-rug\\\/#breadcrumb\",\"itemListElement\":[{\"@type\":\"ListItem\",\"position\":1,\"name\":\"Shop\",\"item\":\"https:\\\/\\\/moroccomosaic.com\\\/shop\\\/\"},{\"@type\":\"ListItem\",\"position\":2,\"name\":\"Cactus Silk Bohoberber Black Rug\"}]},{\"@type\":\"WebSite\",\"@id\":\"https:\\\/\\\/moroccomosaic.com\\\/#website\",\"url\":\"https:\\\/\\\/moroccomosaic.com\\\/\",\"name\":\"Moroccan Mosaic\",\"description\":\"Handcrafted Artistry from Morocco\",\"publisher\":{\"@id\":\"https:\\\/\\\/moroccomosaic.com\\\/#organization\"},\"potentialAction\":[{\"@type\":\"SearchAction\",\"target\":{\"@type\":\"EntryPoint\",\"urlTemplate\":\"https:\\\/\\\/moroccomosaic.com\\\/?s={search_term_string}\"},\"query-input\":{\"@type\":\"PropertyValueSpecification\",\"valueRequired\":true,\"valueName\":\"search_term_string\"}}],\"inLanguage\":\"fr-FR\"},{\"@type\":\"Organization\",\"@id\":\"https:\\\/\\\/moroccomosaic.com\\\/#organization\",\"name\":\"Moroccan Mosaic\",\"url\":\"https:\\\/\\\/moroccomosaic.com\\\/\",\"logo\":{\"@type\":\"ImageObject\",\"inLanguage\":\"fr-FR\",\"@id\":\"https:\\\/\\\/moroccomosaic.com\\\/#\\\/schema\\\/logo\\\/image\\\/\",\"url\":\"https:\\\/\\\/moroccomosaic.com\\\/wp-content\\\/uploads\\\/2023\\\/09\\\/Maroccan-Mosaic-jpg-RGB.jpg\",\"contentUrl\":\"https:\\\/\\\/moroccomosaic.com\\\/wp-content\\\/uploads\\\/2023\\\/09\\\/Maroccan-Mosaic-jpg-RGB.jpg\",\"width\":2399,\"height\":865,\"caption\":\"Moroccan Mosaic\"},\"image\":{\"@id\":\"https:\\\/\\\/moroccomosaic.com\\\/#\\\/schema\\\/logo\\\/image\\\/\"},\"sameAs\":[\"https:\\\/\\\/facebook.com\\\/moroccomosaic\",\"https:\\\/\\\/www.instagram.com\\\/moroccan.mosaic\"]}]}<\/script>\n<!-- \/ Yoast SEO Premium plugin. -->","yoast_head_json":{"title":"Handmade Moroccan Cactus silk Rug - Moroccan Mosaic","description":"handmade Moroccan cactus silk rug, made by Berber artisans at home in the Atlas Mountains of Morocco, woven on straight wooden looms using hand-dyed yarns.","robots":{"index":"index","follow":"follow","max-snippet":"max-snippet:-1","max-image-preview":"max-image-preview:large","max-video-preview":"max-video-preview:-1"},"canonical":"https:\/\/moroccomosaic.com\/fr\/produit\/handmade-moroccan-cactus-silk-rug\/","og_locale":"fr_FR","og_type":"article","og_title":"Cactus Silk Bohoberber Black Rug","og_description":"handmade Moroccan cactus silk rug, made by Berber artisans at home in the Atlas Mountains of Morocco, woven on straight wooden looms using hand-dyed yarns.","og_url":"https:\/\/moroccomosaic.com\/fr\/produit\/handmade-moroccan-cactus-silk-rug\/","og_site_name":"Moroccan Mosaic","article_publisher":"https:\/\/facebook.com\/moroccomosaic","article_modified_time":"2025-04-24T12:29:05+00:00","og_image":[{"width":1000,"height":1000,"url":"https:\/\/moroccomosaic.com\/wp-content\/uploads\/2023\/12\/Sold-out-2-3.jpg","type":"image\/jpeg"}],"twitter_misc":{"Dur\u00e9e de lecture estim\u00e9e":"2 minutes"},"schema":{"@context":"https:\/\/schema.org","@graph":[{"@type":"WebPage","@id":"https:\/\/moroccomosaic.com\/product\/handmade-moroccan-cactus-silk-rug\/","url":"https:\/\/moroccomosaic.com\/product\/handmade-moroccan-cactus-silk-rug\/","name":"Handmade Moroccan Cactus silk Rug - Moroccan Mosaic","isPartOf":{"@id":"https:\/\/moroccomosaic.com\/#website"},"primaryImageOfPage":{"@id":"https:\/\/moroccomosaic.com\/product\/handmade-moroccan-cactus-silk-rug\/#primaryimage"},"image":{"@id":"https:\/\/moroccomosaic.com\/product\/handmade-moroccan-cactus-silk-rug\/#primaryimage"},"thumbnailUrl":"https:\/\/moroccomosaic.com\/wp-content\/uploads\/2023\/12\/Sold-out-2-3.jpg","datePublished":"2023-12-13T10:03:06+00:00","dateModified":"2025-04-24T12:29:05+00:00","description":"handmade Moroccan cactus silk rug, made by Berber artisans at home in the Atlas Mountains of Morocco, woven on straight wooden looms using hand-dyed yarns.","breadcrumb":{"@id":"https:\/\/moroccomosaic.com\/product\/handmade-moroccan-cactus-silk-rug\/#breadcrumb"},"inLanguage":"fr-FR","potentialAction":[{"@type":"ReadAction","target":["https:\/\/moroccomosaic.com\/product\/handmade-moroccan-cactus-silk-rug\/"]}]},{"@type":"ImageObject","inLanguage":"fr-FR","@id":"https:\/\/moroccomosaic.com\/product\/handmade-moroccan-cactus-silk-rug\/#primaryimage","url":"https:\/\/moroccomosaic.com\/wp-content\/uploads\/2023\/12\/Sold-out-2-3.jpg","contentUrl":"https:\/\/moroccomosaic.com\/wp-content\/uploads\/2023\/12\/Sold-out-2-3.jpg","width":1000,"height":1000},{"@type":"BreadcrumbList","@id":"https:\/\/moroccomosaic.com\/product\/handmade-moroccan-cactus-silk-rug\/#breadcrumb","itemListElement":[{"@type":"ListItem","position":1,"name":"Shop","item":"https:\/\/moroccomosaic.com\/shop\/"},{"@type":"ListItem","position":2,"name":"Cactus Silk Bohoberber Black Rug"}]},{"@type":"WebSite","@id":"https:\/\/moroccomosaic.com\/#website","url":"https:\/\/moroccomosaic.com\/","name":"Moroccan Mosaic","description":"Handcrafted Artistry from Morocco","publisher":{"@id":"https:\/\/moroccomosaic.com\/#organization"},"potentialAction":[{"@type":"SearchAction","target":{"@type":"EntryPoint","urlTemplate":"https:\/\/moroccomosaic.com\/?s={search_term_string}"},"query-input":{"@type":"PropertyValueSpecification","valueRequired":true,"valueName":"search_term_string"}}],"inLanguage":"fr-FR"},{"@type":"Organization","@id":"https:\/\/moroccomosaic.com\/#organization","name":"Moroccan Mosaic","url":"https:\/\/moroccomosaic.com\/","logo":{"@type":"ImageObject","inLanguage":"fr-FR","@id":"https:\/\/moroccomosaic.com\/#\/schema\/logo\/image\/","url":"https:\/\/moroccomosaic.com\/wp-content\/uploads\/2023\/09\/Maroccan-Mosaic-jpg-RGB.jpg","contentUrl":"https:\/\/moroccomosaic.com\/wp-content\/uploads\/2023\/09\/Maroccan-Mosaic-jpg-RGB.jpg","width":2399,"height":865,"caption":"Moroccan Mosaic"},"image":{"@id":"https:\/\/moroccomosaic.com\/#\/schema\/logo\/image\/"},"sameAs":["https:\/\/facebook.com\/moroccomosaic","https:\/\/www.instagram.com\/moroccan.mosaic"]}]}},"_links":{"self":[{"href":"https:\/\/moroccomosaic.com\/fr\/wp-json\/wp\/v2\/product\/216756","targetHints":{"allow":["GET"]}}],"collection":[{"href":"https:\/\/moroccomosaic.com\/fr\/wp-json\/wp\/v2\/product"}],"about":[{"href":"https:\/\/moroccomosaic.com\/fr\/wp-json\/wp\/v2\/types\/product"}],"replies":[{"embeddable":true,"href":"https:\/\/moroccomosaic.com\/fr\/wp-json\/wp\/v2\/comments?post=216756"}],"wp:featuredmedia":[{"embeddable":true,"href":"https:\/\/moroccomosaic.com\/fr\/wp-json\/wp\/v2\/media\/218857"}],"wp:attachment":[{"href":"https:\/\/moroccomosaic.com\/fr\/wp-json\/wp\/v2\/media?parent=216756"}],"wp:term":[{"taxonomy":"product_brand","embeddable":true,"href":"https:\/\/moroccomosaic.com\/fr\/wp-json\/wp\/v2\/product_brand?post=216756"},{"taxonomy":"product_cat","embeddable":true,"href":"https:\/\/moroccomosaic.com\/fr\/wp-json\/wp\/v2\/product_cat?post=216756"},{"taxonomy":"product_tag","embeddable":true,"href":"https:\/\/moroccomosaic.com\/fr\/wp-json\/wp\/v2\/product_tag?post=216756"}],"curies":[{"name":"wp","href":"https:\/\/api.w.org\/{rel}","templated":true}]}}