{"id":217039,"date":"2024-01-07T19:27:38","date_gmt":"2024-01-07T16:27:38","guid":{"rendered":"https:\/\/moroccomosaic.com\/?post_type=product&#038;p=217039"},"modified":"2026-01-21T12:47:02","modified_gmt":"2026-01-21T09:47:02","slug":"handwoven-cotton-blanket-with-pom-poms","status":"publish","type":"product","link":"https:\/\/moroccomosaic.com\/fr\/produit\/handwoven-cotton-blanket-with-pom-poms\/","title":{"rendered":"Couverture Bordeaux"},"content":{"rendered":"<p class=\"translation-block\">Nous vous pr\u00e9sentons notre <a href=\"https:\/\/moroccomosaic.com\/fr\/comfort-and-charm-moroccan-handmade-blankets\/\" target=\"_self\">couverture \u00e0 pompon<\/a> en coton, fabriqu\u00e9e \u00e0 la main au Maroc. Une fusion d'\u00e9l\u00e9gance intemporelle et de charme boh\u00e8me. Fabriqu\u00e9es avec soin par des <a href=\"https:\/\/www.visitmorocco.com\/en\/discover-morocco\/traditional-craftsmanship-revisited\" target=\"_self\">artisans qualifi\u00e9s<\/a>, ces couvertures capturent l'essence de <a href=\"https:\/\/moroccomosaic.com\/fr\/the-beauty-of-moroccan-handicraft\/\" target=\"_self\">l'artisanat marocain<\/a>. Le tissage d'un coton doux et respirant s'inspire de la riche tapisserie de l'art et du design marocains.<\/p>\n<p>Les pompons, qui embellissent les bords, donnent \u00e0 ces couvertures un aspect joyeux. Il s'agissait traditionnellement d'une technique permettant d'arrondir l'exc\u00e9dent de fil lors du tissage. Cette technique a ensuite \u00e9volu\u00e9 pour devenir une d\u00e9coration esth\u00e9tique donnant cet aspect particulier \u00e0 la couverture marocaine.<\/p>\n<p>Draped as a cozy throw on your couch, they transform your living space into a haven of comfort and visual delight. This unique blanket can be used as a bedspread in the master or kids&#8217; bedroom. Perfect for chilly nights, stylish picnics outdoors, or as a chic statement piece.<\/p>\n<p>Handmade Moroccan cotton blankets make a perfect and unique gift for any occasion: birthday, wedding, housewarming party, gender reveal, baby shower&#8230;<\/p>\n<ul>\n<li>\n<h5><strong>Couleur et assortiment :<\/strong><\/h5>\n<\/li>\n<\/ul>\n<p>Le rouge grenat est une couleur riche et chaude qui se marie bien avec une vari\u00e9t\u00e9 d'options, en fonction de l'ambiance que vous souhaitez cr\u00e9er :<\/p>\n<ul>\n<li>Pour un look apaisant et \u00e9l\u00e9gant : associez-le \u00e0 <strong>beige<\/strong>, <strong>cr\u00e8me<\/strong>, ou <strong>gris clair<\/strong> parfait pour une chambre ou un salon.<\/li>\n<li>Pour une atmosph\u00e8re luxueuse et chic : associez-le \u00e0<strong> vert \u00e9meraude, bleu saphir, <\/strong>ou<strong> violet am\u00e9thyste.<\/strong><\/li>\n<li>Pour un look rustique : associez-le \u00e0 <strong>marron<\/strong>, <strong>couleur dor\u00e9e<\/strong>, ou <strong>vert olive<\/strong>.<\/li>\n<li>Pour un contraste audacieux et accrocheur : associez-le \u00e0 <strong>Teal<\/strong>, Great for a playful kid&#8217;s room or a beachy vibe.<\/li>\n<\/ul>\n<ul>\n<li>\n<h5><strong>Conseils d'entretien :<\/strong><\/h5>\n<p>While we recommend gentle hand washing, you can also wash it in the washing machine at 20 degrees. However, the pom poms&#8217; shaggy texture might shrink.<\/li>\n<\/ul>\n<p class=\"translation-block\"><strong>En achetant ce produit, vous aidez non seulement notre petite entreprise, mais vous participez \u00e9galement \u00e0 une bonne cause humanitaire que nous nous effor\u00e7ons de poursuivre avec nos <a href=\"\/fr\/\u00ab\/\" target=\"\u00ab\">artisans locaux<\/a>.<\/strong><\/p>","protected":false},"excerpt":{"rendered":"<div class=\"wt-ml-xs-1\"><a href=\"https:\/\/mlwr8opfwblo.i.optimole.com\/w:auto\/h:auto\/q:mauto\/f:best\/https:\/\/moroccomosaic.com\/wp-content\/uploads\/2023\/11\/Handmade-icon.png\"><img decoding=\"async\" class=\"alignnone wp-image-215984\" src=\"https:\/\/mlwr8opfwblo.i.optimole.com\/w:30\/h:30\/q:mauto\/f:best\/https:\/\/moroccomosaic.com\/wp-content\/uploads\/2023\/11\/Handmade-icon.png\" sizes=\"(max-width: 30px) 100vw, 30px\" srcset=\"https:\/\/moroccomosaic.com\/wp-content\/uploads\/2023\/11\/Handmade-icon.png 512w, https:\/\/moroccomosaic.com\/wp-content\/uploads\/2023\/11\/Handmade-icon-100x100.png 100w, https:\/\/moroccomosaic.com\/wp-content\/uploads\/2023\/11\/Handmade-icon-64x64.png 64w, https:\/\/moroccomosaic.com\/wp-content\/uploads\/2023\/11\/Handmade-icon-400x400.png 400w, https:\/\/moroccomosaic.com\/wp-content\/uploads\/2023\/11\/Handmade-icon-300x300.png 300w, https:\/\/moroccomosaic.com\/wp-content\/uploads\/2023\/11\/Handmade-icon-150x150.png 150w, https:\/\/moroccomosaic.com\/wp-content\/uploads\/2023\/11\/Handmade-icon-480x480.png 480w\" alt=\"\" width=\"30\" height=\"30\" data-opt-src=\"https:\/\/mlwr8opfwblo.i.optimole.com\/w:30\/h:30\/q:mauto\/f:best\/https:\/\/moroccomosaic.com\/wp-content\/uploads\/2023\/11\/Handmade-icon.png\" data-opt-lazy-loaded=\"true\" data-opt-optimized-width=\"30\" data-opt-optimized-height=\"30\" \/><\/a>Fait \u00e0 La Main<\/div>\n<div class=\"wt-ml-xs-1\">\u00a0\u00a0<img decoding=\"async\" class=\"alignnone wp-image-215985\" src=\"https:\/\/mlwr8opfwblo.i.optimole.com\/w:18\/h:18\/q:mauto\/f:best\/https:\/\/moroccomosaic.com\/wp-content\/uploads\/2023\/11\/ball-of-wool.png\" sizes=\"(max-width: 18px) 100vw, 18px\" srcset=\"https:\/\/moroccomosaic.com\/wp-content\/uploads\/2023\/11\/ball-of-wool.png 512w, https:\/\/moroccomosaic.com\/wp-content\/uploads\/2023\/11\/ball-of-wool-100x100.png 100w, https:\/\/moroccomosaic.com\/wp-content\/uploads\/2023\/11\/ball-of-wool-64x64.png 64w, https:\/\/moroccomosaic.com\/wp-content\/uploads\/2023\/11\/ball-of-wool-400x400.png 400w, https:\/\/moroccomosaic.com\/wp-content\/uploads\/2023\/11\/ball-of-wool-300x300.png 300w, https:\/\/moroccomosaic.com\/wp-content\/uploads\/2023\/11\/ball-of-wool-150x150.png 150w, https:\/\/moroccomosaic.com\/wp-content\/uploads\/2023\/11\/ball-of-wool-480x480.png 480w\" alt=\"\" width=\"18\" height=\"18\" data-opt-src=\"https:\/\/mlwr8opfwblo.i.optimole.com\/w:18\/h:18\/q:mauto\/f:best\/https:\/\/moroccomosaic.com\/wp-content\/uploads\/2023\/11\/ball-of-wool.png\" data-opt-lazy-loaded=\"true\" data-opt-optimized-width=\"18\" data-opt-optimized-height=\"18\" \/>\u00a0Mati\u00e8re : Coton<\/div>\n<div class=\"wt-ml-xs-1\">\u00a0\u00a0<a href=\"https:\/\/mlwr8opfwblo.i.optimole.com\/w:auto\/h:auto\/q:mauto\/f:best\/https:\/\/moroccomosaic.com\/wp-content\/uploads\/2023\/11\/ruler.png\"><img decoding=\"async\" class=\"alignnone wp-image-215993\" src=\"https:\/\/mlwr8opfwblo.i.optimole.com\/w:19\/h:19\/q:mauto\/f:best\/https:\/\/moroccomosaic.com\/wp-content\/uploads\/2023\/11\/ruler.png\" sizes=\"(max-width: 19px) 100vw, 19px\" srcset=\"https:\/\/moroccomosaic.com\/wp-content\/uploads\/2023\/11\/ruler.png 512w, https:\/\/moroccomosaic.com\/wp-content\/uploads\/2023\/11\/ruler-100x100.png 100w, https:\/\/moroccomosaic.com\/wp-content\/uploads\/2023\/11\/ruler-64x64.png 64w, https:\/\/moroccomosaic.com\/wp-content\/uploads\/2023\/11\/ruler-400x400.png 400w, https:\/\/moroccomosaic.com\/wp-content\/uploads\/2023\/11\/ruler-300x300.png 300w, https:\/\/moroccomosaic.com\/wp-content\/uploads\/2023\/11\/ruler-150x150.png 150w, https:\/\/moroccomosaic.com\/wp-content\/uploads\/2023\/11\/ruler-480x480.png 480w\" alt=\"\" width=\"19\" height=\"19\" data-opt-src=\"https:\/\/mlwr8opfwblo.i.optimole.com\/w:19\/h:19\/q:mauto\/f:best\/https:\/\/moroccomosaic.com\/wp-content\/uploads\/2023\/11\/ruler.png\" data-opt-lazy-loaded=\"true\" data-opt-optimized-width=\"19\" data-opt-optimized-height=\"19\" \/><\/a> Dimensions : 320 cm x 235 cm<\/div>\n<div>\u00a0<a href=\"https:\/\/moroccomosaic.com\/wp-content\/uploads\/2023\/11\/product.png\"><img loading=\"lazy\" decoding=\"async\" class=\"alignnone wp-image-217787\" src=\"https:\/\/moroccomosaic.com\/wp-content\/uploads\/2023\/11\/product-300x300.png\" alt=\"\" width=\"20\" height=\"20\" srcset=\"https:\/\/moroccomosaic.com\/wp-content\/uploads\/2023\/11\/product-300x300.png 300w, https:\/\/moroccomosaic.com\/wp-content\/uploads\/2023\/11\/product-100x100.png 100w, https:\/\/moroccomosaic.com\/wp-content\/uploads\/2023\/11\/product-12x12.png 12w, https:\/\/moroccomosaic.com\/wp-content\/uploads\/2023\/11\/product-480x480.png 480w, https:\/\/moroccomosaic.com\/wp-content\/uploads\/2023\/11\/product-64x64.png 64w, https:\/\/moroccomosaic.com\/wp-content\/uploads\/2023\/11\/product.png 512w\" sizes=\"(max-width: 20px) 100vw, 20px\" \/><\/a>\u00a0 Disponibilit\u00e9 : Le produit est disponible dans notre entrep\u00f4t en Lituanie<\/div>\n<div><\/div>\n<div>\n<div><strong>\u00c0 Noter :<\/strong> Nos produits \u00e9tant fabriqu\u00e9s \u00e0 la main, ils peuvent pr\u00e9senter de l\u00e9g\u00e8res imperfections au niveau du tissage, du motif ou de la forme, ce qui ajoute \u00e0 leur caract\u00e8re unique et \u00e0 leur beaut\u00e9.<\/div>\n<div><\/div>\n<div><strong>l'Aspect du Produit:<\/strong> Veuillez noter que des variations de couleur, de texture et d'autres caract\u00e9ristiques mineures peuvent se produire entre les images des produits affich\u00e9es sur notre boutique en ligne et les articles r\u00e9ellement re\u00e7us. Ces diff\u00e9rences peuvent \u00eatre attribu\u00e9es \u00e0 des facteurs tels que les r\u00e9glages de l'\u00e9cran, les conditions d'\u00e9clairage et les processus de fabrication.<\/div>\n<\/div>","protected":false},"featured_media":217040,"comment_status":"open","ping_status":"closed","template":"","meta":{"content-type":"","site-sidebar-layout":"default","site-content-layout":"","ast-site-content-layout":"default","site-content-style":"default","site-sidebar-style":"default","ast-global-header-display":"","ast-banner-title-visibility":"","ast-main-header-display":"","ast-hfb-above-header-display":"","ast-hfb-below-header-display":"","ast-hfb-mobile-header-display":"","site-post-title":"","ast-breadcrumbs-content":"","ast-featured-img":"","footer-sml-layout":"","ast-disable-related-posts":"","theme-transparent-header-meta":"default","adv-header-id-meta":"","stick-header-meta":"","header-above-stick-meta":"","header-main-stick-meta":"","header-below-stick-meta":"","astra-migrate-meta-layouts":"set","ast-page-background-enabled":"default","ast-page-background-meta":{"desktop":{"background-color":"var(--ast-global-color-4)","background-image":"","background-repeat":"repeat","background-position":"center center","background-size":"auto","background-attachment":"scroll","background-type":"","background-media":"","overlay-type":"","overlay-color":"","overlay-opacity":"","overlay-gradient":""},"tablet":{"background-color":"","background-image":"","background-repeat":"repeat","background-position":"center center","background-size":"auto","background-attachment":"scroll","background-type":"","background-media":"","overlay-type":"","overlay-color":"","overlay-opacity":"","overlay-gradient":""},"mobile":{"background-color":"","background-image":"","background-repeat":"repeat","background-position":"center center","background-size":"auto","background-attachment":"scroll","background-type":"","background-media":"","overlay-type":"","overlay-color":"","overlay-opacity":"","overlay-gradient":""}},"ast-content-background-meta":{"desktop":{"background-color":"var(--ast-global-color-5)","background-image":"","background-repeat":"repeat","background-position":"center center","background-size":"auto","background-attachment":"scroll","background-type":"","background-media":"","overlay-type":"","overlay-color":"","overlay-opacity":"","overlay-gradient":""},"tablet":{"background-color":"var(--ast-global-color-5)","background-image":"","background-repeat":"repeat","background-position":"center center","background-size":"auto","background-attachment":"scroll","background-type":"","background-media":"","overlay-type":"","overlay-color":"","overlay-opacity":"","overlay-gradient":""},"mobile":{"background-color":"var(--ast-global-color-5)","background-image":"","background-repeat":"repeat","background-position":"center center","background-size":"auto","background-attachment":"scroll","background-type":"","background-media":"","overlay-type":"","overlay-color":"","overlay-opacity":"","overlay-gradient":""}}},"product_brand":[155],"product_cat":[55],"product_tag":[],"class_list":{"0":"post-217039","1":"product","2":"type-product","3":"status-publish","4":"has-post-thumbnail","6":"product_brand-moroccan-mosaic","7":"product_cat-blankets","8":"product_shipping_class-big-blanket","9":"pa_lenght-3-4-meters","10":"pa_main-color-burgundy","11":"pa_width-2-3-meters","12":"desktop-align-left","13":"tablet-align-left","14":"mobile-align-left","16":"first","17":"instock","18":"shipping-taxable","19":"purchasable","20":"product-type-simple"},"yoast_head":"<!-- This site is optimized with the Yoast SEO Premium plugin v22.3 (Yoast SEO v27.4) - https:\/\/yoast.com\/product\/yoast-seo-premium-wordpress\/ -->\n<title>handwoven cotton blanket with pom poms - Moroccan Mosaic<\/title>\n<meta name=\"description\" content=\"Handwoven cotton blanket with pom poms makes a perfect and unique gift for any occasion: birthday, wedding, housewarming party, gender reveal, baby shower\" \/>\n<meta name=\"robots\" content=\"index, follow, max-snippet:-1, max-image-preview:large, max-video-preview:-1\" \/>\n<link rel=\"canonical\" href=\"https:\/\/moroccomosaic.com\/fr\/produit\/handwoven-cotton-blanket-with-pom-poms\/\" \/>\n<meta property=\"og:locale\" content=\"fr_FR\" \/>\n<meta property=\"og:type\" content=\"article\" \/>\n<meta property=\"og:title\" content=\"Burgundy Blanket\" \/>\n<meta property=\"og:description\" content=\"Handwoven cotton blanket with pom poms makes a perfect and unique gift for any occasion: birthday, wedding, housewarming party, gender reveal, baby shower\" \/>\n<meta property=\"og:url\" content=\"https:\/\/moroccomosaic.com\/fr\/produit\/handwoven-cotton-blanket-with-pom-poms\/\" \/>\n<meta property=\"og:site_name\" content=\"Moroccan Mosaic\" \/>\n<meta property=\"article:publisher\" content=\"https:\/\/facebook.com\/moroccomosaic\" \/>\n<meta property=\"article:modified_time\" content=\"2026-01-21T09:47:02+00:00\" \/>\n<meta property=\"og:image\" content=\"https:\/\/moroccomosaic.com\/wp-content\/uploads\/2024\/01\/Untitled-design-16-9.jpg\" \/>\n\t<meta property=\"og:image:width\" content=\"1000\" \/>\n\t<meta property=\"og:image:height\" content=\"1000\" \/>\n\t<meta property=\"og:image:type\" content=\"image\/jpeg\" \/>\n<meta name=\"twitter:label1\" content=\"Dur\u00e9e de lecture estim\u00e9e\" \/>\n\t<meta name=\"twitter:data1\" content=\"2 minutes\" \/>\n<script type=\"application\/ld+json\" class=\"yoast-schema-graph\">{\"@context\":\"https:\\\/\\\/schema.org\",\"@graph\":[{\"@type\":\"WebPage\",\"@id\":\"https:\\\/\\\/moroccomosaic.com\\\/product\\\/handwoven-cotton-blanket-with-pom-poms\\\/\",\"url\":\"https:\\\/\\\/moroccomosaic.com\\\/product\\\/handwoven-cotton-blanket-with-pom-poms\\\/\",\"name\":\"handwoven cotton blanket with pom poms - Moroccan Mosaic\",\"isPartOf\":{\"@id\":\"https:\\\/\\\/moroccomosaic.com\\\/#website\"},\"primaryImageOfPage\":{\"@id\":\"https:\\\/\\\/moroccomosaic.com\\\/product\\\/handwoven-cotton-blanket-with-pom-poms\\\/#primaryimage\"},\"image\":{\"@id\":\"https:\\\/\\\/moroccomosaic.com\\\/product\\\/handwoven-cotton-blanket-with-pom-poms\\\/#primaryimage\"},\"thumbnailUrl\":\"https:\\\/\\\/moroccomosaic.com\\\/wp-content\\\/uploads\\\/2024\\\/01\\\/Untitled-design-16-9.jpg\",\"datePublished\":\"2024-01-07T16:27:38+00:00\",\"dateModified\":\"2026-01-21T09:47:02+00:00\",\"description\":\"Handwoven cotton blanket with pom poms makes a perfect and unique gift for any occasion: birthday, wedding, housewarming party, gender reveal, baby shower\",\"breadcrumb\":{\"@id\":\"https:\\\/\\\/moroccomosaic.com\\\/product\\\/handwoven-cotton-blanket-with-pom-poms\\\/#breadcrumb\"},\"inLanguage\":\"fr-FR\",\"potentialAction\":[{\"@type\":\"ReadAction\",\"target\":[\"https:\\\/\\\/moroccomosaic.com\\\/product\\\/handwoven-cotton-blanket-with-pom-poms\\\/\"]}]},{\"@type\":\"ImageObject\",\"inLanguage\":\"fr-FR\",\"@id\":\"https:\\\/\\\/moroccomosaic.com\\\/product\\\/handwoven-cotton-blanket-with-pom-poms\\\/#primaryimage\",\"url\":\"https:\\\/\\\/moroccomosaic.com\\\/wp-content\\\/uploads\\\/2024\\\/01\\\/Untitled-design-16-9.jpg\",\"contentUrl\":\"https:\\\/\\\/moroccomosaic.com\\\/wp-content\\\/uploads\\\/2024\\\/01\\\/Untitled-design-16-9.jpg\",\"width\":1000,\"height\":1000,\"caption\":\"Nice modern design bedroom with blue wall paneling, Red Garnet Moroccan pompom blanket, and pink pillows with pom poms on the bed\"},{\"@type\":\"BreadcrumbList\",\"@id\":\"https:\\\/\\\/moroccomosaic.com\\\/product\\\/handwoven-cotton-blanket-with-pom-poms\\\/#breadcrumb\",\"itemListElement\":[{\"@type\":\"ListItem\",\"position\":1,\"name\":\"Shop\",\"item\":\"https:\\\/\\\/moroccomosaic.com\\\/shop\\\/\"},{\"@type\":\"ListItem\",\"position\":2,\"name\":\"Burgundy Blanket\"}]},{\"@type\":\"WebSite\",\"@id\":\"https:\\\/\\\/moroccomosaic.com\\\/#website\",\"url\":\"https:\\\/\\\/moroccomosaic.com\\\/\",\"name\":\"Moroccan Mosaic\",\"description\":\"Handcrafted Artistry from Morocco\",\"publisher\":{\"@id\":\"https:\\\/\\\/moroccomosaic.com\\\/#organization\"},\"potentialAction\":[{\"@type\":\"SearchAction\",\"target\":{\"@type\":\"EntryPoint\",\"urlTemplate\":\"https:\\\/\\\/moroccomosaic.com\\\/?s={search_term_string}\"},\"query-input\":{\"@type\":\"PropertyValueSpecification\",\"valueRequired\":true,\"valueName\":\"search_term_string\"}}],\"inLanguage\":\"fr-FR\"},{\"@type\":\"Organization\",\"@id\":\"https:\\\/\\\/moroccomosaic.com\\\/#organization\",\"name\":\"Moroccan Mosaic\",\"url\":\"https:\\\/\\\/moroccomosaic.com\\\/\",\"logo\":{\"@type\":\"ImageObject\",\"inLanguage\":\"fr-FR\",\"@id\":\"https:\\\/\\\/moroccomosaic.com\\\/#\\\/schema\\\/logo\\\/image\\\/\",\"url\":\"https:\\\/\\\/moroccomosaic.com\\\/wp-content\\\/uploads\\\/2023\\\/09\\\/Maroccan-Mosaic-jpg-RGB.jpg\",\"contentUrl\":\"https:\\\/\\\/moroccomosaic.com\\\/wp-content\\\/uploads\\\/2023\\\/09\\\/Maroccan-Mosaic-jpg-RGB.jpg\",\"width\":2399,\"height\":865,\"caption\":\"Moroccan Mosaic\"},\"image\":{\"@id\":\"https:\\\/\\\/moroccomosaic.com\\\/#\\\/schema\\\/logo\\\/image\\\/\"},\"sameAs\":[\"https:\\\/\\\/facebook.com\\\/moroccomosaic\",\"https:\\\/\\\/www.instagram.com\\\/moroccan.mosaic\"]}]}<\/script>\n<!-- \/ Yoast SEO Premium plugin. -->","yoast_head_json":{"title":"handwoven cotton blanket with pom poms - Moroccan Mosaic","description":"Handwoven cotton blanket with pom poms makes a perfect and unique gift for any occasion: birthday, wedding, housewarming party, gender reveal, baby shower","robots":{"index":"index","follow":"follow","max-snippet":"max-snippet:-1","max-image-preview":"max-image-preview:large","max-video-preview":"max-video-preview:-1"},"canonical":"https:\/\/moroccomosaic.com\/fr\/produit\/handwoven-cotton-blanket-with-pom-poms\/","og_locale":"fr_FR","og_type":"article","og_title":"Burgundy Blanket","og_description":"Handwoven cotton blanket with pom poms makes a perfect and unique gift for any occasion: birthday, wedding, housewarming party, gender reveal, baby shower","og_url":"https:\/\/moroccomosaic.com\/fr\/produit\/handwoven-cotton-blanket-with-pom-poms\/","og_site_name":"Moroccan Mosaic","article_publisher":"https:\/\/facebook.com\/moroccomosaic","article_modified_time":"2026-01-21T09:47:02+00:00","og_image":[{"width":1000,"height":1000,"url":"https:\/\/moroccomosaic.com\/wp-content\/uploads\/2024\/01\/Untitled-design-16-9.jpg","type":"image\/jpeg"}],"twitter_misc":{"Dur\u00e9e de lecture estim\u00e9e":"2 minutes"},"schema":{"@context":"https:\/\/schema.org","@graph":[{"@type":"WebPage","@id":"https:\/\/moroccomosaic.com\/product\/handwoven-cotton-blanket-with-pom-poms\/","url":"https:\/\/moroccomosaic.com\/product\/handwoven-cotton-blanket-with-pom-poms\/","name":"handwoven cotton blanket with pom poms - Moroccan Mosaic","isPartOf":{"@id":"https:\/\/moroccomosaic.com\/#website"},"primaryImageOfPage":{"@id":"https:\/\/moroccomosaic.com\/product\/handwoven-cotton-blanket-with-pom-poms\/#primaryimage"},"image":{"@id":"https:\/\/moroccomosaic.com\/product\/handwoven-cotton-blanket-with-pom-poms\/#primaryimage"},"thumbnailUrl":"https:\/\/moroccomosaic.com\/wp-content\/uploads\/2024\/01\/Untitled-design-16-9.jpg","datePublished":"2024-01-07T16:27:38+00:00","dateModified":"2026-01-21T09:47:02+00:00","description":"Handwoven cotton blanket with pom poms makes a perfect and unique gift for any occasion: birthday, wedding, housewarming party, gender reveal, baby shower","breadcrumb":{"@id":"https:\/\/moroccomosaic.com\/product\/handwoven-cotton-blanket-with-pom-poms\/#breadcrumb"},"inLanguage":"fr-FR","potentialAction":[{"@type":"ReadAction","target":["https:\/\/moroccomosaic.com\/product\/handwoven-cotton-blanket-with-pom-poms\/"]}]},{"@type":"ImageObject","inLanguage":"fr-FR","@id":"https:\/\/moroccomosaic.com\/product\/handwoven-cotton-blanket-with-pom-poms\/#primaryimage","url":"https:\/\/moroccomosaic.com\/wp-content\/uploads\/2024\/01\/Untitled-design-16-9.jpg","contentUrl":"https:\/\/moroccomosaic.com\/wp-content\/uploads\/2024\/01\/Untitled-design-16-9.jpg","width":1000,"height":1000,"caption":"Nice modern design bedroom with blue wall paneling, Red Garnet Moroccan pompom blanket, and pink pillows with pom poms on the bed"},{"@type":"BreadcrumbList","@id":"https:\/\/moroccomosaic.com\/product\/handwoven-cotton-blanket-with-pom-poms\/#breadcrumb","itemListElement":[{"@type":"ListItem","position":1,"name":"Shop","item":"https:\/\/moroccomosaic.com\/shop\/"},{"@type":"ListItem","position":2,"name":"Burgundy Blanket"}]},{"@type":"WebSite","@id":"https:\/\/moroccomosaic.com\/#website","url":"https:\/\/moroccomosaic.com\/","name":"Moroccan Mosaic","description":"Handcrafted Artistry from Morocco","publisher":{"@id":"https:\/\/moroccomosaic.com\/#organization"},"potentialAction":[{"@type":"SearchAction","target":{"@type":"EntryPoint","urlTemplate":"https:\/\/moroccomosaic.com\/?s={search_term_string}"},"query-input":{"@type":"PropertyValueSpecification","valueRequired":true,"valueName":"search_term_string"}}],"inLanguage":"fr-FR"},{"@type":"Organization","@id":"https:\/\/moroccomosaic.com\/#organization","name":"Moroccan Mosaic","url":"https:\/\/moroccomosaic.com\/","logo":{"@type":"ImageObject","inLanguage":"fr-FR","@id":"https:\/\/moroccomosaic.com\/#\/schema\/logo\/image\/","url":"https:\/\/moroccomosaic.com\/wp-content\/uploads\/2023\/09\/Maroccan-Mosaic-jpg-RGB.jpg","contentUrl":"https:\/\/moroccomosaic.com\/wp-content\/uploads\/2023\/09\/Maroccan-Mosaic-jpg-RGB.jpg","width":2399,"height":865,"caption":"Moroccan Mosaic"},"image":{"@id":"https:\/\/moroccomosaic.com\/#\/schema\/logo\/image\/"},"sameAs":["https:\/\/facebook.com\/moroccomosaic","https:\/\/www.instagram.com\/moroccan.mosaic"]}]}},"_links":{"self":[{"href":"https:\/\/moroccomosaic.com\/fr\/wp-json\/wp\/v2\/product\/217039","targetHints":{"allow":["GET"]}}],"collection":[{"href":"https:\/\/moroccomosaic.com\/fr\/wp-json\/wp\/v2\/product"}],"about":[{"href":"https:\/\/moroccomosaic.com\/fr\/wp-json\/wp\/v2\/types\/product"}],"replies":[{"embeddable":true,"href":"https:\/\/moroccomosaic.com\/fr\/wp-json\/wp\/v2\/comments?post=217039"}],"wp:featuredmedia":[{"embeddable":true,"href":"https:\/\/moroccomosaic.com\/fr\/wp-json\/wp\/v2\/media\/217040"}],"wp:attachment":[{"href":"https:\/\/moroccomosaic.com\/fr\/wp-json\/wp\/v2\/media?parent=217039"}],"wp:term":[{"taxonomy":"product_brand","embeddable":true,"href":"https:\/\/moroccomosaic.com\/fr\/wp-json\/wp\/v2\/product_brand?post=217039"},{"taxonomy":"product_cat","embeddable":true,"href":"https:\/\/moroccomosaic.com\/fr\/wp-json\/wp\/v2\/product_cat?post=217039"},{"taxonomy":"product_tag","embeddable":true,"href":"https:\/\/moroccomosaic.com\/fr\/wp-json\/wp\/v2\/product_tag?post=217039"}],"curies":[{"name":"wp","href":"https:\/\/api.w.org\/{rel}","templated":true}]}}