{"id":217516,"date":"2024-02-13T16:21:34","date_gmt":"2024-02-13T15:21:34","guid":{"rendered":"https:\/\/moroccomosaic.com\/?post_type=product&#038;p=217516"},"modified":"2025-08-19T19:09:43","modified_gmt":"2025-08-19T16:09:43","slug":"peach-selenite-star-candle","status":"publish","type":"product","link":"https:\/\/moroccomosaic.com\/fr\/produit\/peach-selenite-star-candle\/","title":{"rendered":"Bougie \u00e9toile en s\u00e9l\u00e9nite couleur p\u00eache"},"content":{"rendered":"<h4><strong>Bougeoir \u00e9toil\u00e9 en s\u00e9l\u00e9nite de couleur p\u00eache:<\/strong><\/h4>\n<p>This peach selenite star candle holder is carved from rare and luminous red selenite. It is not just a beautiful home accent, but a powerful tool for fostering love, passion, and self-acceptance. The warm, peachy glow of the selenite amplifies the candle&#8217;s flame. It thus, creates a mesmerizing ambiance that melts away stress and awakens your inner fire.<\/p>\n<p>Plus qu'une simple pi\u00e8ce d\u00e9corative, cette bougie \u00e9toile en s\u00e9l\u00e9nite p\u00eache incarne l'\u00e9nergie du chakra sacr\u00e9. Elle encourage la cr\u00e9ativit\u00e9, la sensualit\u00e9 et une connexion profonde avec soi-m\u00eame et les autres.<\/p>\n<p>Source de confort et de chaleur, cette bougie est un ajout parfait \u00e0 votre maison gr\u00e2ce aux vibrations apaisantes de la s\u00e9l\u00e9nite rouge qui remplira votre espace d'amour, de lumi\u00e8re et d'un but renouvel\u00e9.<\/p>\n<h4><strong>Diff\u00e9rences et similitudes entre la s\u00e9l\u00e9nite rouge et la s\u00e9l\u00e9nite blanche :<\/strong><\/h4>\n<p class=\"translation-block\">Bien que la s\u00e9l\u00e9nite rouge et la s\u00e9l\u00e9nite blanche <a href=\"https:\/\/moroccomosaic.com\/fr\/what-types-of-selenite-can-be-found-in-morocco\/\" target=\"_self\">s\u00e9l\u00e9nite<\/a> soient des vari\u00e9t\u00e9s du m\u00eame min\u00e9ral (le gypse), leurs principales diff\u00e9rences r\u00e9sident dans la couleur et, dans une certaine mesure, dans les propri\u00e9t\u00e9s m\u00e9taphysiques.<\/p>\n<p>La coloration rouge r\u00e9sulte de la pr\u00e9sence d'oxyde de fer dans la formation du cristal. La teinte peut aller d'un rouge profond \u00e0 des nuances plus claires de p\u00eache. La s\u00e9l\u00e9nite rouge poss\u00e8de toutes les propri\u00e9t\u00e9s de la s\u00e9l\u00e9nite blanche, se connectant encore plus fortement au corps physique et ayant une forte connexion spirituelle.<\/p>\n<p class=\"translation-block\"><strong>Similitudes:<\/strong> Les deux cristaux poss\u00e8dent des propri\u00e9t\u00e9s nettoyantes et protectrices, \u00e9liminant l'\u00e9nergie n\u00e9gative et amplifiant les vibrations positives. Ils sont \u00e9galement utilis\u00e9s pour la m\u00e9ditation et l'\u00e9quilibrage des chakras.<\/p>\n<p class=\"translation-block\"><strong>Diff\u00e9rences:<\/strong> Certains pensent que la s\u00e9l\u00e9nite rouge a des propri\u00e9t\u00e9s suppl\u00e9mentaires en raison de son association de couleur avec les chakras inf\u00e9rieurs (sacr\u00e9, plexus solaire et racine). Ces chakras sont li\u00e9s \u00e0 la cr\u00e9ativit\u00e9, au pouvoir et \u00e0 l'enracinement. La s\u00e9l\u00e9nite stimule ces chakras, leur apportant de l'\u00e9nergie et une motivation accrue. La s\u00e9l\u00e9nite blanche, en revanche, est davantage associ\u00e9e aux chakras sup\u00e9rieurs (couronne et troisi\u00e8me \u0153il), se concentrant sur la spiritualit\u00e9, l'intuition et l'illumination.<\/p>\n<p class=\"translation-block\"><strong>Rarity:<\/strong> La s\u00e9l\u00e9nite blanche est plus courante et plus facilement disponible, tandis que la s\u00e9l\u00e9nite rouge est plus rare.<\/p>\n<p><strong>Entretien<\/strong> Tous deux sont assez fragiles et susceptibles d'\u00eatre ray\u00e9s, il convient donc de les manipuler avec pr\u00e9caution.<\/p>\n<h4 class=\"translation-block\"><strong><a href=\"https:\/\/www.healthline.com\/health\/mind-body\/selenite-properties#origins\" target=\"_self\">Benefits<\/a> of Selenite:<\/strong><\/h4>\n<ul>\n<li>La s\u00e9l\u00e9nite est excellente pour \u00e9liminer les blocages dans les canaux spirituels ou \u00e9nerg\u00e9tiques.<\/li>\n<li>Evoque la protection du royaume ang\u00e9lique et dissipe les \u00e9nergies et les pens\u00e9es n\u00e9gatives en favorisant la paix de l'esprit.<\/li>\n<li>Il calme et apaise, apportant une paix profonde et un sentiment de tranquillit\u00e9.<\/li>\n<li>C'est une pierre protectrice qui prot\u00e8ge une personne ou un espace des influences ext\u00e9rieures.<\/li>\n<li>La s\u00e9l\u00e9nite est une forme cristallis\u00e9e du gypse, qui est utilis\u00e9e pour la chance et la protection.<\/li>\n<li>La puissante vibration de la s\u00e9l\u00e9nite peut d\u00e9gager, ouvrir et activer les chakras de la couronne et les chakras sup\u00e9rieurs. Elle est excellente pour tous les types de travail spirituel.<\/li>\n<\/ul>\n<p class=\"translation-block\"><strong>En achetant ce produit, vous aidez non seulement notre petite entreprise, mais vous participez \u00e9galement \u00e0 une bonne cause humanitaire que nous nous effor\u00e7ons de poursuivre avec nos <a href=\"\/fr\/\u00ab\/\" target=\"\u00ab\">artisans locaux<\/a>.<\/strong><\/p>","protected":false},"excerpt":{"rendered":"<div class=\"wt-ml-xs-1\"><a href=\"https:\/\/mlwr8opfwblo.i.optimole.com\/w:auto\/h:auto\/q:mauto\/f:best\/https:\/\/moroccomosaic.com\/wp-content\/uploads\/2023\/11\/Handmade-icon.png\"><img decoding=\"async\" class=\"alignnone wp-image-215984\" src=\"https:\/\/mlwr8opfwblo.i.optimole.com\/w:30\/h:30\/q:mauto\/f:best\/https:\/\/moroccomosaic.com\/wp-content\/uploads\/2023\/11\/Handmade-icon.png\" sizes=\"(max-width: 30px) 100vw, 30px\" srcset=\"https:\/\/moroccomosaic.com\/wp-content\/uploads\/2023\/11\/Handmade-icon.png 512w, https:\/\/moroccomosaic.com\/wp-content\/uploads\/2023\/11\/Handmade-icon-100x100.png 100w, https:\/\/moroccomosaic.com\/wp-content\/uploads\/2023\/11\/Handmade-icon-64x64.png 64w, https:\/\/moroccomosaic.com\/wp-content\/uploads\/2023\/11\/Handmade-icon-400x400.png 400w, https:\/\/moroccomosaic.com\/wp-content\/uploads\/2023\/11\/Handmade-icon-300x300.png 300w, https:\/\/moroccomosaic.com\/wp-content\/uploads\/2023\/11\/Handmade-icon-150x150.png 150w, https:\/\/moroccomosaic.com\/wp-content\/uploads\/2023\/11\/Handmade-icon-480x480.png 480w\" alt=\"\" width=\"26\" height=\"26\" data-opt-src=\"https:\/\/mlwr8opfwblo.i.optimole.com\/w:30\/h:30\/q:mauto\/f:best\/https:\/\/moroccomosaic.com\/wp-content\/uploads\/2023\/11\/Handmade-icon.png\" data-opt-lazy-loaded=\"true\" data-opt-optimized-width=\"30\" data-opt-optimized-height=\"30\" \/><\/a>Poli \u00e0 la Main<\/div>\n<div class=\"wt-ml-xs-1\">\u00a0<img decoding=\"async\" class=\"alignnone wp-image-215985\" src=\"https:\/\/mlwr8opfwblo.i.optimole.com\/w:18\/h:18\/q:mauto\/f:best\/https:\/\/moroccomosaic.com\/wp-content\/uploads\/2023\/11\/ball-of-wool.png\" sizes=\"(max-width: 18px) 100vw, 18px\" srcset=\"https:\/\/moroccomosaic.com\/wp-content\/uploads\/2023\/11\/ball-of-wool.png 512w, https:\/\/moroccomosaic.com\/wp-content\/uploads\/2023\/11\/ball-of-wool-100x100.png 100w, https:\/\/moroccomosaic.com\/wp-content\/uploads\/2023\/11\/ball-of-wool-64x64.png 64w, https:\/\/moroccomosaic.com\/wp-content\/uploads\/2023\/11\/ball-of-wool-400x400.png 400w, https:\/\/moroccomosaic.com\/wp-content\/uploads\/2023\/11\/ball-of-wool-300x300.png 300w, https:\/\/moroccomosaic.com\/wp-content\/uploads\/2023\/11\/ball-of-wool-150x150.png 150w, https:\/\/moroccomosaic.com\/wp-content\/uploads\/2023\/11\/ball-of-wool-480x480.png 480w\" alt=\"\" width=\"18\" height=\"18\" data-opt-src=\"https:\/\/mlwr8opfwblo.i.optimole.com\/w:18\/h:18\/q:mauto\/f:best\/https:\/\/moroccomosaic.com\/wp-content\/uploads\/2023\/11\/ball-of-wool.png\" data-opt-lazy-loaded=\"true\" data-opt-optimized-width=\"18\" data-opt-optimized-height=\"18\" \/>\u00a0<strong>Mati\u00e8re : Coton<\/strong> S\u00e9l\u00e9nite Rouge Min\u00e9raux<\/div>\n<div>\n<p><a href=\"https:\/\/mlwr8opfwblo.i.optimole.com\/w:auto\/h:auto\/q:mauto\/f:best\/https:\/\/moroccomosaic.com\/wp-content\/uploads\/2023\/11\/ruler.png\"><img decoding=\"async\" class=\"alignnone wp-image-215993\" src=\"https:\/\/mlwr8opfwblo.i.optimole.com\/w:19\/h:19\/q:mauto\/f:best\/https:\/\/moroccomosaic.com\/wp-content\/uploads\/2023\/11\/ruler.png\" sizes=\"(max-width: 19px) 100vw, 19px\" srcset=\"https:\/\/moroccomosaic.com\/wp-content\/uploads\/2023\/11\/ruler.png 512w, https:\/\/moroccomosaic.com\/wp-content\/uploads\/2023\/11\/ruler-100x100.png 100w, https:\/\/moroccomosaic.com\/wp-content\/uploads\/2023\/11\/ruler-64x64.png 64w, https:\/\/moroccomosaic.com\/wp-content\/uploads\/2023\/11\/ruler-400x400.png 400w, https:\/\/moroccomosaic.com\/wp-content\/uploads\/2023\/11\/ruler-300x300.png 300w, https:\/\/moroccomosaic.com\/wp-content\/uploads\/2023\/11\/ruler-150x150.png 150w, https:\/\/moroccomosaic.com\/wp-content\/uploads\/2023\/11\/ruler-480x480.png 480w\" alt=\"\" width=\"19\" height=\"19\" data-opt-src=\"https:\/\/mlwr8opfwblo.i.optimole.com\/w:19\/h:19\/q:mauto\/f:best\/https:\/\/moroccomosaic.com\/wp-content\/uploads\/2023\/11\/ruler.png\" data-opt-lazy-loaded=\"true\" data-opt-optimized-width=\"19\" data-opt-optimized-height=\"19\" \/><\/a><strong> \u2245 Taille<\/strong> 10cm x 4cm H x 2cm Depth<\/p>\n<p><strong>\u00a0 \u00a0 \u00a0 Finition: <\/strong>Poli<\/p>\n<p><strong>\u00a0 \u00a0 \u00a0 Pays d'Origine :<\/strong> Maroc<\/p>\n<h6><strong style=\"color: #333333;\">\u00c0 Noter : <\/strong><\/h6>\n<p><span style=\"color: #333333;\">Nos produits \u00e9tant fabriqu\u00e9s \u00e0 la main, ils peuvent pr\u00e9senter de l\u00e9g\u00e8res imperfections de polissage ou de forme, ce qui ajoute \u00e0 leur caract\u00e8re unique et \u00e0 leur beaut\u00e9.<\/span><\/p>\n<\/div>","protected":false},"featured_media":217521,"comment_status":"open","ping_status":"closed","template":"","meta":{"content-type":"","site-sidebar-layout":"default","site-content-layout":"","ast-site-content-layout":"default","site-content-style":"default","site-sidebar-style":"default","ast-global-header-display":"","ast-banner-title-visibility":"","ast-main-header-display":"","ast-hfb-above-header-display":"","ast-hfb-below-header-display":"","ast-hfb-mobile-header-display":"","site-post-title":"","ast-breadcrumbs-content":"","ast-featured-img":"","footer-sml-layout":"","ast-disable-related-posts":"","theme-transparent-header-meta":"","adv-header-id-meta":"","stick-header-meta":"","header-above-stick-meta":"","header-main-stick-meta":"","header-below-stick-meta":"","astra-migrate-meta-layouts":"default","ast-page-background-enabled":"default","ast-page-background-meta":{"desktop":{"background-color":"var(--ast-global-color-4)","background-image":"","background-repeat":"repeat","background-position":"center center","background-size":"auto","background-attachment":"scroll","background-type":"","background-media":"","overlay-type":"","overlay-color":"","overlay-opacity":"","overlay-gradient":""},"tablet":{"background-color":"","background-image":"","background-repeat":"repeat","background-position":"center center","background-size":"auto","background-attachment":"scroll","background-type":"","background-media":"","overlay-type":"","overlay-color":"","overlay-opacity":"","overlay-gradient":""},"mobile":{"background-color":"","background-image":"","background-repeat":"repeat","background-position":"center center","background-size":"auto","background-attachment":"scroll","background-type":"","background-media":"","overlay-type":"","overlay-color":"","overlay-opacity":"","overlay-gradient":""}},"ast-content-background-meta":{"desktop":{"background-color":"var(--ast-global-color-5)","background-image":"","background-repeat":"repeat","background-position":"center center","background-size":"auto","background-attachment":"scroll","background-type":"","background-media":"","overlay-type":"","overlay-color":"","overlay-opacity":"","overlay-gradient":""},"tablet":{"background-color":"var(--ast-global-color-5)","background-image":"","background-repeat":"repeat","background-position":"center center","background-size":"auto","background-attachment":"scroll","background-type":"","background-media":"","overlay-type":"","overlay-color":"","overlay-opacity":"","overlay-gradient":""},"mobile":{"background-color":"var(--ast-global-color-5)","background-image":"","background-repeat":"repeat","background-position":"center center","background-size":"auto","background-attachment":"scroll","background-type":"","background-media":"","overlay-type":"","overlay-color":"","overlay-opacity":"","overlay-gradient":""}}},"product_brand":[],"product_cat":[107],"product_tag":[],"class_list":{"0":"post-217516","1":"product","2":"type-product","3":"status-publish","4":"has-post-thumbnail","6":"product_cat-crystals","7":"desktop-align-left","8":"tablet-align-left","9":"mobile-align-left","11":"first","12":"instock","13":"shipping-taxable","14":"purchasable","15":"product-type-simple"},"yoast_head":"<!-- This site is optimized with the Yoast SEO Premium plugin v22.3 (Yoast SEO v27.5) - https:\/\/yoast.com\/product\/yoast-seo-premium-wordpress\/ -->\n<title>Peach Selenite Star Candle - Moroccan Mosaic<\/title>\n<meta name=\"description\" content=\"This selenite star candle is carved from rare and luminous red selenite. It is a beautiful home accent, and a source of love, passion, and self-acceptance.\" \/>\n<meta name=\"robots\" content=\"index, follow, max-snippet:-1, max-image-preview:large, max-video-preview:-1\" \/>\n<link rel=\"canonical\" href=\"https:\/\/moroccomosaic.com\/fr\/produit\/peach-selenite-star-candle\/\" \/>\n<meta property=\"og:locale\" content=\"fr_FR\" \/>\n<meta property=\"og:type\" content=\"article\" \/>\n<meta property=\"og:title\" content=\"Peach Selenite Star Candle\" \/>\n<meta property=\"og:description\" content=\"This selenite star candle is carved from rare and luminous red selenite. It is a beautiful home accent, and a source of love, passion, and self-acceptance.\" \/>\n<meta property=\"og:url\" content=\"https:\/\/moroccomosaic.com\/fr\/produit\/peach-selenite-star-candle\/\" \/>\n<meta property=\"og:site_name\" content=\"Moroccan Mosaic\" \/>\n<meta property=\"article:publisher\" content=\"https:\/\/facebook.com\/moroccomosaic\" \/>\n<meta property=\"article:modified_time\" content=\"2025-08-19T16:09:43+00:00\" \/>\n<meta property=\"og:image\" content=\"https:\/\/moroccomosaic.com\/wp-content\/uploads\/2024\/02\/Copy-of-Untitled-Design-4-1.jpg\" \/>\n\t<meta property=\"og:image:width\" content=\"1000\" \/>\n\t<meta property=\"og:image:height\" content=\"1000\" \/>\n\t<meta property=\"og:image:type\" content=\"image\/jpeg\" \/>\n<meta name=\"twitter:label1\" content=\"Dur\u00e9e de lecture estim\u00e9e\" \/>\n\t<meta name=\"twitter:data1\" content=\"3 minutes\" \/>\n<script type=\"application\/ld+json\" class=\"yoast-schema-graph\">{\"@context\":\"https:\\\/\\\/schema.org\",\"@graph\":[{\"@type\":\"WebPage\",\"@id\":\"https:\\\/\\\/moroccomosaic.com\\\/product\\\/peach-selenite-star-candle\\\/\",\"url\":\"https:\\\/\\\/moroccomosaic.com\\\/product\\\/peach-selenite-star-candle\\\/\",\"name\":\"Peach Selenite Star Candle - Moroccan Mosaic\",\"isPartOf\":{\"@id\":\"https:\\\/\\\/moroccomosaic.com\\\/#website\"},\"primaryImageOfPage\":{\"@id\":\"https:\\\/\\\/moroccomosaic.com\\\/product\\\/peach-selenite-star-candle\\\/#primaryimage\"},\"image\":{\"@id\":\"https:\\\/\\\/moroccomosaic.com\\\/product\\\/peach-selenite-star-candle\\\/#primaryimage\"},\"thumbnailUrl\":\"https:\\\/\\\/moroccomosaic.com\\\/wp-content\\\/uploads\\\/2024\\\/02\\\/Copy-of-Untitled-Design-4-1.jpg\",\"datePublished\":\"2024-02-13T15:21:34+00:00\",\"dateModified\":\"2025-08-19T16:09:43+00:00\",\"description\":\"This selenite star candle is carved from rare and luminous red selenite. It is a beautiful home accent, and a source of love, passion, and self-acceptance.\",\"breadcrumb\":{\"@id\":\"https:\\\/\\\/moroccomosaic.com\\\/product\\\/peach-selenite-star-candle\\\/#breadcrumb\"},\"inLanguage\":\"fr-FR\",\"potentialAction\":[{\"@type\":\"ReadAction\",\"target\":[\"https:\\\/\\\/moroccomosaic.com\\\/product\\\/peach-selenite-star-candle\\\/\"]}]},{\"@type\":\"ImageObject\",\"inLanguage\":\"fr-FR\",\"@id\":\"https:\\\/\\\/moroccomosaic.com\\\/product\\\/peach-selenite-star-candle\\\/#primaryimage\",\"url\":\"https:\\\/\\\/moroccomosaic.com\\\/wp-content\\\/uploads\\\/2024\\\/02\\\/Copy-of-Untitled-Design-4-1.jpg\",\"contentUrl\":\"https:\\\/\\\/moroccomosaic.com\\\/wp-content\\\/uploads\\\/2024\\\/02\\\/Copy-of-Untitled-Design-4-1.jpg\",\"width\":1000,\"height\":1000},{\"@type\":\"BreadcrumbList\",\"@id\":\"https:\\\/\\\/moroccomosaic.com\\\/product\\\/peach-selenite-star-candle\\\/#breadcrumb\",\"itemListElement\":[{\"@type\":\"ListItem\",\"position\":1,\"name\":\"Shop\",\"item\":\"https:\\\/\\\/moroccomosaic.com\\\/shop\\\/\"},{\"@type\":\"ListItem\",\"position\":2,\"name\":\"Peach Selenite Star Candle\"}]},{\"@type\":\"WebSite\",\"@id\":\"https:\\\/\\\/moroccomosaic.com\\\/#website\",\"url\":\"https:\\\/\\\/moroccomosaic.com\\\/\",\"name\":\"Moroccan Mosaic\",\"description\":\"Handcrafted Artistry from Morocco\",\"publisher\":{\"@id\":\"https:\\\/\\\/moroccomosaic.com\\\/#organization\"},\"potentialAction\":[{\"@type\":\"SearchAction\",\"target\":{\"@type\":\"EntryPoint\",\"urlTemplate\":\"https:\\\/\\\/moroccomosaic.com\\\/?s={search_term_string}\"},\"query-input\":{\"@type\":\"PropertyValueSpecification\",\"valueRequired\":true,\"valueName\":\"search_term_string\"}}],\"inLanguage\":\"fr-FR\"},{\"@type\":\"Organization\",\"@id\":\"https:\\\/\\\/moroccomosaic.com\\\/#organization\",\"name\":\"Moroccan Mosaic\",\"url\":\"https:\\\/\\\/moroccomosaic.com\\\/\",\"logo\":{\"@type\":\"ImageObject\",\"inLanguage\":\"fr-FR\",\"@id\":\"https:\\\/\\\/moroccomosaic.com\\\/#\\\/schema\\\/logo\\\/image\\\/\",\"url\":\"https:\\\/\\\/moroccomosaic.com\\\/wp-content\\\/uploads\\\/2023\\\/09\\\/Maroccan-Mosaic-jpg-RGB.jpg\",\"contentUrl\":\"https:\\\/\\\/moroccomosaic.com\\\/wp-content\\\/uploads\\\/2023\\\/09\\\/Maroccan-Mosaic-jpg-RGB.jpg\",\"width\":2399,\"height\":865,\"caption\":\"Moroccan Mosaic\"},\"image\":{\"@id\":\"https:\\\/\\\/moroccomosaic.com\\\/#\\\/schema\\\/logo\\\/image\\\/\"},\"sameAs\":[\"https:\\\/\\\/facebook.com\\\/moroccomosaic\",\"https:\\\/\\\/www.instagram.com\\\/moroccan.mosaic\"]}]}<\/script>\n<!-- \/ Yoast SEO Premium plugin. -->","yoast_head_json":{"title":"Peach Selenite Star Candle - Moroccan Mosaic","description":"This selenite star candle is carved from rare and luminous red selenite. It is a beautiful home accent, and a source of love, passion, and self-acceptance.","robots":{"index":"index","follow":"follow","max-snippet":"max-snippet:-1","max-image-preview":"max-image-preview:large","max-video-preview":"max-video-preview:-1"},"canonical":"https:\/\/moroccomosaic.com\/fr\/produit\/peach-selenite-star-candle\/","og_locale":"fr_FR","og_type":"article","og_title":"Peach Selenite Star Candle","og_description":"This selenite star candle is carved from rare and luminous red selenite. It is a beautiful home accent, and a source of love, passion, and self-acceptance.","og_url":"https:\/\/moroccomosaic.com\/fr\/produit\/peach-selenite-star-candle\/","og_site_name":"Moroccan Mosaic","article_publisher":"https:\/\/facebook.com\/moroccomosaic","article_modified_time":"2025-08-19T16:09:43+00:00","og_image":[{"width":1000,"height":1000,"url":"https:\/\/moroccomosaic.com\/wp-content\/uploads\/2024\/02\/Copy-of-Untitled-Design-4-1.jpg","type":"image\/jpeg"}],"twitter_misc":{"Dur\u00e9e de lecture estim\u00e9e":"3 minutes"},"schema":{"@context":"https:\/\/schema.org","@graph":[{"@type":"WebPage","@id":"https:\/\/moroccomosaic.com\/product\/peach-selenite-star-candle\/","url":"https:\/\/moroccomosaic.com\/product\/peach-selenite-star-candle\/","name":"Peach Selenite Star Candle - Moroccan Mosaic","isPartOf":{"@id":"https:\/\/moroccomosaic.com\/#website"},"primaryImageOfPage":{"@id":"https:\/\/moroccomosaic.com\/product\/peach-selenite-star-candle\/#primaryimage"},"image":{"@id":"https:\/\/moroccomosaic.com\/product\/peach-selenite-star-candle\/#primaryimage"},"thumbnailUrl":"https:\/\/moroccomosaic.com\/wp-content\/uploads\/2024\/02\/Copy-of-Untitled-Design-4-1.jpg","datePublished":"2024-02-13T15:21:34+00:00","dateModified":"2025-08-19T16:09:43+00:00","description":"This selenite star candle is carved from rare and luminous red selenite. It is a beautiful home accent, and a source of love, passion, and self-acceptance.","breadcrumb":{"@id":"https:\/\/moroccomosaic.com\/product\/peach-selenite-star-candle\/#breadcrumb"},"inLanguage":"fr-FR","potentialAction":[{"@type":"ReadAction","target":["https:\/\/moroccomosaic.com\/product\/peach-selenite-star-candle\/"]}]},{"@type":"ImageObject","inLanguage":"fr-FR","@id":"https:\/\/moroccomosaic.com\/product\/peach-selenite-star-candle\/#primaryimage","url":"https:\/\/moroccomosaic.com\/wp-content\/uploads\/2024\/02\/Copy-of-Untitled-Design-4-1.jpg","contentUrl":"https:\/\/moroccomosaic.com\/wp-content\/uploads\/2024\/02\/Copy-of-Untitled-Design-4-1.jpg","width":1000,"height":1000},{"@type":"BreadcrumbList","@id":"https:\/\/moroccomosaic.com\/product\/peach-selenite-star-candle\/#breadcrumb","itemListElement":[{"@type":"ListItem","position":1,"name":"Shop","item":"https:\/\/moroccomosaic.com\/shop\/"},{"@type":"ListItem","position":2,"name":"Peach Selenite Star Candle"}]},{"@type":"WebSite","@id":"https:\/\/moroccomosaic.com\/#website","url":"https:\/\/moroccomosaic.com\/","name":"Moroccan Mosaic","description":"Handcrafted Artistry from Morocco","publisher":{"@id":"https:\/\/moroccomosaic.com\/#organization"},"potentialAction":[{"@type":"SearchAction","target":{"@type":"EntryPoint","urlTemplate":"https:\/\/moroccomosaic.com\/?s={search_term_string}"},"query-input":{"@type":"PropertyValueSpecification","valueRequired":true,"valueName":"search_term_string"}}],"inLanguage":"fr-FR"},{"@type":"Organization","@id":"https:\/\/moroccomosaic.com\/#organization","name":"Moroccan Mosaic","url":"https:\/\/moroccomosaic.com\/","logo":{"@type":"ImageObject","inLanguage":"fr-FR","@id":"https:\/\/moroccomosaic.com\/#\/schema\/logo\/image\/","url":"https:\/\/moroccomosaic.com\/wp-content\/uploads\/2023\/09\/Maroccan-Mosaic-jpg-RGB.jpg","contentUrl":"https:\/\/moroccomosaic.com\/wp-content\/uploads\/2023\/09\/Maroccan-Mosaic-jpg-RGB.jpg","width":2399,"height":865,"caption":"Moroccan Mosaic"},"image":{"@id":"https:\/\/moroccomosaic.com\/#\/schema\/logo\/image\/"},"sameAs":["https:\/\/facebook.com\/moroccomosaic","https:\/\/www.instagram.com\/moroccan.mosaic"]}]}},"_links":{"self":[{"href":"https:\/\/moroccomosaic.com\/fr\/wp-json\/wp\/v2\/product\/217516","targetHints":{"allow":["GET"]}}],"collection":[{"href":"https:\/\/moroccomosaic.com\/fr\/wp-json\/wp\/v2\/product"}],"about":[{"href":"https:\/\/moroccomosaic.com\/fr\/wp-json\/wp\/v2\/types\/product"}],"replies":[{"embeddable":true,"href":"https:\/\/moroccomosaic.com\/fr\/wp-json\/wp\/v2\/comments?post=217516"}],"wp:featuredmedia":[{"embeddable":true,"href":"https:\/\/moroccomosaic.com\/fr\/wp-json\/wp\/v2\/media\/217521"}],"wp:attachment":[{"href":"https:\/\/moroccomosaic.com\/fr\/wp-json\/wp\/v2\/media?parent=217516"}],"wp:term":[{"taxonomy":"product_brand","embeddable":true,"href":"https:\/\/moroccomosaic.com\/fr\/wp-json\/wp\/v2\/product_brand?post=217516"},{"taxonomy":"product_cat","embeddable":true,"href":"https:\/\/moroccomosaic.com\/fr\/wp-json\/wp\/v2\/product_cat?post=217516"},{"taxonomy":"product_tag","embeddable":true,"href":"https:\/\/moroccomosaic.com\/fr\/wp-json\/wp\/v2\/product_tag?post=217516"}],"curies":[{"name":"wp","href":"https:\/\/api.w.org\/{rel}","templated":true}]}}