{"id":217843,"date":"2024-05-03T08:55:54","date_gmt":"2024-05-03T07:55:54","guid":{"rendered":"https:\/\/moroccomosaic.com\/?post_type=product&#038;p=217843"},"modified":"2025-07-22T10:50:42","modified_gmt":"2025-07-22T07:50:42","slug":"selenite-iceberg-lamp","status":"publish","type":"product","link":"https:\/\/moroccomosaic.com\/fr\/produit\/selenite-iceberg-lamp\/","title":{"rendered":"Lampe Iceberg en S\u00e9l\u00e9nite"},"content":{"rendered":"<h4><strong>Lampe Iceberg en S\u00e9l\u00e9nite Blanche :<\/strong><\/h4>\n<p data-sourcepos=\"3:1-3:295\">Naturally formed into an iceberg and carved from pure white selenite, this lovely selenite iceberg lamp from Morocco isn&#8217;t just a beautiful decor accent, it&#8217;s a sanctuary for your well-being. Selenite is the stone of peace and purity. It radiates calming energy, cleansing your space of negativity and promoting serenity. Lighting this selenite iceberg lamp from the inside illuminates all the details and formations of this crystal. Its beautiful white glow creates adequate space for meditation, reflection, and tranquility.<\/p>\n<p data-sourcepos=\"3:1-3:295\" class=\"translation-block\"><a href=\"\/fr\/\u00ab\/\" target=\"\u00ab\">S\u00e9l\u00e9nite<\/a> est \u00e9galement une source de purification et de charge pour d'autres cristaux. Ainsi, cette lampe marocaine iceberg peut \u00e9galement \u00eatre une source de clart\u00e9 et un objet de d\u00e9coration int\u00e9rieure purifiant l'\u00e9nergie. Il est pr\u00e9f\u00e9rable de garder les cristaux de s\u00e9l\u00e9nite pr\u00e8s de vous, dans tous les coins de votre maison, afin de vous entourer d'\u00e9nergie positive partout o\u00f9 vous allez.<\/p>\n<p data-sourcepos=\"5:1-5:83\">Plus qu'une simple lampe, c'est une invitation \u00e0 prendre soin de soi. Elle peut \u00eatre un compl\u00e9ment parfait \u00e0 n'importe quel <strong>studio de yoga<\/strong>,\u00a0<strong>coin m\u00e9ditation<\/strong>, ou\u00a0<strong>crystal lover&#8217;s home<\/strong>.<\/p>\n<h4><strong>Diff\u00e9rences et similitudes entre la s\u00e9l\u00e9nite rouge et la s\u00e9l\u00e9nite blanche :<\/strong><\/h4>\n<p class=\"translation-block\">Bien que la s\u00e9l\u00e9nite rouge et la s\u00e9l\u00e9nite blanche <a href=\"\/fr\/\u00ab\/\" target=\"\u00ab\">s\u00e9l\u00e9nite<\/a> soient des vari\u00e9t\u00e9s du m\u00eame min\u00e9ral (le gypse), leurs principales diff\u00e9rences r\u00e9sident dans la couleur et, dans une certaine mesure, dans les propri\u00e9t\u00e9s m\u00e9taphysiques. La coloration rouge r\u00e9sulte de la pr\u00e9sence d'oxyde de fer dans la formation du cristal. La teinte peut aller d'un rouge profond \u00e0 des nuances plus claires de p\u00eache. La s\u00e9l\u00e9nite rouge poss\u00e8de toutes les propri\u00e9t\u00e9s de la s\u00e9l\u00e9nite blanche, se connectant encore plus fortement au corps physique et ayant une forte connexion spirituelle.<\/p>\n<p><strong><strong>Similitudes:<\/strong><\/strong>\u00a0Les deux cristaux poss\u00e8dent des propri\u00e9t\u00e9s nettoyantes et protectrices, \u00e9liminant l'\u00e9nergie n\u00e9gative et amplifiant les vibrations positives. Ils sont \u00e9galement utilis\u00e9s pour la m\u00e9ditation et l'\u00e9quilibrage des chakras.<\/p>\n<p><strong>Diff\u00e9rences:<\/strong>\u00a0Some believe red selenite has additional properties due to its color association with the lower chakras (sacral,\u00a0solar plexus,\u00a0and root).\u00a0These chakras relate to creativity,\u00a0power,\u00a0and grounding.\u00a0It&#8217;s said to stimulate these chakras,\u00a0bringing energy and increased motivation.\u00a0White selenite,\u00a0on the other hand,\u00a0is more associated with the higher chakras (crown and third eye),\u00a0focusing on spirituality,\u00a0intuition,\u00a0and enlightenment.<\/p>\n<p class=\"translation-block\"><strong>Rarity:<\/strong> La s\u00e9l\u00e9nite blanche est plus courante et plus facilement disponible, tandis que la s\u00e9l\u00e9nite rouge est plus rare.<\/p>\n<p><strong>Entretien<\/strong>\u00a0Les deux sont assez<strong>\u00a0Tous deux sont assez fragiles et susceptibles d'\u00eatre ray\u00e9s, il convient donc de les manipuler avec pr\u00e9caution.<\/strong>.<\/p>\n<h4 class=\"translation-block\"><strong><a href=\"https:\/\/www.healthline.com\/health\/mind-body\/selenite-properties#origins\" target=\"_self\">Benefits<\/a> of Selenite:<\/strong><\/h4>\n<ul>\n<li>La s\u00e9l\u00e9nite est excellente pour \u00e9liminer les blocages dans les canaux spirituels ou \u00e9nerg\u00e9tiques.<\/li>\n<li>Evoque la protection du royaume ang\u00e9lique et dissipe les \u00e9nergies et les pens\u00e9es n\u00e9gatives en favorisant la paix de l'esprit.<\/li>\n<li>Il calme et apaise, apportant une paix profonde et un sentiment de tranquillit\u00e9.<\/li>\n<li>C'est une pierre protectrice qui prot\u00e8ge une personne ou un espace des influences ext\u00e9rieures.<\/li>\n<li>La s\u00e9l\u00e9nite est une forme cristallis\u00e9e du gypse, qui est utilis\u00e9e pour la chance et la protection.<\/li>\n<li>La puissante vibration de la s\u00e9l\u00e9nite peut d\u00e9gager, ouvrir et activer les chakras de la couronne et les chakras sup\u00e9rieurs. Elle est excellente pour tous les types de travail spirituel.<\/li>\n<\/ul>\n<h4><strong>\u00c0 Noter :<\/strong><\/h4>\n<ul>\n<li class=\"translation-block\"><strong>Avis de non-responsabilit\u00e9 concernant les propri\u00e9t\u00e9s \u00e9nerg\u00e9tiques de la s\u00e9l\u00e9nite<\/strong> (il s'agit de croyances et non de faits scientifiques).<\/li>\n<\/ul>\n<p class=\"translation-block\"><strong>En achetant ce produit, vous aidez non seulement notre petite entreprise, mais vous participez \u00e9galement \u00e0 une bonne cause humanitaire que nous nous effor\u00e7ons de poursuivre avec nos <a href=\"\/fr\/\u00ab\/\" target=\"\u00ab\">artisans locaux<\/a>.<\/strong><\/p>","protected":false},"excerpt":{"rendered":"<div class=\"wt-ml-xs-1\"><a href=\"https:\/\/mlwr8opfwblo.i.optimole.com\/w:auto\/h:auto\/q:mauto\/f:best\/https:\/\/moroccomosaic.com\/wp-content\/uploads\/2023\/11\/Handmade-icon.png\"><img decoding=\"async\" class=\"alignnone wp-image-215984\" src=\"https:\/\/mlwr8opfwblo.i.optimole.com\/w:30\/h:30\/q:mauto\/f:best\/https:\/\/moroccomosaic.com\/wp-content\/uploads\/2023\/11\/Handmade-icon.png\" sizes=\"(max-width: 30px) 100vw, 30px\" srcset=\"https:\/\/moroccomosaic.com\/wp-content\/uploads\/2023\/11\/Handmade-icon.png 512w, https:\/\/moroccomosaic.com\/wp-content\/uploads\/2023\/11\/Handmade-icon-100x100.png 100w, https:\/\/moroccomosaic.com\/wp-content\/uploads\/2023\/11\/Handmade-icon-64x64.png 64w, https:\/\/moroccomosaic.com\/wp-content\/uploads\/2023\/11\/Handmade-icon-400x400.png 400w, https:\/\/moroccomosaic.com\/wp-content\/uploads\/2023\/11\/Handmade-icon-300x300.png 300w, https:\/\/moroccomosaic.com\/wp-content\/uploads\/2023\/11\/Handmade-icon-150x150.png 150w, https:\/\/moroccomosaic.com\/wp-content\/uploads\/2023\/11\/Handmade-icon-480x480.png 480w\" alt=\"\" width=\"30\" height=\"30\" data-opt-src=\"https:\/\/mlwr8opfwblo.i.optimole.com\/w:30\/h:30\/q:mauto\/f:best\/https:\/\/moroccomosaic.com\/wp-content\/uploads\/2023\/11\/Handmade-icon.png\" data-opt-lazy-loaded=\"true\" data-opt-optimized-width=\"30\" data-opt-optimized-height=\"30\" \/><\/a>Sculpt\u00e9 \u00e0 la main<\/div>\n<div class=\"wt-ml-xs-1\">\u00a0\u00a0<img decoding=\"async\" class=\"alignnone wp-image-215985\" src=\"https:\/\/mlwr8opfwblo.i.optimole.com\/w:18\/h:18\/q:mauto\/f:best\/https:\/\/moroccomosaic.com\/wp-content\/uploads\/2023\/11\/ball-of-wool.png\" sizes=\"(max-width: 18px) 100vw, 18px\" srcset=\"https:\/\/moroccomosaic.com\/wp-content\/uploads\/2023\/11\/ball-of-wool.png 512w, https:\/\/moroccomosaic.com\/wp-content\/uploads\/2023\/11\/ball-of-wool-100x100.png 100w, https:\/\/moroccomosaic.com\/wp-content\/uploads\/2023\/11\/ball-of-wool-64x64.png 64w, https:\/\/moroccomosaic.com\/wp-content\/uploads\/2023\/11\/ball-of-wool-400x400.png 400w, https:\/\/moroccomosaic.com\/wp-content\/uploads\/2023\/11\/ball-of-wool-300x300.png 300w, https:\/\/moroccomosaic.com\/wp-content\/uploads\/2023\/11\/ball-of-wool-150x150.png 150w, https:\/\/moroccomosaic.com\/wp-content\/uploads\/2023\/11\/ball-of-wool-480x480.png 480w\" alt=\"\" width=\"18\" height=\"18\" data-opt-src=\"https:\/\/mlwr8opfwblo.i.optimole.com\/w:18\/h:18\/q:mauto\/f:best\/https:\/\/moroccomosaic.com\/wp-content\/uploads\/2023\/11\/ball-of-wool.png\" data-opt-lazy-loaded=\"true\" data-opt-optimized-width=\"18\" data-opt-optimized-height=\"18\" \/>\u00a0<strong>Mati\u00e8re:<\/strong>White Selenite Minerals<\/div>\n<div class=\"wt-ml-xs-1\">\u00a0\u00a0<a href=\"https:\/\/mlwr8opfwblo.i.optimole.com\/w:auto\/h:auto\/q:mauto\/f:best\/https:\/\/moroccomosaic.com\/wp-content\/uploads\/2023\/11\/ruler.png\"><img decoding=\"async\" class=\"alignnone wp-image-215993\" src=\"https:\/\/mlwr8opfwblo.i.optimole.com\/w:19\/h:19\/q:mauto\/f:best\/https:\/\/moroccomosaic.com\/wp-content\/uploads\/2023\/11\/ruler.png\" sizes=\"(max-width: 19px) 100vw, 19px\" srcset=\"https:\/\/moroccomosaic.com\/wp-content\/uploads\/2023\/11\/ruler.png 512w, https:\/\/moroccomosaic.com\/wp-content\/uploads\/2023\/11\/ruler-100x100.png 100w, https:\/\/moroccomosaic.com\/wp-content\/uploads\/2023\/11\/ruler-64x64.png 64w, https:\/\/moroccomosaic.com\/wp-content\/uploads\/2023\/11\/ruler-400x400.png 400w, https:\/\/moroccomosaic.com\/wp-content\/uploads\/2023\/11\/ruler-300x300.png 300w, https:\/\/moroccomosaic.com\/wp-content\/uploads\/2023\/11\/ruler-150x150.png 150w, https:\/\/moroccomosaic.com\/wp-content\/uploads\/2023\/11\/ruler-480x480.png 480w\" alt=\"\" width=\"19\" height=\"19\" data-opt-src=\"https:\/\/mlwr8opfwblo.i.optimole.com\/w:19\/h:19\/q:mauto\/f:best\/https:\/\/moroccomosaic.com\/wp-content\/uploads\/2023\/11\/ruler.png\" data-opt-lazy-loaded=\"true\" data-opt-optimized-width=\"19\" data-opt-optimized-height=\"19\" \/><\/a> <strong>\u2245 Taille<\/strong> 20 &#8211; 25H x 9 cm \u2205<\/div>\n<p><strong>USB LED (2 options) :<\/strong><br \/>\n<strong>Lumi\u00e8re Chaude LED :<\/strong> 10 cm de diam\u00e8tre, longueur du c\u00e2ble ~140 cm<br \/>\n<strong>LED \u00e0 Lumi\u00e8re Vive :<\/strong> 10 cm de diam\u00e8tre, longueur du c\u00e2ble ~140 cm<\/p>\n<p><strong>Finition:<\/strong> Surface polie et c\u00f4t\u00e9s bruts<\/p>\n<p><strong>Pays d'Origine :<\/strong>\u00a0Maroc<\/p>\n<p>&nbsp;<\/p>\n<h6><strong>PRODUCTS INFORMATION:<\/strong><\/h6>\n<ul>\n<li>Les produits command\u00e9s sont s\u00e9lectionn\u00e9s de mani\u00e8re al\u00e9atoire.<\/li>\n<li>La lampe est compos\u00e9e de deux parties distinctes : une base en bois et une pierre de s\u00e9l\u00e9nite. Les deux parties ne sont pas attach\u00e9es.<\/li>\n<li>La lampe LED USB est fournie sans chargeur et peut fonctionner avec n'importe quel chargeur mural USB.<\/li>\n<li>Les articles sont fabriqu\u00e9s \u00e0 la main et \u00e0 partir de mat\u00e9riaux naturels, ce qui ajoute \u00e0 leur caract\u00e8re unique et \u00e0 leur beaut\u00e9.<\/li>\n<li>Il peut avoir une forme imparfaite ou un aspect diff\u00e9rent de celui des photos.<\/li>\n<li>Si vous avez besoin d'aide pour choisir des produits, contactez-nous.<\/li>\n<\/ul>","protected":false},"featured_media":217856,"comment_status":"open","ping_status":"closed","template":"","meta":{"content-type":"","site-sidebar-layout":"default","site-content-layout":"","ast-site-content-layout":"default","site-content-style":"default","site-sidebar-style":"default","ast-global-header-display":"","ast-banner-title-visibility":"","ast-main-header-display":"","ast-hfb-above-header-display":"","ast-hfb-below-header-display":"","ast-hfb-mobile-header-display":"","site-post-title":"","ast-breadcrumbs-content":"","ast-featured-img":"","footer-sml-layout":"","ast-disable-related-posts":"","theme-transparent-header-meta":"","adv-header-id-meta":"","stick-header-meta":"","header-above-stick-meta":"","header-main-stick-meta":"","header-below-stick-meta":"","astra-migrate-meta-layouts":"default","ast-page-background-enabled":"default","ast-page-background-meta":{"desktop":{"background-color":"var(--ast-global-color-4)","background-image":"","background-repeat":"repeat","background-position":"center center","background-size":"auto","background-attachment":"scroll","background-type":"","background-media":"","overlay-type":"","overlay-color":"","overlay-opacity":"","overlay-gradient":""},"tablet":{"background-color":"","background-image":"","background-repeat":"repeat","background-position":"center center","background-size":"auto","background-attachment":"scroll","background-type":"","background-media":"","overlay-type":"","overlay-color":"","overlay-opacity":"","overlay-gradient":""},"mobile":{"background-color":"","background-image":"","background-repeat":"repeat","background-position":"center center","background-size":"auto","background-attachment":"scroll","background-type":"","background-media":"","overlay-type":"","overlay-color":"","overlay-opacity":"","overlay-gradient":""}},"ast-content-background-meta":{"desktop":{"background-color":"var(--ast-global-color-5)","background-image":"","background-repeat":"repeat","background-position":"center center","background-size":"auto","background-attachment":"scroll","background-type":"","background-media":"","overlay-type":"","overlay-color":"","overlay-opacity":"","overlay-gradient":""},"tablet":{"background-color":"var(--ast-global-color-5)","background-image":"","background-repeat":"repeat","background-position":"center center","background-size":"auto","background-attachment":"scroll","background-type":"","background-media":"","overlay-type":"","overlay-color":"","overlay-opacity":"","overlay-gradient":""},"mobile":{"background-color":"var(--ast-global-color-5)","background-image":"","background-repeat":"repeat","background-position":"center center","background-size":"auto","background-attachment":"scroll","background-type":"","background-media":"","overlay-type":"","overlay-color":"","overlay-opacity":"","overlay-gradient":""}}},"product_brand":[],"product_cat":[107,108],"product_tag":[],"class_list":{"0":"post-217843","1":"product","2":"type-product","3":"status-publish","4":"has-post-thumbnail","6":"product_cat-crystals","7":"product_cat-lamps","8":"desktop-align-left","9":"tablet-align-left","10":"mobile-align-left","12":"first","13":"instock","14":"shipping-taxable","15":"purchasable","16":"product-type-variable"},"yoast_head":"<!-- This site is optimized with the Yoast SEO Premium plugin v22.3 (Yoast SEO v27.4) - https:\/\/yoast.com\/product\/yoast-seo-premium-wordpress\/ -->\n<title>Selenite Iceberg Lamp - Moroccan Mosaic<\/title>\n<meta name=\"description\" content=\"Carved from pure white selenite, this selenite iceberg lamp isn&#039;t just a beautiful accent piece, it&#039;s a sanctuary for your well-being, peace, and purity\" \/>\n<meta name=\"robots\" content=\"index, follow, max-snippet:-1, max-image-preview:large, max-video-preview:-1\" \/>\n<link rel=\"canonical\" href=\"https:\/\/moroccomosaic.com\/fr\/produit\/selenite-iceberg-lamp\/\" \/>\n<meta property=\"og:locale\" content=\"fr_FR\" \/>\n<meta property=\"og:type\" content=\"article\" \/>\n<meta property=\"og:title\" content=\"Selenite Iceberg Lamp\" \/>\n<meta property=\"og:description\" content=\"Carved from pure white selenite, this selenite iceberg lamp isn&#039;t just a beautiful accent piece, it&#039;s a sanctuary for your well-being, peace, and purity\" \/>\n<meta property=\"og:url\" content=\"https:\/\/moroccomosaic.com\/fr\/produit\/selenite-iceberg-lamp\/\" \/>\n<meta property=\"og:site_name\" content=\"Moroccan Mosaic\" \/>\n<meta property=\"article:publisher\" content=\"https:\/\/facebook.com\/moroccomosaic\" \/>\n<meta property=\"article:modified_time\" content=\"2025-07-22T07:50:42+00:00\" \/>\n<meta property=\"og:image\" content=\"https:\/\/moroccomosaic.com\/wp-content\/uploads\/2024\/05\/Untitled-design-32-1.jpg\" \/>\n\t<meta property=\"og:image:width\" content=\"1000\" \/>\n\t<meta property=\"og:image:height\" content=\"1000\" \/>\n\t<meta property=\"og:image:type\" content=\"image\/jpeg\" \/>\n<meta name=\"twitter:label1\" content=\"Dur\u00e9e de lecture estim\u00e9e\" \/>\n\t<meta name=\"twitter:data1\" content=\"3 minutes\" \/>\n<script type=\"application\/ld+json\" class=\"yoast-schema-graph\">{\"@context\":\"https:\\\/\\\/schema.org\",\"@graph\":[{\"@type\":\"WebPage\",\"@id\":\"https:\\\/\\\/moroccomosaic.com\\\/product\\\/selenite-iceberg-lamp\\\/\",\"url\":\"https:\\\/\\\/moroccomosaic.com\\\/product\\\/selenite-iceberg-lamp\\\/\",\"name\":\"Selenite Iceberg Lamp - Moroccan Mosaic\",\"isPartOf\":{\"@id\":\"https:\\\/\\\/moroccomosaic.com\\\/#website\"},\"primaryImageOfPage\":{\"@id\":\"https:\\\/\\\/moroccomosaic.com\\\/product\\\/selenite-iceberg-lamp\\\/#primaryimage\"},\"image\":{\"@id\":\"https:\\\/\\\/moroccomosaic.com\\\/product\\\/selenite-iceberg-lamp\\\/#primaryimage\"},\"thumbnailUrl\":\"https:\\\/\\\/moroccomosaic.com\\\/wp-content\\\/uploads\\\/2024\\\/05\\\/Untitled-design-32-1.jpg\",\"datePublished\":\"2024-05-03T07:55:54+00:00\",\"dateModified\":\"2025-07-22T07:50:42+00:00\",\"description\":\"Carved from pure white selenite, this selenite iceberg lamp isn't just a beautiful accent piece, it's a sanctuary for your well-being, peace, and purity\",\"breadcrumb\":{\"@id\":\"https:\\\/\\\/moroccomosaic.com\\\/product\\\/selenite-iceberg-lamp\\\/#breadcrumb\"},\"inLanguage\":\"fr-FR\",\"potentialAction\":[{\"@type\":\"ReadAction\",\"target\":[\"https:\\\/\\\/moroccomosaic.com\\\/product\\\/selenite-iceberg-lamp\\\/\"]}]},{\"@type\":\"ImageObject\",\"inLanguage\":\"fr-FR\",\"@id\":\"https:\\\/\\\/moroccomosaic.com\\\/product\\\/selenite-iceberg-lamp\\\/#primaryimage\",\"url\":\"https:\\\/\\\/moroccomosaic.com\\\/wp-content\\\/uploads\\\/2024\\\/05\\\/Untitled-design-32-1.jpg\",\"contentUrl\":\"https:\\\/\\\/moroccomosaic.com\\\/wp-content\\\/uploads\\\/2024\\\/05\\\/Untitled-design-32-1.jpg\",\"width\":1000,\"height\":1000,\"caption\":\"White Selenite Iceberg Lamp from Morocco\"},{\"@type\":\"BreadcrumbList\",\"@id\":\"https:\\\/\\\/moroccomosaic.com\\\/product\\\/selenite-iceberg-lamp\\\/#breadcrumb\",\"itemListElement\":[{\"@type\":\"ListItem\",\"position\":1,\"name\":\"Shop\",\"item\":\"https:\\\/\\\/moroccomosaic.com\\\/shop\\\/\"},{\"@type\":\"ListItem\",\"position\":2,\"name\":\"Selenite Iceberg Lamp\"}]},{\"@type\":\"WebSite\",\"@id\":\"https:\\\/\\\/moroccomosaic.com\\\/#website\",\"url\":\"https:\\\/\\\/moroccomosaic.com\\\/\",\"name\":\"Moroccan Mosaic\",\"description\":\"Handcrafted Artistry from Morocco\",\"publisher\":{\"@id\":\"https:\\\/\\\/moroccomosaic.com\\\/#organization\"},\"potentialAction\":[{\"@type\":\"SearchAction\",\"target\":{\"@type\":\"EntryPoint\",\"urlTemplate\":\"https:\\\/\\\/moroccomosaic.com\\\/?s={search_term_string}\"},\"query-input\":{\"@type\":\"PropertyValueSpecification\",\"valueRequired\":true,\"valueName\":\"search_term_string\"}}],\"inLanguage\":\"fr-FR\"},{\"@type\":\"Organization\",\"@id\":\"https:\\\/\\\/moroccomosaic.com\\\/#organization\",\"name\":\"Moroccan Mosaic\",\"url\":\"https:\\\/\\\/moroccomosaic.com\\\/\",\"logo\":{\"@type\":\"ImageObject\",\"inLanguage\":\"fr-FR\",\"@id\":\"https:\\\/\\\/moroccomosaic.com\\\/#\\\/schema\\\/logo\\\/image\\\/\",\"url\":\"https:\\\/\\\/moroccomosaic.com\\\/wp-content\\\/uploads\\\/2023\\\/09\\\/Maroccan-Mosaic-jpg-RGB.jpg\",\"contentUrl\":\"https:\\\/\\\/moroccomosaic.com\\\/wp-content\\\/uploads\\\/2023\\\/09\\\/Maroccan-Mosaic-jpg-RGB.jpg\",\"width\":2399,\"height\":865,\"caption\":\"Moroccan Mosaic\"},\"image\":{\"@id\":\"https:\\\/\\\/moroccomosaic.com\\\/#\\\/schema\\\/logo\\\/image\\\/\"},\"sameAs\":[\"https:\\\/\\\/facebook.com\\\/moroccomosaic\",\"https:\\\/\\\/www.instagram.com\\\/moroccan.mosaic\"]}]}<\/script>\n<!-- \/ Yoast SEO Premium plugin. -->","yoast_head_json":{"title":"Selenite Iceberg Lamp - Moroccan Mosaic","description":"Carved from pure white selenite, this selenite iceberg lamp isn't just a beautiful accent piece, it's a sanctuary for your well-being, peace, and purity","robots":{"index":"index","follow":"follow","max-snippet":"max-snippet:-1","max-image-preview":"max-image-preview:large","max-video-preview":"max-video-preview:-1"},"canonical":"https:\/\/moroccomosaic.com\/fr\/produit\/selenite-iceberg-lamp\/","og_locale":"fr_FR","og_type":"article","og_title":"Selenite Iceberg Lamp","og_description":"Carved from pure white selenite, this selenite iceberg lamp isn't just a beautiful accent piece, it's a sanctuary for your well-being, peace, and purity","og_url":"https:\/\/moroccomosaic.com\/fr\/produit\/selenite-iceberg-lamp\/","og_site_name":"Moroccan Mosaic","article_publisher":"https:\/\/facebook.com\/moroccomosaic","article_modified_time":"2025-07-22T07:50:42+00:00","og_image":[{"width":1000,"height":1000,"url":"https:\/\/moroccomosaic.com\/wp-content\/uploads\/2024\/05\/Untitled-design-32-1.jpg","type":"image\/jpeg"}],"twitter_misc":{"Dur\u00e9e de lecture estim\u00e9e":"3 minutes"},"schema":{"@context":"https:\/\/schema.org","@graph":[{"@type":"WebPage","@id":"https:\/\/moroccomosaic.com\/product\/selenite-iceberg-lamp\/","url":"https:\/\/moroccomosaic.com\/product\/selenite-iceberg-lamp\/","name":"Selenite Iceberg Lamp - Moroccan Mosaic","isPartOf":{"@id":"https:\/\/moroccomosaic.com\/#website"},"primaryImageOfPage":{"@id":"https:\/\/moroccomosaic.com\/product\/selenite-iceberg-lamp\/#primaryimage"},"image":{"@id":"https:\/\/moroccomosaic.com\/product\/selenite-iceberg-lamp\/#primaryimage"},"thumbnailUrl":"https:\/\/moroccomosaic.com\/wp-content\/uploads\/2024\/05\/Untitled-design-32-1.jpg","datePublished":"2024-05-03T07:55:54+00:00","dateModified":"2025-07-22T07:50:42+00:00","description":"Carved from pure white selenite, this selenite iceberg lamp isn't just a beautiful accent piece, it's a sanctuary for your well-being, peace, and purity","breadcrumb":{"@id":"https:\/\/moroccomosaic.com\/product\/selenite-iceberg-lamp\/#breadcrumb"},"inLanguage":"fr-FR","potentialAction":[{"@type":"ReadAction","target":["https:\/\/moroccomosaic.com\/product\/selenite-iceberg-lamp\/"]}]},{"@type":"ImageObject","inLanguage":"fr-FR","@id":"https:\/\/moroccomosaic.com\/product\/selenite-iceberg-lamp\/#primaryimage","url":"https:\/\/moroccomosaic.com\/wp-content\/uploads\/2024\/05\/Untitled-design-32-1.jpg","contentUrl":"https:\/\/moroccomosaic.com\/wp-content\/uploads\/2024\/05\/Untitled-design-32-1.jpg","width":1000,"height":1000,"caption":"White Selenite Iceberg Lamp from Morocco"},{"@type":"BreadcrumbList","@id":"https:\/\/moroccomosaic.com\/product\/selenite-iceberg-lamp\/#breadcrumb","itemListElement":[{"@type":"ListItem","position":1,"name":"Shop","item":"https:\/\/moroccomosaic.com\/shop\/"},{"@type":"ListItem","position":2,"name":"Selenite Iceberg Lamp"}]},{"@type":"WebSite","@id":"https:\/\/moroccomosaic.com\/#website","url":"https:\/\/moroccomosaic.com\/","name":"Moroccan Mosaic","description":"Handcrafted Artistry from Morocco","publisher":{"@id":"https:\/\/moroccomosaic.com\/#organization"},"potentialAction":[{"@type":"SearchAction","target":{"@type":"EntryPoint","urlTemplate":"https:\/\/moroccomosaic.com\/?s={search_term_string}"},"query-input":{"@type":"PropertyValueSpecification","valueRequired":true,"valueName":"search_term_string"}}],"inLanguage":"fr-FR"},{"@type":"Organization","@id":"https:\/\/moroccomosaic.com\/#organization","name":"Moroccan Mosaic","url":"https:\/\/moroccomosaic.com\/","logo":{"@type":"ImageObject","inLanguage":"fr-FR","@id":"https:\/\/moroccomosaic.com\/#\/schema\/logo\/image\/","url":"https:\/\/moroccomosaic.com\/wp-content\/uploads\/2023\/09\/Maroccan-Mosaic-jpg-RGB.jpg","contentUrl":"https:\/\/moroccomosaic.com\/wp-content\/uploads\/2023\/09\/Maroccan-Mosaic-jpg-RGB.jpg","width":2399,"height":865,"caption":"Moroccan Mosaic"},"image":{"@id":"https:\/\/moroccomosaic.com\/#\/schema\/logo\/image\/"},"sameAs":["https:\/\/facebook.com\/moroccomosaic","https:\/\/www.instagram.com\/moroccan.mosaic"]}]}},"_links":{"self":[{"href":"https:\/\/moroccomosaic.com\/fr\/wp-json\/wp\/v2\/product\/217843","targetHints":{"allow":["GET"]}}],"collection":[{"href":"https:\/\/moroccomosaic.com\/fr\/wp-json\/wp\/v2\/product"}],"about":[{"href":"https:\/\/moroccomosaic.com\/fr\/wp-json\/wp\/v2\/types\/product"}],"replies":[{"embeddable":true,"href":"https:\/\/moroccomosaic.com\/fr\/wp-json\/wp\/v2\/comments?post=217843"}],"wp:featuredmedia":[{"embeddable":true,"href":"https:\/\/moroccomosaic.com\/fr\/wp-json\/wp\/v2\/media\/217856"}],"wp:attachment":[{"href":"https:\/\/moroccomosaic.com\/fr\/wp-json\/wp\/v2\/media?parent=217843"}],"wp:term":[{"taxonomy":"product_brand","embeddable":true,"href":"https:\/\/moroccomosaic.com\/fr\/wp-json\/wp\/v2\/product_brand?post=217843"},{"taxonomy":"product_cat","embeddable":true,"href":"https:\/\/moroccomosaic.com\/fr\/wp-json\/wp\/v2\/product_cat?post=217843"},{"taxonomy":"product_tag","embeddable":true,"href":"https:\/\/moroccomosaic.com\/fr\/wp-json\/wp\/v2\/product_tag?post=217843"}],"curies":[{"name":"wp","href":"https:\/\/api.w.org\/{rel}","templated":true}]}}