{"id":221056,"date":"2025-08-12T05:19:46","date_gmt":"2025-08-12T02:19:46","guid":{"rendered":"https:\/\/moroccomosaic.com\/?page_id=221056"},"modified":"2025-08-12T05:22:50","modified_gmt":"2025-08-12T02:22:50","slug":"privacy-policy-2","status":"publish","type":"page","link":"https:\/\/moroccomosaic.com\/lt\/privacy-policy-2\/","title":{"rendered":"Privatumo Politika"},"content":{"rendered":"<div data-elementor-type=\"wp-page\" data-elementor-id=\"221056\" class=\"elementor elementor-221056\">\n\t\t\t\t<div class=\"elementor-element elementor-element-b53433b e-flex e-con-boxed e-con e-parent\" data-id=\"b53433b\" data-element_type=\"container\" data-e-type=\"container\">\n\t\t\t\t\t<div class=\"e-con-inner\">\n\t\t\t\t<div class=\"elementor-element elementor-element-66b3947 elementor-widget elementor-widget-heading\" data-id=\"66b3947\" data-element_type=\"widget\" data-e-type=\"widget\" data-widget_type=\"heading.default\">\n\t\t\t\t<div class=\"elementor-widget-container\">\n\t\t\t\t\t<h2 class=\"elementor-heading-title elementor-size-default\">Privatumo Politika<\/h2>\t\t\t\t<\/div>\n\t\t\t\t<\/div>\n\t\t\t\t<div class=\"elementor-element elementor-element-f5de40c elementor-widget elementor-widget-text-editor\" data-id=\"f5de40c\" data-element_type=\"widget\" data-e-type=\"widget\" data-widget_type=\"text-editor.default\">\n\t\t\t\t<div class=\"elementor-widget-container\">\n\t\t\t\t\t\t\t\t\t<p>\u0160ioje privatumo politikoje apra\u0161oma, kaip \"Moroccan Mosaic\" renka, naudoja, atskleid\u017eia ir saugo savo naudotoj\u0173 asmenin\u0119 informacij\u0105. Prisijungdami prie m\u016bs\u0173 svetain\u0117s arba ja naudodamiesi sutinkate su \u0161ioje politikoje i\u0161d\u0117stytomis s\u0105lygomis.<\/p><h3>M\u016bs\u0173 renkama informacija<\/h3><ol><li><strong>Asmenin\u0117 informacija:<\/strong><ul><li>Pavadinimas<\/li><li>Adresas<\/li><li>El. pa\u0161to adresas<\/li><li>Telefono numeris<\/li><li>Mok\u0117jimo Informacija<\/li><\/ul><\/li><li><strong>Ne asmenin\u0117 informacija:<\/strong><ul><li>Nar\u0161ykl\u0117s tipas<\/li><li>IP adresas<\/li><li>Operacin\u0117 sistema<\/li><li>Apsilankymo data ir laikas<\/li><\/ul><\/li><\/ol><h3>Kaip naudojame j\u016bs\u0173 informacij\u0105<\/h3><ol><li><strong>U\u017esakym\u0173 apdorojimas:<\/strong><ul><li>U\u017esakym\u0173 vykdymas ir valdymas<\/li><li>Mok\u0117jim\u0173 apdorojimas<\/li><li>U\u017esakym\u0173 patvirtinim\u0173 ir atnaujinim\u0173 teikimas<\/li><\/ul><\/li><li><strong>Klient\u0173 aptarnavimas:<\/strong><ul><li>Atsakymai \u012f u\u017eklausas<\/li><li>Problem\u0173 sprendimas<\/li><li>Pagalbos teikimas<\/li><\/ul><\/li><li><strong>Rinkodara:<\/strong><ul><li>Reklamini\u0173 pasi\u016blym\u0173 siuntimas<\/li><li>Informuoti jus apie naujus produktus ir paslaugas.<\/li><li>Ie\u0161kome j\u016bs\u0173 atsiliepim\u0173<\/li><\/ul><\/li><\/ol><h3>Dalijimasis informacija<\/h3><p>Mes neparduodame, nekei\u010diame ir kitaip neperduodame j\u016bs\u0173 asmenin\u0117s informacijos tre\u010diosioms \u0161alims be j\u016bs\u0173 sutikimo, i\u0161skyrus \u0161ioje politikoje nurodytus atvejus.<\/p><ol><li><strong>Paslaug\u0173 teik\u0117jai:<\/strong><ul><li>Galime dalytis informacija su tre\u010di\u0173j\u0173 \u0161ali\u0173 paslaug\u0173 teik\u0117jais, kad \u0161ie gal\u0117t\u0173 vykdyti u\u017esakymus, apdoroti mok\u0117jimus ir teikti kitas svarbias paslaugas.<\/li><\/ul><\/li><li><strong>Teisin\u0117 atitiktis:<\/strong><ul><li>Asmenin\u0119 informacij\u0105 galime atskleisti, kai to reikalauja \u012fstatymai arba teisiniai pra\u0161ymai.<\/li><\/ul><\/li><\/ol><h3>Slapukai ir sekimo technologijos<\/h3><p>Naudojame slapukus ir pana\u0161ias technologijas, kad pagerintume j\u016bs\u0173 apsipirkimo patirt\u012f. Savo slapuk\u0173 nuostatas galite tvarkyti nar\u0161ykl\u0117s nustatymuose.<\/p><h3>Apsauga<\/h3><p>Imam\u0117s pagr\u012fst\u0173 priemoni\u0173, kad apsaugotume j\u016bs\u0173 asmenin\u0119 informacij\u0105 nuo neteis\u0117tos prieigos, naudojimo ar atskleidimo.<\/p><h3>J\u016bs\u0173 pasirinkimai<\/h3><p>Galite nepateikti tam tikros asmenin\u0117s informacijos, ta\u010diau tai gali tur\u0117ti \u012ftakos j\u016bs\u0173 galimybei naudotis tam tikromis m\u016bs\u0173 svetain\u0117s funkcijomis.<\/p><h3>\u0160ios politikos atnaujinimai<\/h3><p>Kartais galime atnaujinti \u0161i\u0105 privatumo politik\u0105. Apie svarbius pakeitimus jus informuosime paskelbdami atnaujint\u0105 politik\u0105 savo svetain\u0117je.<\/p><h3>Susisiekite su mumis<\/h3><p>Jei turite klausim\u0173 ar abejoni\u0173 d\u0117l \u0161ios privatumo politikos, susisiekite su mumis adresu Mor.Mosaic@gmail.com.<\/p><p>\u0160i privatumo politika paskutin\u012f kart\u0105 atnaujinta 2023 m. lapkri\u010dio 15 d.<\/p>\t\t\t\t\t\t\t\t<\/div>\n\t\t\t\t<\/div>\n\t\t\t\t\t<\/div>\n\t\t\t\t<\/div>\n\t\t\t\t<\/div>","protected":false},"excerpt":{"rendered":"<p>Privacy Policy This Privacy Policy outlines how Moroccan Mosaic collects, uses, discloses, and protects the personal information of its users. [&hellip;]<\/p>\n","protected":false},"author":165,"featured_media":0,"parent":0,"menu_order":0,"comment_status":"closed","ping_status":"closed","template":"","meta":{"content-type":"","site-sidebar-layout":"no-sidebar","site-content-layout":"","ast-site-content-layout":"full-width-container","site-content-style":"default","site-sidebar-style":"default","ast-global-header-display":"","ast-banner-title-visibility":"","ast-main-header-display":"","ast-hfb-above-header-display":"","ast-hfb-below-header-display":"","ast-hfb-mobile-header-display":"","site-post-title":"disabled","ast-breadcrumbs-content":"","ast-featured-img":"disabled","footer-sml-layout":"","ast-disable-related-posts":"","theme-transparent-header-meta":"","adv-header-id-meta":"","stick-header-meta":"","header-above-stick-meta":"","header-main-stick-meta":"","header-below-stick-meta":"","astra-migrate-meta-layouts":"default","ast-page-background-enabled":"default","ast-page-background-meta":{"desktop":{"background-color":"var(--ast-global-color-4)","background-image":"","background-repeat":"repeat","background-position":"center center","background-size":"auto","background-attachment":"scroll","background-type":"","background-media":"","overlay-type":"","overlay-color":"","overlay-opacity":"","overlay-gradient":""},"tablet":{"background-color":"","background-image":"","background-repeat":"repeat","background-position":"center center","background-size":"auto","background-attachment":"scroll","background-type":"","background-media":"","overlay-type":"","overlay-color":"","overlay-opacity":"","overlay-gradient":""},"mobile":{"background-color":"","background-image":"","background-repeat":"repeat","background-position":"center center","background-size":"auto","background-attachment":"scroll","background-type":"","background-media":"","overlay-type":"","overlay-color":"","overlay-opacity":"","overlay-gradient":""}},"ast-content-background-meta":{"desktop":{"background-color":"var(--ast-global-color-5)","background-image":"","background-repeat":"repeat","background-position":"center center","background-size":"auto","background-attachment":"scroll","background-type":"","background-media":"","overlay-type":"","overlay-color":"","overlay-opacity":"","overlay-gradient":""},"tablet":{"background-color":"var(--ast-global-color-5)","background-image":"","background-repeat":"repeat","background-position":"center center","background-size":"auto","background-attachment":"scroll","background-type":"","background-media":"","overlay-type":"","overlay-color":"","overlay-opacity":"","overlay-gradient":""},"mobile":{"background-color":"var(--ast-global-color-5)","background-image":"","background-repeat":"repeat","background-position":"center center","background-size":"auto","background-attachment":"scroll","background-type":"","background-media":"","overlay-type":"","overlay-color":"","overlay-opacity":"","overlay-gradient":""}},"footnotes":""},"class_list":["post-221056","page","type-page","status-publish","hentry"],"yoast_head":"<!-- This site is optimized with the Yoast SEO Premium plugin v22.3 (Yoast SEO v27.3) - https:\/\/yoast.com\/product\/yoast-seo-premium-wordpress\/ -->\n<title>Privacy Policy - Moroccan Mosaic<\/title>\n<meta name=\"robots\" content=\"index, follow, max-snippet:-1, max-image-preview:large, max-video-preview:-1\" \/>\n<link rel=\"canonical\" href=\"https:\/\/moroccomosaic.com\/lt\/privacy-policy-2\/\" \/>\n<meta property=\"og:locale\" content=\"lt_LT\" \/>\n<meta property=\"og:type\" content=\"article\" \/>\n<meta property=\"og:title\" content=\"Privacy Policy - Moroccan Mosaic\" \/>\n<meta property=\"og:description\" content=\"Privacy Policy This Privacy Policy outlines how Moroccan Mosaic collects, uses, discloses, and protects the personal information of its users. [&hellip;]\" \/>\n<meta property=\"og:url\" content=\"https:\/\/moroccomosaic.com\/lt\/privacy-policy-2\/\" \/>\n<meta property=\"og:site_name\" content=\"Moroccan Mosaic\" \/>\n<meta property=\"article:publisher\" content=\"https:\/\/facebook.com\/moroccomosaic\" \/>\n<meta property=\"article:modified_time\" content=\"2025-08-12T02:22:50+00:00\" \/>\n<meta name=\"twitter:label1\" content=\"Est. reading time\" \/>\n\t<meta name=\"twitter:data1\" content=\"1 minut\u0117\" \/>\n<script type=\"application\/ld+json\" class=\"yoast-schema-graph\">{\"@context\":\"https:\\\/\\\/schema.org\",\"@graph\":[{\"@type\":\"WebPage\",\"@id\":\"https:\\\/\\\/moroccomosaic.com\\\/privacy-policy-2\\\/\",\"url\":\"https:\\\/\\\/moroccomosaic.com\\\/privacy-policy-2\\\/\",\"name\":\"Privacy Policy - Moroccan Mosaic\",\"isPartOf\":{\"@id\":\"https:\\\/\\\/moroccomosaic.com\\\/#website\"},\"datePublished\":\"2025-08-12T02:19:46+00:00\",\"dateModified\":\"2025-08-12T02:22:50+00:00\",\"inLanguage\":\"lt-LT\",\"potentialAction\":[{\"@type\":\"ReadAction\",\"target\":[\"https:\\\/\\\/moroccomosaic.com\\\/privacy-policy-2\\\/\"]}]},{\"@type\":\"WebSite\",\"@id\":\"https:\\\/\\\/moroccomosaic.com\\\/#website\",\"url\":\"https:\\\/\\\/moroccomosaic.com\\\/\",\"name\":\"Moroccan Mosaic\",\"description\":\"Handcrafted Artistry from Morocco\",\"publisher\":{\"@id\":\"https:\\\/\\\/moroccomosaic.com\\\/#organization\"},\"potentialAction\":[{\"@type\":\"SearchAction\",\"target\":{\"@type\":\"EntryPoint\",\"urlTemplate\":\"https:\\\/\\\/moroccomosaic.com\\\/?s={search_term_string}\"},\"query-input\":{\"@type\":\"PropertyValueSpecification\",\"valueRequired\":true,\"valueName\":\"search_term_string\"}}],\"inLanguage\":\"lt-LT\"},{\"@type\":\"Organization\",\"@id\":\"https:\\\/\\\/moroccomosaic.com\\\/#organization\",\"name\":\"Moroccan Mosaic\",\"url\":\"https:\\\/\\\/moroccomosaic.com\\\/\",\"logo\":{\"@type\":\"ImageObject\",\"inLanguage\":\"lt-LT\",\"@id\":\"https:\\\/\\\/moroccomosaic.com\\\/#\\\/schema\\\/logo\\\/image\\\/\",\"url\":\"https:\\\/\\\/moroccomosaic.com\\\/wp-content\\\/uploads\\\/2023\\\/09\\\/Maroccan-Mosaic-jpg-RGB.jpg\",\"contentUrl\":\"https:\\\/\\\/moroccomosaic.com\\\/wp-content\\\/uploads\\\/2023\\\/09\\\/Maroccan-Mosaic-jpg-RGB.jpg\",\"width\":2399,\"height\":865,\"caption\":\"Moroccan Mosaic\"},\"image\":{\"@id\":\"https:\\\/\\\/moroccomosaic.com\\\/#\\\/schema\\\/logo\\\/image\\\/\"},\"sameAs\":[\"https:\\\/\\\/facebook.com\\\/moroccomosaic\",\"https:\\\/\\\/www.instagram.com\\\/moroccan.mosaic\"]}]}<\/script>\n<!-- \/ Yoast SEO Premium plugin. -->","yoast_head_json":{"title":"Privacy Policy - Moroccan Mosaic","robots":{"index":"index","follow":"follow","max-snippet":"max-snippet:-1","max-image-preview":"max-image-preview:large","max-video-preview":"max-video-preview:-1"},"canonical":"https:\/\/moroccomosaic.com\/lt\/privacy-policy-2\/","og_locale":"lt_LT","og_type":"article","og_title":"Privacy Policy - Moroccan Mosaic","og_description":"Privacy Policy This Privacy Policy outlines how Moroccan Mosaic collects, uses, discloses, and protects the personal information of its users. [&hellip;]","og_url":"https:\/\/moroccomosaic.com\/lt\/privacy-policy-2\/","og_site_name":"Moroccan Mosaic","article_publisher":"https:\/\/facebook.com\/moroccomosaic","article_modified_time":"2025-08-12T02:22:50+00:00","twitter_misc":{"Est. reading time":"1 minut\u0117"},"schema":{"@context":"https:\/\/schema.org","@graph":[{"@type":"WebPage","@id":"https:\/\/moroccomosaic.com\/privacy-policy-2\/","url":"https:\/\/moroccomosaic.com\/privacy-policy-2\/","name":"Privacy Policy - Moroccan Mosaic","isPartOf":{"@id":"https:\/\/moroccomosaic.com\/#website"},"datePublished":"2025-08-12T02:19:46+00:00","dateModified":"2025-08-12T02:22:50+00:00","inLanguage":"lt-LT","potentialAction":[{"@type":"ReadAction","target":["https:\/\/moroccomosaic.com\/privacy-policy-2\/"]}]},{"@type":"WebSite","@id":"https:\/\/moroccomosaic.com\/#website","url":"https:\/\/moroccomosaic.com\/","name":"Moroccan Mosaic","description":"Handcrafted Artistry from Morocco","publisher":{"@id":"https:\/\/moroccomosaic.com\/#organization"},"potentialAction":[{"@type":"SearchAction","target":{"@type":"EntryPoint","urlTemplate":"https:\/\/moroccomosaic.com\/?s={search_term_string}"},"query-input":{"@type":"PropertyValueSpecification","valueRequired":true,"valueName":"search_term_string"}}],"inLanguage":"lt-LT"},{"@type":"Organization","@id":"https:\/\/moroccomosaic.com\/#organization","name":"Moroccan Mosaic","url":"https:\/\/moroccomosaic.com\/","logo":{"@type":"ImageObject","inLanguage":"lt-LT","@id":"https:\/\/moroccomosaic.com\/#\/schema\/logo\/image\/","url":"https:\/\/moroccomosaic.com\/wp-content\/uploads\/2023\/09\/Maroccan-Mosaic-jpg-RGB.jpg","contentUrl":"https:\/\/moroccomosaic.com\/wp-content\/uploads\/2023\/09\/Maroccan-Mosaic-jpg-RGB.jpg","width":2399,"height":865,"caption":"Moroccan Mosaic"},"image":{"@id":"https:\/\/moroccomosaic.com\/#\/schema\/logo\/image\/"},"sameAs":["https:\/\/facebook.com\/moroccomosaic","https:\/\/www.instagram.com\/moroccan.mosaic"]}]}},"_links":{"self":[{"href":"https:\/\/moroccomosaic.com\/lt\/wp-json\/wp\/v2\/pages\/221056","targetHints":{"allow":["GET"]}}],"collection":[{"href":"https:\/\/moroccomosaic.com\/lt\/wp-json\/wp\/v2\/pages"}],"about":[{"href":"https:\/\/moroccomosaic.com\/lt\/wp-json\/wp\/v2\/types\/page"}],"author":[{"embeddable":true,"href":"https:\/\/moroccomosaic.com\/lt\/wp-json\/wp\/v2\/users\/165"}],"replies":[{"embeddable":true,"href":"https:\/\/moroccomosaic.com\/lt\/wp-json\/wp\/v2\/comments?post=221056"}],"version-history":[{"count":4,"href":"https:\/\/moroccomosaic.com\/lt\/wp-json\/wp\/v2\/pages\/221056\/revisions"}],"predecessor-version":[{"id":221060,"href":"https:\/\/moroccomosaic.com\/lt\/wp-json\/wp\/v2\/pages\/221056\/revisions\/221060"}],"wp:attachment":[{"href":"https:\/\/moroccomosaic.com\/lt\/wp-json\/wp\/v2\/media?parent=221056"}],"curies":[{"name":"wp","href":"https:\/\/api.w.org\/{rel}","templated":true}]}}