{"id":216578,"date":"2023-11-29T09:25:15","date_gmt":"2023-11-29T08:25:15","guid":{"rendered":"https:\/\/moroccomosaic.com\/?post_type=product&#038;p=216578"},"modified":"2025-08-18T12:08:09","modified_gmt":"2025-08-18T09:08:09","slug":"handmade-pom-poms-blanket","status":"publish","type":"product","link":"https:\/\/moroccomosaic.com\/lt\/produktas\/handmade-pom-poms-blanket\/","title":{"rendered":"Black Diamonds Pom poms Antklod\u0117"},"content":{"rendered":"<p>Introducing our special Moroccan handmade pom poms blanket from cotton \u2013 a fusion of timeless elegance and bohemian charm. Crafted with care by <a href=\"https:\/\/www.visitmorocco.com\/en\/discover-morocco\/traditional-craftsmanship-revisited\">skilled artisans<\/a>, these blankets capture the essence of\u00a0<a href=\"https:\/\/moroccomosaic.com\/lt\/the-beauty-of-moroccan-handicraft\/\">Moroccan craftsmanship<\/a>. Weaving together soft, and breathable cotton inspired by the rich tapestry of Moroccan art and design.<\/p>\n<p>Our blankets are more than just cozy layers; they are a manifestation of cultural heritage. The handwoven fabric showcases the artistry of traditional Moroccan techniques that are transmitted from mother to daughter. This creates a unique and authentic piece that adds a touch of coziness to any space.<\/p>\n<p>The playful pom poms, specifically beautifying the edges, give these blankets a cheerful look. In fact, these pom poms were traditionally a technique to round up the excess yarn from weaving, which later evolved to become an esthetic decoration giving this special look to the Moroccan blanket.<\/p>\n<p>Draped over your sofa or bed, it transforms your living space into a haven of comfort and visual delight. This Moroccan handmade pom poms Blanket from cotton carries a bohemian spirit that reflects a unique taste. In addition, it is perfect for chilly nights, stylish picnics, or as a chic statement piece. It also incorporates the warmth of tradition and the vibrancy of modern design with its versatility and craftsmanship.<\/p>\n<h4><strong>U\u017etiesalo specifikacijos:<\/strong><\/h4>\n<ul>\n<li class=\"translation-block\"><strong>Ekologi\u0161kas gaminys:<\/strong> 100 % rankomis tradicin\u0117mis stakl\u0117mis aud\u017eia Maroko moter\u0173 kooperatyvas.<\/li>\n<li class=\"translation-block\"><strong>Mink\u0161tas prisilietimas:<\/strong> d\u0117l lengvos tekst\u016bros \u0161i marokieti\u0161ka rank\u0173 darbo medvilnin\u0117 lovaties\u0117 yra tokia mink\u0161ta ir lengva, kad j\u0105 galima naudoti kaip u\u017eklot\u0105 \u0161altomis dienomis.<\/li>\n<li><strong>Universalumas:<\/strong>\u00a0you can use this Blanket as a throw on a sofa or bed. You can also use it for picnic or beach excursions.<\/li>\n<li><strong><a href=\"https:\/\/moroccomosaic.com\/lt\/comfort-and-charm-moroccan-handmade-blankets\/\">Matching design<\/a>:<\/strong>\u00a0this blanket can match any type of home style; modern, bohemian, traditional, or even in mobile homes.<\/li>\n<li><strong>Gift idea:<\/strong>\u00a0you can offer this blanket as a gift on several occasions; housewarming, weddings, birthdays, anniversaries, Mother&#8217;s Day, Valentine&#8217;s Day, Christmas&#8230;<\/li>\n<li class=\"translation-block\"><strong>Tvarumas:<\/strong> m\u016bs\u0173 u\u017etiesalai yra rank\u0173 darbo, pagamintos su meile ir r\u016bpes\u010diu, naudojant auk\u0161tos kokyb\u0117s medviln\u0119, tod\u0117l yra patvarios ir tinkamos kasdieniam naudojimui.<\/li>\n<li><strong>Prie\u017ei\u016bros instrukcijos:<\/strong>\u00a0We recommend handwash only, or gentle machine wash for 20 Degrees.<\/li>\n<\/ul>\n<p class=\"translation-block\"><strong>Pirkdami \u0161\u012f gamin\u012f ne tik padedate m\u016bs\u0173 smulkiajam verslui, bet ir prisidedate prie gero humanitarinio tikslo, kurio siekiame kartu su m\u016bs\u0173 <a href=\"\/\/www.visitmorocco.com\/en\/discover-morocco\/traditional-craftsmanship-revisited\u201c\" target=\"\u201e_self\u201c\">vietiniais amatininkais<\/a>.<\/strong><\/p>","protected":false},"excerpt":{"rendered":"<div class=\"wt-ml-xs-1\"><a href=\"https:\/\/mlwr8opfwblo.i.optimole.com\/w:auto\/h:auto\/q:mauto\/f:best\/https:\/\/moroccomosaic.com\/wp-content\/uploads\/2023\/11\/Handmade-icon.png\"><img decoding=\"async\" class=\"alignnone wp-image-215984\" src=\"https:\/\/mlwr8opfwblo.i.optimole.com\/w:30\/h:30\/q:mauto\/f:best\/https:\/\/moroccomosaic.com\/wp-content\/uploads\/2023\/11\/Handmade-icon.png\" sizes=\"(max-width: 30px) 100vw, 30px\" srcset=\"https:\/\/moroccomosaic.com\/wp-content\/uploads\/2023\/11\/Handmade-icon.png 512w, https:\/\/moroccomosaic.com\/wp-content\/uploads\/2023\/11\/Handmade-icon-100x100.png 100w, https:\/\/moroccomosaic.com\/wp-content\/uploads\/2023\/11\/Handmade-icon-64x64.png 64w, https:\/\/moroccomosaic.com\/wp-content\/uploads\/2023\/11\/Handmade-icon-400x400.png 400w, https:\/\/moroccomosaic.com\/wp-content\/uploads\/2023\/11\/Handmade-icon-300x300.png 300w, https:\/\/moroccomosaic.com\/wp-content\/uploads\/2023\/11\/Handmade-icon-150x150.png 150w, https:\/\/moroccomosaic.com\/wp-content\/uploads\/2023\/11\/Handmade-icon-480x480.png 480w\" alt=\"\" width=\"30\" height=\"30\" data-opt-src=\"https:\/\/mlwr8opfwblo.i.optimole.com\/w:30\/h:30\/q:mauto\/f:best\/https:\/\/moroccomosaic.com\/wp-content\/uploads\/2023\/11\/Handmade-icon.png\" data-opt-lazy-loaded=\"true\" data-opt-optimized-width=\"30\" data-opt-optimized-height=\"30\" \/><\/a>Rank\u0173 Darbo<\/div>\n<div class=\"wt-ml-xs-1\">\u00a0\u00a0<img decoding=\"async\" class=\"alignnone wp-image-215985\" src=\"https:\/\/mlwr8opfwblo.i.optimole.com\/w:18\/h:18\/q:mauto\/f:best\/https:\/\/moroccomosaic.com\/wp-content\/uploads\/2023\/11\/ball-of-wool.png\" sizes=\"(max-width: 18px) 100vw, 18px\" srcset=\"https:\/\/moroccomosaic.com\/wp-content\/uploads\/2023\/11\/ball-of-wool.png 512w, https:\/\/moroccomosaic.com\/wp-content\/uploads\/2023\/11\/ball-of-wool-100x100.png 100w, https:\/\/moroccomosaic.com\/wp-content\/uploads\/2023\/11\/ball-of-wool-64x64.png 64w, https:\/\/moroccomosaic.com\/wp-content\/uploads\/2023\/11\/ball-of-wool-400x400.png 400w, https:\/\/moroccomosaic.com\/wp-content\/uploads\/2023\/11\/ball-of-wool-300x300.png 300w, https:\/\/moroccomosaic.com\/wp-content\/uploads\/2023\/11\/ball-of-wool-150x150.png 150w, https:\/\/moroccomosaic.com\/wp-content\/uploads\/2023\/11\/ball-of-wool-480x480.png 480w\" alt=\"\" width=\"18\" height=\"18\" data-opt-src=\"https:\/\/mlwr8opfwblo.i.optimole.com\/w:18\/h:18\/q:mauto\/f:best\/https:\/\/moroccomosaic.com\/wp-content\/uploads\/2023\/11\/ball-of-wool.png\" data-opt-lazy-loaded=\"true\" data-opt-optimized-width=\"18\" data-opt-optimized-height=\"18\" \/>\u00a0Med\u017eiaga: Medviln\u0117<\/div>\n<div class=\"wt-ml-xs-1\">\u00a0\u00a0<a href=\"https:\/\/mlwr8opfwblo.i.optimole.com\/w:auto\/h:auto\/q:mauto\/f:best\/https:\/\/moroccomosaic.com\/wp-content\/uploads\/2023\/11\/ruler.png\"><img decoding=\"async\" class=\"alignnone wp-image-215993\" src=\"https:\/\/mlwr8opfwblo.i.optimole.com\/w:19\/h:19\/q:mauto\/f:best\/https:\/\/moroccomosaic.com\/wp-content\/uploads\/2023\/11\/ruler.png\" sizes=\"(max-width: 19px) 100vw, 19px\" srcset=\"https:\/\/moroccomosaic.com\/wp-content\/uploads\/2023\/11\/ruler.png 512w, https:\/\/moroccomosaic.com\/wp-content\/uploads\/2023\/11\/ruler-100x100.png 100w, https:\/\/moroccomosaic.com\/wp-content\/uploads\/2023\/11\/ruler-64x64.png 64w, https:\/\/moroccomosaic.com\/wp-content\/uploads\/2023\/11\/ruler-400x400.png 400w, https:\/\/moroccomosaic.com\/wp-content\/uploads\/2023\/11\/ruler-300x300.png 300w, https:\/\/moroccomosaic.com\/wp-content\/uploads\/2023\/11\/ruler-150x150.png 150w, https:\/\/moroccomosaic.com\/wp-content\/uploads\/2023\/11\/ruler-480x480.png 480w\" alt=\"\" width=\"19\" height=\"19\" data-opt-src=\"https:\/\/mlwr8opfwblo.i.optimole.com\/w:19\/h:19\/q:mauto\/f:best\/https:\/\/moroccomosaic.com\/wp-content\/uploads\/2023\/11\/ruler.png\" data-opt-lazy-loaded=\"true\" data-opt-optimized-width=\"19\" data-opt-optimized-height=\"19\" \/><\/a> I\u0161matavimai: 175 cm x 150 cm<\/div>\n<div>\n<div><strong>Atkreipkite D\u0117mes\u012f:<\/strong> Kadangi m\u016bs\u0173 gaminiai yra rank\u0173 darbo, gali b\u016bti nedideli\u0173 audimo, ra\u0161to ar formos tr\u016bkum\u0173, kurie suteikia jiems unikalumo ir gro\u017eio.<\/div>\n<div><\/div>\n<div><strong>D\u0117l Gaminio I\u0161vaizdos:<\/strong><\/div>\n<div>Atkreipkite d\u0117mes\u012f, kad m\u016bs\u0173 parduotuv\u0117je rodom\u0173 ir fakti\u0161kai gaut\u0173 produkt\u0173 nuotrauk\u0173 spalva, tekst\u016bra ir kiti smulk\u016bs po\u017eymiai gali skirtis. \u0160iuos skirtumus gali lemti tokie veiksniai kaip monitoriaus nustatymai, ap\u0161vietimo s\u0105lygos ir gamybos procesai.<\/div>\n<\/div>","protected":false},"featured_media":217202,"comment_status":"open","ping_status":"closed","template":"","meta":{"content-type":"","site-sidebar-layout":"default","site-content-layout":"","ast-site-content-layout":"default","site-content-style":"default","site-sidebar-style":"default","ast-global-header-display":"","ast-banner-title-visibility":"","ast-main-header-display":"","ast-hfb-above-header-display":"","ast-hfb-below-header-display":"","ast-hfb-mobile-header-display":"","site-post-title":"","ast-breadcrumbs-content":"","ast-featured-img":"","footer-sml-layout":"","ast-disable-related-posts":"","theme-transparent-header-meta":"default","adv-header-id-meta":"","stick-header-meta":"","header-above-stick-meta":"","header-main-stick-meta":"","header-below-stick-meta":"","astra-migrate-meta-layouts":"set","ast-page-background-enabled":"default","ast-page-background-meta":{"desktop":{"background-color":"var(--ast-global-color-4)","background-image":"","background-repeat":"repeat","background-position":"center center","background-size":"auto","background-attachment":"scroll","background-type":"","background-media":"","overlay-type":"","overlay-color":"","overlay-opacity":"","overlay-gradient":""},"tablet":{"background-color":"","background-image":"","background-repeat":"repeat","background-position":"center center","background-size":"auto","background-attachment":"scroll","background-type":"","background-media":"","overlay-type":"","overlay-color":"","overlay-opacity":"","overlay-gradient":""},"mobile":{"background-color":"","background-image":"","background-repeat":"repeat","background-position":"center center","background-size":"auto","background-attachment":"scroll","background-type":"","background-media":"","overlay-type":"","overlay-color":"","overlay-opacity":"","overlay-gradient":""}},"ast-content-background-meta":{"desktop":{"background-color":"var(--ast-global-color-5)","background-image":"","background-repeat":"repeat","background-position":"center center","background-size":"auto","background-attachment":"scroll","background-type":"","background-media":"","overlay-type":"","overlay-color":"","overlay-opacity":"","overlay-gradient":""},"tablet":{"background-color":"var(--ast-global-color-5)","background-image":"","background-repeat":"repeat","background-position":"center center","background-size":"auto","background-attachment":"scroll","background-type":"","background-media":"","overlay-type":"","overlay-color":"","overlay-opacity":"","overlay-gradient":""},"mobile":{"background-color":"var(--ast-global-color-5)","background-image":"","background-repeat":"repeat","background-position":"center center","background-size":"auto","background-attachment":"scroll","background-type":"","background-media":"","overlay-type":"","overlay-color":"","overlay-opacity":"","overlay-gradient":""}}},"product_brand":[155],"product_cat":[55],"product_tag":[],"class_list":{"0":"post-216578","1":"product","2":"type-product","3":"status-publish","4":"has-post-thumbnail","6":"product_brand-moroccan-mosaic","7":"product_cat-blankets","8":"product_shipping_class-small-blankets","9":"pa_lenght-1-2-meters","10":"pa_main-color-black-white","11":"pa_width-1-2-meters","12":"desktop-align-left","13":"tablet-align-left","14":"mobile-align-left","16":"first","17":"instock","18":"shipping-taxable","19":"purchasable","20":"product-type-simple"},"yoast_head":"<!-- This site is optimized with the Yoast SEO Premium plugin v22.3 (Yoast SEO v27.4) - https:\/\/yoast.com\/product\/yoast-seo-premium-wordpress\/ -->\n<title>Handmade pom poms Blanket - Moroccan Mosaic<\/title>\n<meta name=\"description\" content=\"Moroccan handmade pom poms blanket from pure cotton and wool. Handwoven using traditional looms by Artisans from the Atlas Mountains of Morocco.\" \/>\n<meta name=\"robots\" content=\"index, follow, max-snippet:-1, max-image-preview:large, max-video-preview:-1\" \/>\n<link rel=\"canonical\" href=\"https:\/\/moroccomosaic.com\/lt\/produktas\/handmade-pom-poms-blanket\/\" \/>\n<meta property=\"og:locale\" content=\"lt_LT\" \/>\n<meta property=\"og:type\" content=\"article\" \/>\n<meta property=\"og:title\" content=\"Black Diamonds Pom poms Blanket\" \/>\n<meta property=\"og:description\" content=\"Moroccan handmade pom poms blanket from pure cotton and wool. Handwoven using traditional looms by Artisans from the Atlas Mountains of Morocco.\" \/>\n<meta property=\"og:url\" content=\"https:\/\/moroccomosaic.com\/lt\/produktas\/handmade-pom-poms-blanket\/\" \/>\n<meta property=\"og:site_name\" content=\"Moroccan Mosaic\" \/>\n<meta property=\"article:publisher\" content=\"https:\/\/facebook.com\/moroccomosaic\" \/>\n<meta property=\"article:modified_time\" content=\"2025-08-18T09:08:09+00:00\" \/>\n<meta property=\"og:image\" content=\"https:\/\/moroccomosaic.com\/wp-content\/uploads\/2023\/11\/Untitled-design-17-12.jpg\" \/>\n\t<meta property=\"og:image:width\" content=\"1000\" \/>\n\t<meta property=\"og:image:height\" content=\"1000\" \/>\n\t<meta property=\"og:image:type\" content=\"image\/jpeg\" \/>\n<meta name=\"twitter:label1\" content=\"Est. reading time\" \/>\n\t<meta name=\"twitter:data1\" content=\"2 minut\u0117s\" \/>\n<script type=\"application\/ld+json\" class=\"yoast-schema-graph\">{\"@context\":\"https:\\\/\\\/schema.org\",\"@graph\":[{\"@type\":\"WebPage\",\"@id\":\"https:\\\/\\\/moroccomosaic.com\\\/product\\\/handmade-pom-poms-blanket\\\/\",\"url\":\"https:\\\/\\\/moroccomosaic.com\\\/product\\\/handmade-pom-poms-blanket\\\/\",\"name\":\"Handmade pom poms Blanket - Moroccan Mosaic\",\"isPartOf\":{\"@id\":\"https:\\\/\\\/moroccomosaic.com\\\/#website\"},\"primaryImageOfPage\":{\"@id\":\"https:\\\/\\\/moroccomosaic.com\\\/product\\\/handmade-pom-poms-blanket\\\/#primaryimage\"},\"image\":{\"@id\":\"https:\\\/\\\/moroccomosaic.com\\\/product\\\/handmade-pom-poms-blanket\\\/#primaryimage\"},\"thumbnailUrl\":\"https:\\\/\\\/moroccomosaic.com\\\/wp-content\\\/uploads\\\/2023\\\/11\\\/Untitled-design-17-12.jpg\",\"datePublished\":\"2023-11-29T08:25:15+00:00\",\"dateModified\":\"2025-08-18T09:08:09+00:00\",\"description\":\"Moroccan handmade pom poms blanket from pure cotton and wool. Handwoven using traditional looms by Artisans from the Atlas Mountains of Morocco.\",\"breadcrumb\":{\"@id\":\"https:\\\/\\\/moroccomosaic.com\\\/product\\\/handmade-pom-poms-blanket\\\/#breadcrumb\"},\"inLanguage\":\"lt-LT\",\"potentialAction\":[{\"@type\":\"ReadAction\",\"target\":[\"https:\\\/\\\/moroccomosaic.com\\\/product\\\/handmade-pom-poms-blanket\\\/\"]}]},{\"@type\":\"ImageObject\",\"inLanguage\":\"lt-LT\",\"@id\":\"https:\\\/\\\/moroccomosaic.com\\\/product\\\/handmade-pom-poms-blanket\\\/#primaryimage\",\"url\":\"https:\\\/\\\/moroccomosaic.com\\\/wp-content\\\/uploads\\\/2023\\\/11\\\/Untitled-design-17-12.jpg\",\"contentUrl\":\"https:\\\/\\\/moroccomosaic.com\\\/wp-content\\\/uploads\\\/2023\\\/11\\\/Untitled-design-17-12.jpg\",\"width\":1000,\"height\":1000,\"caption\":\"Handmade Moroccan Pom pom blanket with small diamonds patterns and black pom poms\"},{\"@type\":\"BreadcrumbList\",\"@id\":\"https:\\\/\\\/moroccomosaic.com\\\/product\\\/handmade-pom-poms-blanket\\\/#breadcrumb\",\"itemListElement\":[{\"@type\":\"ListItem\",\"position\":1,\"name\":\"Shop\",\"item\":\"https:\\\/\\\/moroccomosaic.com\\\/shop\\\/\"},{\"@type\":\"ListItem\",\"position\":2,\"name\":\"Black Diamonds Pom poms Blanket\"}]},{\"@type\":\"WebSite\",\"@id\":\"https:\\\/\\\/moroccomosaic.com\\\/#website\",\"url\":\"https:\\\/\\\/moroccomosaic.com\\\/\",\"name\":\"Moroccan Mosaic\",\"description\":\"Handcrafted Artistry from Morocco\",\"publisher\":{\"@id\":\"https:\\\/\\\/moroccomosaic.com\\\/#organization\"},\"potentialAction\":[{\"@type\":\"SearchAction\",\"target\":{\"@type\":\"EntryPoint\",\"urlTemplate\":\"https:\\\/\\\/moroccomosaic.com\\\/?s={search_term_string}\"},\"query-input\":{\"@type\":\"PropertyValueSpecification\",\"valueRequired\":true,\"valueName\":\"search_term_string\"}}],\"inLanguage\":\"lt-LT\"},{\"@type\":\"Organization\",\"@id\":\"https:\\\/\\\/moroccomosaic.com\\\/#organization\",\"name\":\"Moroccan Mosaic\",\"url\":\"https:\\\/\\\/moroccomosaic.com\\\/\",\"logo\":{\"@type\":\"ImageObject\",\"inLanguage\":\"lt-LT\",\"@id\":\"https:\\\/\\\/moroccomosaic.com\\\/#\\\/schema\\\/logo\\\/image\\\/\",\"url\":\"https:\\\/\\\/moroccomosaic.com\\\/wp-content\\\/uploads\\\/2023\\\/09\\\/Maroccan-Mosaic-jpg-RGB.jpg\",\"contentUrl\":\"https:\\\/\\\/moroccomosaic.com\\\/wp-content\\\/uploads\\\/2023\\\/09\\\/Maroccan-Mosaic-jpg-RGB.jpg\",\"width\":2399,\"height\":865,\"caption\":\"Moroccan Mosaic\"},\"image\":{\"@id\":\"https:\\\/\\\/moroccomosaic.com\\\/#\\\/schema\\\/logo\\\/image\\\/\"},\"sameAs\":[\"https:\\\/\\\/facebook.com\\\/moroccomosaic\",\"https:\\\/\\\/www.instagram.com\\\/moroccan.mosaic\"]}]}<\/script>\n<!-- \/ Yoast SEO Premium plugin. -->","yoast_head_json":{"title":"Handmade pom poms Blanket - Moroccan Mosaic","description":"Moroccan handmade pom poms blanket from pure cotton and wool. Handwoven using traditional looms by Artisans from the Atlas Mountains of Morocco.","robots":{"index":"index","follow":"follow","max-snippet":"max-snippet:-1","max-image-preview":"max-image-preview:large","max-video-preview":"max-video-preview:-1"},"canonical":"https:\/\/moroccomosaic.com\/lt\/produktas\/handmade-pom-poms-blanket\/","og_locale":"lt_LT","og_type":"article","og_title":"Black Diamonds Pom poms Blanket","og_description":"Moroccan handmade pom poms blanket from pure cotton and wool. Handwoven using traditional looms by Artisans from the Atlas Mountains of Morocco.","og_url":"https:\/\/moroccomosaic.com\/lt\/produktas\/handmade-pom-poms-blanket\/","og_site_name":"Moroccan Mosaic","article_publisher":"https:\/\/facebook.com\/moroccomosaic","article_modified_time":"2025-08-18T09:08:09+00:00","og_image":[{"width":1000,"height":1000,"url":"https:\/\/moroccomosaic.com\/wp-content\/uploads\/2023\/11\/Untitled-design-17-12.jpg","type":"image\/jpeg"}],"twitter_misc":{"Est. reading time":"2 minut\u0117s"},"schema":{"@context":"https:\/\/schema.org","@graph":[{"@type":"WebPage","@id":"https:\/\/moroccomosaic.com\/product\/handmade-pom-poms-blanket\/","url":"https:\/\/moroccomosaic.com\/product\/handmade-pom-poms-blanket\/","name":"Handmade pom poms Blanket - Moroccan Mosaic","isPartOf":{"@id":"https:\/\/moroccomosaic.com\/#website"},"primaryImageOfPage":{"@id":"https:\/\/moroccomosaic.com\/product\/handmade-pom-poms-blanket\/#primaryimage"},"image":{"@id":"https:\/\/moroccomosaic.com\/product\/handmade-pom-poms-blanket\/#primaryimage"},"thumbnailUrl":"https:\/\/moroccomosaic.com\/wp-content\/uploads\/2023\/11\/Untitled-design-17-12.jpg","datePublished":"2023-11-29T08:25:15+00:00","dateModified":"2025-08-18T09:08:09+00:00","description":"Moroccan handmade pom poms blanket from pure cotton and wool. Handwoven using traditional looms by Artisans from the Atlas Mountains of Morocco.","breadcrumb":{"@id":"https:\/\/moroccomosaic.com\/product\/handmade-pom-poms-blanket\/#breadcrumb"},"inLanguage":"lt-LT","potentialAction":[{"@type":"ReadAction","target":["https:\/\/moroccomosaic.com\/product\/handmade-pom-poms-blanket\/"]}]},{"@type":"ImageObject","inLanguage":"lt-LT","@id":"https:\/\/moroccomosaic.com\/product\/handmade-pom-poms-blanket\/#primaryimage","url":"https:\/\/moroccomosaic.com\/wp-content\/uploads\/2023\/11\/Untitled-design-17-12.jpg","contentUrl":"https:\/\/moroccomosaic.com\/wp-content\/uploads\/2023\/11\/Untitled-design-17-12.jpg","width":1000,"height":1000,"caption":"Handmade Moroccan Pom pom blanket with small diamonds patterns and black pom poms"},{"@type":"BreadcrumbList","@id":"https:\/\/moroccomosaic.com\/product\/handmade-pom-poms-blanket\/#breadcrumb","itemListElement":[{"@type":"ListItem","position":1,"name":"Shop","item":"https:\/\/moroccomosaic.com\/shop\/"},{"@type":"ListItem","position":2,"name":"Black Diamonds Pom poms Blanket"}]},{"@type":"WebSite","@id":"https:\/\/moroccomosaic.com\/#website","url":"https:\/\/moroccomosaic.com\/","name":"Moroccan Mosaic","description":"Handcrafted Artistry from Morocco","publisher":{"@id":"https:\/\/moroccomosaic.com\/#organization"},"potentialAction":[{"@type":"SearchAction","target":{"@type":"EntryPoint","urlTemplate":"https:\/\/moroccomosaic.com\/?s={search_term_string}"},"query-input":{"@type":"PropertyValueSpecification","valueRequired":true,"valueName":"search_term_string"}}],"inLanguage":"lt-LT"},{"@type":"Organization","@id":"https:\/\/moroccomosaic.com\/#organization","name":"Moroccan Mosaic","url":"https:\/\/moroccomosaic.com\/","logo":{"@type":"ImageObject","inLanguage":"lt-LT","@id":"https:\/\/moroccomosaic.com\/#\/schema\/logo\/image\/","url":"https:\/\/moroccomosaic.com\/wp-content\/uploads\/2023\/09\/Maroccan-Mosaic-jpg-RGB.jpg","contentUrl":"https:\/\/moroccomosaic.com\/wp-content\/uploads\/2023\/09\/Maroccan-Mosaic-jpg-RGB.jpg","width":2399,"height":865,"caption":"Moroccan Mosaic"},"image":{"@id":"https:\/\/moroccomosaic.com\/#\/schema\/logo\/image\/"},"sameAs":["https:\/\/facebook.com\/moroccomosaic","https:\/\/www.instagram.com\/moroccan.mosaic"]}]}},"_links":{"self":[{"href":"https:\/\/moroccomosaic.com\/lt\/wp-json\/wp\/v2\/product\/216578","targetHints":{"allow":["GET"]}}],"collection":[{"href":"https:\/\/moroccomosaic.com\/lt\/wp-json\/wp\/v2\/product"}],"about":[{"href":"https:\/\/moroccomosaic.com\/lt\/wp-json\/wp\/v2\/types\/product"}],"replies":[{"embeddable":true,"href":"https:\/\/moroccomosaic.com\/lt\/wp-json\/wp\/v2\/comments?post=216578"}],"wp:featuredmedia":[{"embeddable":true,"href":"https:\/\/moroccomosaic.com\/lt\/wp-json\/wp\/v2\/media\/217202"}],"wp:attachment":[{"href":"https:\/\/moroccomosaic.com\/lt\/wp-json\/wp\/v2\/media?parent=216578"}],"wp:term":[{"taxonomy":"product_brand","embeddable":true,"href":"https:\/\/moroccomosaic.com\/lt\/wp-json\/wp\/v2\/product_brand?post=216578"},{"taxonomy":"product_cat","embeddable":true,"href":"https:\/\/moroccomosaic.com\/lt\/wp-json\/wp\/v2\/product_cat?post=216578"},{"taxonomy":"product_tag","embeddable":true,"href":"https:\/\/moroccomosaic.com\/lt\/wp-json\/wp\/v2\/product_tag?post=216578"}],"curies":[{"name":"wp","href":"https:\/\/api.w.org\/{rel}","templated":true}]}}