{"id":217530,"date":"2024-02-14T10:56:11","date_gmt":"2024-02-14T09:56:11","guid":{"rendered":"https:\/\/moroccomosaic.com\/?post_type=product&#038;p=217530"},"modified":"2025-08-19T19:10:14","modified_gmt":"2025-08-19T16:10:14","slug":"white-selenite-heart-candle-holder","status":"publish","type":"product","link":"https:\/\/moroccomosaic.com\/lt\/produktas\/white-selenite-heart-candle-holder\/","title":{"rendered":"Balto Selenito \u0160irdies \u017dvakid\u0117"},"content":{"rendered":"<h4><strong>\u0160irdies \u017evakid\u0117 i\u0161 baltojo selenito:<\/strong><\/h4>\n<p data-sourcepos=\"3:1-3:295\">Carved from pure white selenite, this lovely heart-shaped candle holder isn&#8217;t just a beautiful accent piece, it&#8217;s a sanctuary for your well-being. Selenite is the stone of peace and purity. It radiates calming energy, cleansing your space of negativity and promoting serenity. Lighting your romantic candle in this selenite heart candle holder from white selenite, creates an adequate space for meditation, reflection, and tranquility.<\/p>\n<p data-sourcepos=\"3:1-3:295\" class=\"translation-block\"><a href=\"\/\/www.healthline.com\/health\/mind-body\/selenite-properties\u201c\" target=\"\u201e_self\u201c\">Selenitas<\/a> taip pat yra kit\u0173 kristal\u0173 valymo ir \u012fkrovimo \u0161altinis. Taigi \u0161is \u0161irdies \u017evakid\u0117s laikiklis taip pat gali b\u016bti skaidrumo \u0161altinis ir energij\u0105 valantis nam\u0173 dekoro elementas. Geriausia selenito kristalus laikyti \u0161alia sav\u0119s kiekviename nam\u0173 kampelyje, kad visur, kur beb\u016btum\u0117te, jus supt\u0173 teigiama energija.<\/p>\n<p data-sourcepos=\"5:1-5:83\">\u0160is baltas selenito \u017evakid\u0117s laikiklis yra daugiau nei tik \u017evakid\u0117 - tai kvietimas r\u016bpintis savimi. Tegul jo \u0161velnus \u0161vyt\u0117jimas nuramina j\u016bs\u0173 dvasi\u0105, padeda siekti vidin\u0117s ramyb\u0117s ir emocin\u0117s pusiausvyros. M\u0117gaukit\u0117s meile ir ramybe, sklindan\u010dia i\u0161 \u0161io unikalaus dirbinio. Jis gali b\u016bti puikus priedas prie bet kurios <strong>jogos studija<\/strong>,\u00a0<strong>meditacijos erdv\u0117<\/strong>, arba\u00a0<strong>crystal lover&#8217;s home<\/strong>.<\/p>\n<h4><strong>Raudonojo selenito ir baltojo selenito skirtumai ir pana\u0161umai:<\/strong><\/h4>\n<p class=\"translation-block\">Nors tiek raudonasis, tiek baltasis <a href=\"https:\/\/moroccomosaic.com\/lt\/what-types-of-selenite-can-be-found-in-morocco\/\" target=\"_self\">selenitas<\/a> yra to paties mineralo (gipso) atmainos, pagrindiniai j\u0173 skirtumai yra spalva ir i\u0161 dalies metafizin\u0117s savyb\u0117s.<\/p>\n<p class=\"translation-block\"><a href=\"\/\/moroccomosaic.com\/lt\/produktas\/selenite-heart-candle\/%e2%80%9c\/\" target=\"\u201e_self\u201c\">Raudona spalva<\/a> atsiranda d\u0117l to, kad formuojantis kristalui yra gele\u017eies oksido. Atspalvis gali b\u016bti nuo sodriai raudonos iki \u0161viesesni\u0173 persik\u0173 atspalvi\u0173. Raudonasis selenitas pasi\u017eymi visomis baltojo selenito savyb\u0117mis. Be to, jis dar stipriau susij\u0119s su fiziniu k\u016bnu ir turi stipr\u0173 dvasin\u012f ry\u0161\u012f.<\/p>\n<p><strong>Pana\u0161umai:<\/strong>\u00a0Abu kristalai pasi\u017eymi valomosiomis ir apsaugin\u0117mis savyb\u0117mis, \u0161alina neigiam\u0105 energij\u0105 ir stiprina teigiamas vibracijas. Be to, jie naudojami meditacijai ir \u010dakr\u0173 balansavimui.<\/p>\n<p><strong>Skirtumai:<\/strong>\u00a0Some believe red selenite has additional properties due to its color association with the lower chakras (sacral,\u00a0solar plexus,\u00a0and root).\u00a0These chakras relate to creativity,\u00a0power,\u00a0and grounding.\u00a0It&#8217;s said to stimulate these chakras,\u00a0bringing energy and increased motivation.\u00a0White selenite,\u00a0on the other hand,\u00a0is more associated with the higher chakras (crown and third eye),\u00a0focusing on spirituality,\u00a0intuition,\u00a0and enlightenment.<\/p>\n<p class=\"translation-block\"><strong>Retumas:<\/strong> Baltasis selenitas yra labiau paplit\u0119s ir lengvai prieinamas, o raudonasis selenitas - retesnis.<\/p>\n<p><strong>Prie\u017ei\u016bros instrukcijos:<\/strong>\u00a0Abu yra gana<strong>\u00a0trap\u016bs ir link\u0119 susibrai\u017eyti, tod\u0117l su jais elkit\u0117s atsargiai<\/strong>.<\/p>\n<h4 class=\"translation-block\"><strong><a href=\"https:\/\/www.healthline.com\/health\/mind-body\/selenite-properties#origins\" target=\"_self\">Selenito<\/a> Nauda:<\/strong><\/h4>\n<ul>\n<li>Selenitas puikiai i\u0161valo bet kokius dvasini\u0173 ar energetini\u0173 kanal\u0173 u\u017esikim\u0161imus.<\/li>\n<li>Suteikia apsaug\u0105 i\u0161 angel\u0173 karalyst\u0117s, i\u0161sklaido neigiam\u0105 energij\u0105 ir mintis, skatindamas ram\u0173 prot\u0105.<\/li>\n<li>Jis nuramina, ir suteikia ramyb\u0117s jausm\u0105.<\/li>\n<li>Tai apsauginis akmuo, kuris saugo \u017emog\u0173 ar erdv\u0119 nuo i\u0161orinio poveikio.<\/li>\n<li>Selenitas yra susikristalizavusi gipso forma, naudojama s\u0117kmei ir apsaugai.<\/li>\n<li>Galinga selenito vibracija gali i\u0161valyti, atverti ir suaktyvinti kar\u016bnos ir auk\u0161tesni\u0105sias \u010dakras ir puikiai tinka vis\u0173 r\u016b\u0161i\u0173 dvasiniam darbui.<\/li>\n<\/ul>\n<p class=\"translation-block\"><strong>Pirkdami \u0161\u012f gamin\u012f ne tik padedate m\u016bs\u0173 smulkiajam verslui, bet ir prisidedate prie gero humanitarinio tikslo, kurio siekiame kartu su m\u016bs\u0173 <a href=\"\/\/www.visitmorocco.com\/en\/discover-morocco\/traditional-craftsmanship-revisited\u201c\" target=\"\u201e_self\u201c\">vietiniais amatininkais<\/a>.<\/strong><\/p>","protected":false},"excerpt":{"rendered":"<div class=\"wt-ml-xs-1\"><a href=\"https:\/\/mlwr8opfwblo.i.optimole.com\/w:auto\/h:auto\/q:mauto\/f:best\/https:\/\/moroccomosaic.com\/wp-content\/uploads\/2023\/11\/Handmade-icon.png\"><img decoding=\"async\" class=\"alignnone wp-image-215984\" src=\"https:\/\/mlwr8opfwblo.i.optimole.com\/w:30\/h:30\/q:mauto\/f:best\/https:\/\/moroccomosaic.com\/wp-content\/uploads\/2023\/11\/Handmade-icon.png\" sizes=\"(max-width: 30px) 100vw, 30px\" srcset=\"https:\/\/moroccomosaic.com\/wp-content\/uploads\/2023\/11\/Handmade-icon.png 512w, https:\/\/moroccomosaic.com\/wp-content\/uploads\/2023\/11\/Handmade-icon-100x100.png 100w, https:\/\/moroccomosaic.com\/wp-content\/uploads\/2023\/11\/Handmade-icon-64x64.png 64w, https:\/\/moroccomosaic.com\/wp-content\/uploads\/2023\/11\/Handmade-icon-400x400.png 400w, https:\/\/moroccomosaic.com\/wp-content\/uploads\/2023\/11\/Handmade-icon-300x300.png 300w, https:\/\/moroccomosaic.com\/wp-content\/uploads\/2023\/11\/Handmade-icon-150x150.png 150w, https:\/\/moroccomosaic.com\/wp-content\/uploads\/2023\/11\/Handmade-icon-480x480.png 480w\" alt=\"\" width=\"26\" height=\"26\" data-opt-src=\"https:\/\/mlwr8opfwblo.i.optimole.com\/w:30\/h:30\/q:mauto\/f:best\/https:\/\/moroccomosaic.com\/wp-content\/uploads\/2023\/11\/Handmade-icon.png\" data-opt-lazy-loaded=\"true\" data-opt-optimized-width=\"30\" data-opt-optimized-height=\"30\" \/><\/a>Rankomis Poliruotas<\/div>\n<div><\/div>\n<div class=\"wt-ml-xs-1\">\u00a0<img decoding=\"async\" class=\"alignnone wp-image-215985\" src=\"https:\/\/mlwr8opfwblo.i.optimole.com\/w:18\/h:18\/q:mauto\/f:best\/https:\/\/moroccomosaic.com\/wp-content\/uploads\/2023\/11\/ball-of-wool.png\" sizes=\"(max-width: 18px) 100vw, 18px\" srcset=\"https:\/\/moroccomosaic.com\/wp-content\/uploads\/2023\/11\/ball-of-wool.png 512w, https:\/\/moroccomosaic.com\/wp-content\/uploads\/2023\/11\/ball-of-wool-100x100.png 100w, https:\/\/moroccomosaic.com\/wp-content\/uploads\/2023\/11\/ball-of-wool-64x64.png 64w, https:\/\/moroccomosaic.com\/wp-content\/uploads\/2023\/11\/ball-of-wool-400x400.png 400w, https:\/\/moroccomosaic.com\/wp-content\/uploads\/2023\/11\/ball-of-wool-300x300.png 300w, https:\/\/moroccomosaic.com\/wp-content\/uploads\/2023\/11\/ball-of-wool-150x150.png 150w, https:\/\/moroccomosaic.com\/wp-content\/uploads\/2023\/11\/ball-of-wool-480x480.png 480w\" alt=\"\" width=\"18\" height=\"18\" data-opt-src=\"https:\/\/mlwr8opfwblo.i.optimole.com\/w:18\/h:18\/q:mauto\/f:best\/https:\/\/moroccomosaic.com\/wp-content\/uploads\/2023\/11\/ball-of-wool.png\" data-opt-lazy-loaded=\"true\" data-opt-optimized-width=\"18\" data-opt-optimized-height=\"18\" \/>\u00a0<strong>Med\u017eiaga:<\/strong> Baltojo Selenito Mineralai<\/div>\n<div>\n<p><a href=\"https:\/\/mlwr8opfwblo.i.optimole.com\/w:auto\/h:auto\/q:mauto\/f:best\/https:\/\/moroccomosaic.com\/wp-content\/uploads\/2023\/11\/ruler.png\"><img decoding=\"async\" class=\"alignnone wp-image-215993\" src=\"https:\/\/mlwr8opfwblo.i.optimole.com\/w:19\/h:19\/q:mauto\/f:best\/https:\/\/moroccomosaic.com\/wp-content\/uploads\/2023\/11\/ruler.png\" sizes=\"(max-width: 19px) 100vw, 19px\" srcset=\"https:\/\/moroccomosaic.com\/wp-content\/uploads\/2023\/11\/ruler.png 512w, https:\/\/moroccomosaic.com\/wp-content\/uploads\/2023\/11\/ruler-100x100.png 100w, https:\/\/moroccomosaic.com\/wp-content\/uploads\/2023\/11\/ruler-64x64.png 64w, https:\/\/moroccomosaic.com\/wp-content\/uploads\/2023\/11\/ruler-400x400.png 400w, https:\/\/moroccomosaic.com\/wp-content\/uploads\/2023\/11\/ruler-300x300.png 300w, https:\/\/moroccomosaic.com\/wp-content\/uploads\/2023\/11\/ruler-150x150.png 150w, https:\/\/moroccomosaic.com\/wp-content\/uploads\/2023\/11\/ruler-480x480.png 480w\" alt=\"\" width=\"19\" height=\"19\" data-opt-src=\"https:\/\/mlwr8opfwblo.i.optimole.com\/w:19\/h:19\/q:mauto\/f:best\/https:\/\/moroccomosaic.com\/wp-content\/uploads\/2023\/11\/ruler.png\" data-opt-lazy-loaded=\"true\" data-opt-optimized-width=\"19\" data-opt-optimized-height=\"19\" \/><\/a><strong> \u2245 Dydis:<\/strong>\u00a08 cm x 7 cm x 5 cm H<\/p>\n<p><strong>\u00a0 \u00a0 \u00a0Apdaila:<\/strong>\u00a0Poliruotas<\/p>\n<p><strong>\u00a0 \u00a0 \u00a0Kilm\u0117s \u0160alis:<\/strong>\u00a0Marokas<\/p>\n<p>&nbsp;<\/p>\n<\/div>\n<h6><strong>Atkreipkite D\u0117mes\u012f:<\/strong><\/h6>\n<ul>\n<li>Kadangi m\u016bs\u0173 gaminiai yra rank\u0173 darbo, gali b\u016bti nedideli\u0173 poliravimo ar formos netobulum\u0173, kurie suteikia jiems unikalumo ir gro\u017eio.<\/li>\n<\/ul>","protected":false},"featured_media":217532,"comment_status":"open","ping_status":"closed","template":"","meta":{"content-type":"","site-sidebar-layout":"default","site-content-layout":"","ast-site-content-layout":"default","site-content-style":"default","site-sidebar-style":"default","ast-global-header-display":"","ast-banner-title-visibility":"","ast-main-header-display":"","ast-hfb-above-header-display":"","ast-hfb-below-header-display":"","ast-hfb-mobile-header-display":"","site-post-title":"","ast-breadcrumbs-content":"","ast-featured-img":"","footer-sml-layout":"","ast-disable-related-posts":"","theme-transparent-header-meta":"","adv-header-id-meta":"","stick-header-meta":"","header-above-stick-meta":"","header-main-stick-meta":"","header-below-stick-meta":"","astra-migrate-meta-layouts":"default","ast-page-background-enabled":"default","ast-page-background-meta":{"desktop":{"background-color":"var(--ast-global-color-4)","background-image":"","background-repeat":"repeat","background-position":"center center","background-size":"auto","background-attachment":"scroll","background-type":"","background-media":"","overlay-type":"","overlay-color":"","overlay-opacity":"","overlay-gradient":""},"tablet":{"background-color":"","background-image":"","background-repeat":"repeat","background-position":"center center","background-size":"auto","background-attachment":"scroll","background-type":"","background-media":"","overlay-type":"","overlay-color":"","overlay-opacity":"","overlay-gradient":""},"mobile":{"background-color":"","background-image":"","background-repeat":"repeat","background-position":"center center","background-size":"auto","background-attachment":"scroll","background-type":"","background-media":"","overlay-type":"","overlay-color":"","overlay-opacity":"","overlay-gradient":""}},"ast-content-background-meta":{"desktop":{"background-color":"var(--ast-global-color-5)","background-image":"","background-repeat":"repeat","background-position":"center center","background-size":"auto","background-attachment":"scroll","background-type":"","background-media":"","overlay-type":"","overlay-color":"","overlay-opacity":"","overlay-gradient":""},"tablet":{"background-color":"var(--ast-global-color-5)","background-image":"","background-repeat":"repeat","background-position":"center center","background-size":"auto","background-attachment":"scroll","background-type":"","background-media":"","overlay-type":"","overlay-color":"","overlay-opacity":"","overlay-gradient":""},"mobile":{"background-color":"var(--ast-global-color-5)","background-image":"","background-repeat":"repeat","background-position":"center center","background-size":"auto","background-attachment":"scroll","background-type":"","background-media":"","overlay-type":"","overlay-color":"","overlay-opacity":"","overlay-gradient":""}}},"product_brand":[],"product_cat":[107],"product_tag":[],"class_list":{"0":"post-217530","1":"product","2":"type-product","3":"status-publish","4":"has-post-thumbnail","6":"product_cat-crystals","7":"desktop-align-left","8":"tablet-align-left","9":"mobile-align-left","11":"first","12":"instock","13":"shipping-taxable","14":"purchasable","15":"product-type-simple"},"yoast_head":"<!-- This site is optimized with the Yoast SEO Premium plugin v22.3 (Yoast SEO v27.4) - https:\/\/yoast.com\/product\/yoast-seo-premium-wordpress\/ -->\n<title>White Selenite Heart Candle Holder - Moroccan Mosaic<\/title>\n<meta name=\"description\" content=\"This selenite heart candle is carved from white selenite from Morocco. It is a beautiful home accent, and a source of love, passion, and self-acceptance.\" \/>\n<meta name=\"robots\" content=\"index, follow, max-snippet:-1, max-image-preview:large, max-video-preview:-1\" \/>\n<link rel=\"canonical\" href=\"https:\/\/moroccomosaic.com\/lt\/produktas\/white-selenite-heart-candle-holder\/\" \/>\n<meta property=\"og:locale\" content=\"lt_LT\" \/>\n<meta property=\"og:type\" content=\"article\" \/>\n<meta property=\"og:title\" content=\"White Selenite Heart Candle Holder\" \/>\n<meta property=\"og:description\" content=\"This selenite heart candle is carved from white selenite from Morocco. It is a beautiful home accent, and a source of love, passion, and self-acceptance.\" \/>\n<meta property=\"og:url\" content=\"https:\/\/moroccomosaic.com\/lt\/produktas\/white-selenite-heart-candle-holder\/\" \/>\n<meta property=\"og:site_name\" content=\"Moroccan Mosaic\" \/>\n<meta property=\"article:publisher\" content=\"https:\/\/facebook.com\/moroccomosaic\" \/>\n<meta property=\"article:modified_time\" content=\"2025-08-19T16:10:14+00:00\" \/>\n<meta property=\"og:image\" content=\"https:\/\/moroccomosaic.com\/wp-content\/uploads\/2024\/02\/Copy-of-Untitled-Design-1-3.jpg\" \/>\n\t<meta property=\"og:image:width\" content=\"1000\" \/>\n\t<meta property=\"og:image:height\" content=\"1000\" \/>\n\t<meta property=\"og:image:type\" content=\"image\/jpeg\" \/>\n<meta name=\"twitter:label1\" content=\"Est. reading time\" \/>\n\t<meta name=\"twitter:data1\" content=\"3 minut\u0117s\" \/>\n<script type=\"application\/ld+json\" class=\"yoast-schema-graph\">{\"@context\":\"https:\\\/\\\/schema.org\",\"@graph\":[{\"@type\":\"WebPage\",\"@id\":\"https:\\\/\\\/moroccomosaic.com\\\/product\\\/white-selenite-heart-candle-holder\\\/\",\"url\":\"https:\\\/\\\/moroccomosaic.com\\\/product\\\/white-selenite-heart-candle-holder\\\/\",\"name\":\"White Selenite Heart Candle Holder - Moroccan Mosaic\",\"isPartOf\":{\"@id\":\"https:\\\/\\\/moroccomosaic.com\\\/#website\"},\"primaryImageOfPage\":{\"@id\":\"https:\\\/\\\/moroccomosaic.com\\\/product\\\/white-selenite-heart-candle-holder\\\/#primaryimage\"},\"image\":{\"@id\":\"https:\\\/\\\/moroccomosaic.com\\\/product\\\/white-selenite-heart-candle-holder\\\/#primaryimage\"},\"thumbnailUrl\":\"https:\\\/\\\/moroccomosaic.com\\\/wp-content\\\/uploads\\\/2024\\\/02\\\/Copy-of-Untitled-Design-1-3.jpg\",\"datePublished\":\"2024-02-14T09:56:11+00:00\",\"dateModified\":\"2025-08-19T16:10:14+00:00\",\"description\":\"This selenite heart candle is carved from white selenite from Morocco. It is a beautiful home accent, and a source of love, passion, and self-acceptance.\",\"breadcrumb\":{\"@id\":\"https:\\\/\\\/moroccomosaic.com\\\/product\\\/white-selenite-heart-candle-holder\\\/#breadcrumb\"},\"inLanguage\":\"lt-LT\",\"potentialAction\":[{\"@type\":\"ReadAction\",\"target\":[\"https:\\\/\\\/moroccomosaic.com\\\/product\\\/white-selenite-heart-candle-holder\\\/\"]}]},{\"@type\":\"ImageObject\",\"inLanguage\":\"lt-LT\",\"@id\":\"https:\\\/\\\/moroccomosaic.com\\\/product\\\/white-selenite-heart-candle-holder\\\/#primaryimage\",\"url\":\"https:\\\/\\\/moroccomosaic.com\\\/wp-content\\\/uploads\\\/2024\\\/02\\\/Copy-of-Untitled-Design-1-3.jpg\",\"contentUrl\":\"https:\\\/\\\/moroccomosaic.com\\\/wp-content\\\/uploads\\\/2024\\\/02\\\/Copy-of-Untitled-Design-1-3.jpg\",\"width\":1000,\"height\":1000},{\"@type\":\"BreadcrumbList\",\"@id\":\"https:\\\/\\\/moroccomosaic.com\\\/product\\\/white-selenite-heart-candle-holder\\\/#breadcrumb\",\"itemListElement\":[{\"@type\":\"ListItem\",\"position\":1,\"name\":\"Shop\",\"item\":\"https:\\\/\\\/moroccomosaic.com\\\/shop\\\/\"},{\"@type\":\"ListItem\",\"position\":2,\"name\":\"White Selenite Heart Candle Holder\"}]},{\"@type\":\"WebSite\",\"@id\":\"https:\\\/\\\/moroccomosaic.com\\\/#website\",\"url\":\"https:\\\/\\\/moroccomosaic.com\\\/\",\"name\":\"Moroccan Mosaic\",\"description\":\"Handcrafted Artistry from Morocco\",\"publisher\":{\"@id\":\"https:\\\/\\\/moroccomosaic.com\\\/#organization\"},\"potentialAction\":[{\"@type\":\"SearchAction\",\"target\":{\"@type\":\"EntryPoint\",\"urlTemplate\":\"https:\\\/\\\/moroccomosaic.com\\\/?s={search_term_string}\"},\"query-input\":{\"@type\":\"PropertyValueSpecification\",\"valueRequired\":true,\"valueName\":\"search_term_string\"}}],\"inLanguage\":\"lt-LT\"},{\"@type\":\"Organization\",\"@id\":\"https:\\\/\\\/moroccomosaic.com\\\/#organization\",\"name\":\"Moroccan Mosaic\",\"url\":\"https:\\\/\\\/moroccomosaic.com\\\/\",\"logo\":{\"@type\":\"ImageObject\",\"inLanguage\":\"lt-LT\",\"@id\":\"https:\\\/\\\/moroccomosaic.com\\\/#\\\/schema\\\/logo\\\/image\\\/\",\"url\":\"https:\\\/\\\/moroccomosaic.com\\\/wp-content\\\/uploads\\\/2023\\\/09\\\/Maroccan-Mosaic-jpg-RGB.jpg\",\"contentUrl\":\"https:\\\/\\\/moroccomosaic.com\\\/wp-content\\\/uploads\\\/2023\\\/09\\\/Maroccan-Mosaic-jpg-RGB.jpg\",\"width\":2399,\"height\":865,\"caption\":\"Moroccan Mosaic\"},\"image\":{\"@id\":\"https:\\\/\\\/moroccomosaic.com\\\/#\\\/schema\\\/logo\\\/image\\\/\"},\"sameAs\":[\"https:\\\/\\\/facebook.com\\\/moroccomosaic\",\"https:\\\/\\\/www.instagram.com\\\/moroccan.mosaic\"]}]}<\/script>\n<!-- \/ Yoast SEO Premium plugin. -->","yoast_head_json":{"title":"White Selenite Heart Candle Holder - Moroccan Mosaic","description":"This selenite heart candle is carved from white selenite from Morocco. It is a beautiful home accent, and a source of love, passion, and self-acceptance.","robots":{"index":"index","follow":"follow","max-snippet":"max-snippet:-1","max-image-preview":"max-image-preview:large","max-video-preview":"max-video-preview:-1"},"canonical":"https:\/\/moroccomosaic.com\/lt\/produktas\/white-selenite-heart-candle-holder\/","og_locale":"lt_LT","og_type":"article","og_title":"White Selenite Heart Candle Holder","og_description":"This selenite heart candle is carved from white selenite from Morocco. It is a beautiful home accent, and a source of love, passion, and self-acceptance.","og_url":"https:\/\/moroccomosaic.com\/lt\/produktas\/white-selenite-heart-candle-holder\/","og_site_name":"Moroccan Mosaic","article_publisher":"https:\/\/facebook.com\/moroccomosaic","article_modified_time":"2025-08-19T16:10:14+00:00","og_image":[{"width":1000,"height":1000,"url":"https:\/\/moroccomosaic.com\/wp-content\/uploads\/2024\/02\/Copy-of-Untitled-Design-1-3.jpg","type":"image\/jpeg"}],"twitter_misc":{"Est. reading time":"3 minut\u0117s"},"schema":{"@context":"https:\/\/schema.org","@graph":[{"@type":"WebPage","@id":"https:\/\/moroccomosaic.com\/product\/white-selenite-heart-candle-holder\/","url":"https:\/\/moroccomosaic.com\/product\/white-selenite-heart-candle-holder\/","name":"White Selenite Heart Candle Holder - Moroccan Mosaic","isPartOf":{"@id":"https:\/\/moroccomosaic.com\/#website"},"primaryImageOfPage":{"@id":"https:\/\/moroccomosaic.com\/product\/white-selenite-heart-candle-holder\/#primaryimage"},"image":{"@id":"https:\/\/moroccomosaic.com\/product\/white-selenite-heart-candle-holder\/#primaryimage"},"thumbnailUrl":"https:\/\/moroccomosaic.com\/wp-content\/uploads\/2024\/02\/Copy-of-Untitled-Design-1-3.jpg","datePublished":"2024-02-14T09:56:11+00:00","dateModified":"2025-08-19T16:10:14+00:00","description":"This selenite heart candle is carved from white selenite from Morocco. It is a beautiful home accent, and a source of love, passion, and self-acceptance.","breadcrumb":{"@id":"https:\/\/moroccomosaic.com\/product\/white-selenite-heart-candle-holder\/#breadcrumb"},"inLanguage":"lt-LT","potentialAction":[{"@type":"ReadAction","target":["https:\/\/moroccomosaic.com\/product\/white-selenite-heart-candle-holder\/"]}]},{"@type":"ImageObject","inLanguage":"lt-LT","@id":"https:\/\/moroccomosaic.com\/product\/white-selenite-heart-candle-holder\/#primaryimage","url":"https:\/\/moroccomosaic.com\/wp-content\/uploads\/2024\/02\/Copy-of-Untitled-Design-1-3.jpg","contentUrl":"https:\/\/moroccomosaic.com\/wp-content\/uploads\/2024\/02\/Copy-of-Untitled-Design-1-3.jpg","width":1000,"height":1000},{"@type":"BreadcrumbList","@id":"https:\/\/moroccomosaic.com\/product\/white-selenite-heart-candle-holder\/#breadcrumb","itemListElement":[{"@type":"ListItem","position":1,"name":"Shop","item":"https:\/\/moroccomosaic.com\/shop\/"},{"@type":"ListItem","position":2,"name":"White Selenite Heart Candle Holder"}]},{"@type":"WebSite","@id":"https:\/\/moroccomosaic.com\/#website","url":"https:\/\/moroccomosaic.com\/","name":"Moroccan Mosaic","description":"Handcrafted Artistry from Morocco","publisher":{"@id":"https:\/\/moroccomosaic.com\/#organization"},"potentialAction":[{"@type":"SearchAction","target":{"@type":"EntryPoint","urlTemplate":"https:\/\/moroccomosaic.com\/?s={search_term_string}"},"query-input":{"@type":"PropertyValueSpecification","valueRequired":true,"valueName":"search_term_string"}}],"inLanguage":"lt-LT"},{"@type":"Organization","@id":"https:\/\/moroccomosaic.com\/#organization","name":"Moroccan Mosaic","url":"https:\/\/moroccomosaic.com\/","logo":{"@type":"ImageObject","inLanguage":"lt-LT","@id":"https:\/\/moroccomosaic.com\/#\/schema\/logo\/image\/","url":"https:\/\/moroccomosaic.com\/wp-content\/uploads\/2023\/09\/Maroccan-Mosaic-jpg-RGB.jpg","contentUrl":"https:\/\/moroccomosaic.com\/wp-content\/uploads\/2023\/09\/Maroccan-Mosaic-jpg-RGB.jpg","width":2399,"height":865,"caption":"Moroccan Mosaic"},"image":{"@id":"https:\/\/moroccomosaic.com\/#\/schema\/logo\/image\/"},"sameAs":["https:\/\/facebook.com\/moroccomosaic","https:\/\/www.instagram.com\/moroccan.mosaic"]}]}},"_links":{"self":[{"href":"https:\/\/moroccomosaic.com\/lt\/wp-json\/wp\/v2\/product\/217530","targetHints":{"allow":["GET"]}}],"collection":[{"href":"https:\/\/moroccomosaic.com\/lt\/wp-json\/wp\/v2\/product"}],"about":[{"href":"https:\/\/moroccomosaic.com\/lt\/wp-json\/wp\/v2\/types\/product"}],"replies":[{"embeddable":true,"href":"https:\/\/moroccomosaic.com\/lt\/wp-json\/wp\/v2\/comments?post=217530"}],"wp:featuredmedia":[{"embeddable":true,"href":"https:\/\/moroccomosaic.com\/lt\/wp-json\/wp\/v2\/media\/217532"}],"wp:attachment":[{"href":"https:\/\/moroccomosaic.com\/lt\/wp-json\/wp\/v2\/media?parent=217530"}],"wp:term":[{"taxonomy":"product_brand","embeddable":true,"href":"https:\/\/moroccomosaic.com\/lt\/wp-json\/wp\/v2\/product_brand?post=217530"},{"taxonomy":"product_cat","embeddable":true,"href":"https:\/\/moroccomosaic.com\/lt\/wp-json\/wp\/v2\/product_cat?post=217530"},{"taxonomy":"product_tag","embeddable":true,"href":"https:\/\/moroccomosaic.com\/lt\/wp-json\/wp\/v2\/product_tag?post=217530"}],"curies":[{"name":"wp","href":"https:\/\/api.w.org\/{rel}","templated":true}]}}