{"id":217818,"date":"2024-05-02T15:59:28","date_gmt":"2024-05-02T14:59:28","guid":{"rendered":"https:\/\/moroccomosaic.com\/?post_type=product&#038;p=217818"},"modified":"2025-07-02T11:07:38","modified_gmt":"2025-07-02T08:07:38","slug":"selenite-sphere-lamp","status":"publish","type":"product","link":"https:\/\/moroccomosaic.com\/lt\/produktas\/selenite-sphere-lamp\/","title":{"rendered":"Selenito Sferos Lempa"},"content":{"rendered":"<h4><strong>Rutulinis Lempa i\u0161 Selenito Kristalo:<\/strong><\/h4>\n<p data-sourcepos=\"3:1-3:295\">Hand polished from pure selenite minerals, this lovely lamp from the Atlas mountains of Morocco isn&#8217;t just a beautiful decor accent, it&#8217;s a sanctuary for your well-being. Selenite is the stone of peace and purity. It radiates calming energy, cleansing your space of negativity and promoting serenity. Lighting this selenite sphere lamp from the inside illuminates all the details and formations of this crystal. Its beautiful glow creates adequate space for meditation, reflection, and tranquility.<\/p>\n<p data-sourcepos=\"3:1-3:295\" class=\"translation-block\"><a href=\"\/\/www.healthline.com\/health\/mind-body\/selenite-properties\u201c\" target=\"\u201e_self\u201c\">Selenitas<\/a> taip pat yra kit\u0173 kristal\u0173 valymo ir \u012fkrovimo \u0161altinis. Taigi \u0161i ledin\u0117 marokieti\u0161ka lempa taip pat gali b\u016bti skaidrumo \u0161altinis ir energij\u0105 gryninantis nam\u0173 dekoro elementas. Geriausia selenito kristalus laikyti \u0161alia sav\u0119s kiekviename nam\u0173 kampelyje, kad visur, kur tik eisite, jus supt\u0173 teigiama energija.<\/p>\n<p data-sourcepos=\"5:1-5:83\">Tai ne tik lempa, bet ir kvietimas r\u016bpintis savimi. Jis gali b\u016bti puikus priedas prie bet kokio <strong>jogos studija<\/strong>,\u00a0<strong>meditacijos erdv\u0117<\/strong>, arba\u00a0<strong>crystal lover&#8217;s home<\/strong>.<\/p>\n<h4><strong>Raudonojo selenito ir baltojo selenito skirtumai ir pana\u0161umai:<\/strong><\/h4>\n<p class=\"translation-block\">Nors tiek raudonasis, tiek baltasis <a href=\"\/\/moroccomosaic.com\/lt\/what-types-of-selenite-can-be-found-in-morocco\/\u201c\/\" target=\"\u201e_self\u201c\">selenitas<\/a> yra to paties mineralo (gipso) atmainos, pagrindiniai j\u0173 skirtumai yra spalva ir i\u0161 dalies metafizin\u0117s savyb\u0117s. Raudona spalva atsiranda d\u0117l to, kad formuojantis kristalui yra gele\u017eies oksido. Atspalvis gali b\u016bti nuo sodriai raudonos iki \u0161viesesni\u0173 persik\u0173 atspalvi\u0173. Raudonasis selenitas pasi\u017eymi visomis baltojo selenito savyb\u0117mis, dar stipriau jungiasi su fiziniu k\u016bnu ir turi stipr\u0173 dvasin\u012f ry\u0161\u012f.<\/p>\n<p><strong>Pana\u0161umai:<\/strong>\u00a0Abu kristalai pasi\u017eymi valomosiomis ir apsaugin\u0117mis savyb\u0117mis, \u0161alina neigiam\u0105 energij\u0105 ir stiprina teigiamas vibracijas. Be to, jie naudojami meditacijai ir \u010dakr\u0173 balansavimui.<\/p>\n<p><strong>Skirtumai:<\/strong>\u00a0Some believe red selenite has additional properties due to its color association with the lower chakras (sacral,\u00a0solar plexus,\u00a0and root).\u00a0These chakras relate to creativity,\u00a0power,\u00a0and grounding.\u00a0It&#8217;s said to stimulate these chakras,\u00a0bringing energy and increased motivation.\u00a0White selenite,\u00a0on the other hand,\u00a0is more associated with the higher chakras (crown and third eye),\u00a0focusing on spirituality,\u00a0intuition,\u00a0and enlightenment.<\/p>\n<p class=\"translation-block\"><strong>Retumas:<\/strong> Baltasis selenitas yra labiau paplit\u0119s ir lengvai prieinamas, o raudonasis selenitas - retesnis.<\/p>\n<p><strong>Prie\u017ei\u016bros instrukcijos:<\/strong>\u00a0Abu yra gana<strong>\u00a0trap\u016bs ir link\u0119 susibrai\u017eyti, tod\u0117l su jais elkit\u0117s atsargiai<\/strong>.<\/p>\n<h4 class=\"translation-block\"><strong><a href=\"https:\/\/www.healthline.com\/health\/mind-body\/selenite-properties#origins\" target=\"_self\">Selenito<\/a> Nauda:<\/strong><\/h4>\n<ul>\n<li>Selenitas puikiai i\u0161valo bet kokius dvasini\u0173 ar energetini\u0173 kanal\u0173 u\u017esikim\u0161imus.<\/li>\n<li>Suteikia apsaug\u0105 i\u0161 angel\u0173 karalyst\u0117s, i\u0161sklaido neigiam\u0105 energij\u0105 ir mintis, skatindamas ram\u0173 prot\u0105.<\/li>\n<li>Jis nuramina, ir suteikia ramyb\u0117s jausm\u0105.<\/li>\n<li>Tai apsauginis akmuo, kuris saugo \u017emog\u0173 ar erdv\u0119 nuo i\u0161orinio poveikio.<\/li>\n<li>Selenitas yra susikristalizavusi gipso forma, naudojama s\u0117kmei ir apsaugai.<\/li>\n<li>Galinga selenito vibracija gali i\u0161valyti, atverti ir suaktyvinti kar\u016bnos ir auk\u0161tesni\u0105sias \u010dakras ir puikiai tinka vis\u0173 r\u016b\u0161i\u0173 dvasiniam darbui.<\/li>\n<\/ul>\n<h4><strong>Atkreipkite D\u0117mes\u012f:<\/strong><\/h4>\n<ul>\n<li class=\"translation-block\"><strong>Atsisakymas d\u0117l selenito energetini\u0173 savybi\u0173<\/strong> (tai yra \u012fsitikinimai, o ne moksliniai faktai).<\/li>\n<\/ul>\n<p class=\"translation-block\"><strong>Pirkdami \u0161\u012f gamin\u012f ne tik padedate m\u016bs\u0173 smulkiajam verslui, bet ir prisidedate prie gero humanitarinio tikslo, kurio siekiame kartu su m\u016bs\u0173 <a href=\"\/\/www.visitmorocco.com\/en\/discover-morocco\/traditional-craftsmanship-revisited\u201c\" target=\"\u201e_self\u201c\">vietiniais amatininkais<\/a>.<\/strong><\/p>","protected":false},"excerpt":{"rendered":"<div class=\"wt-ml-xs-1\"><a href=\"https:\/\/mlwr8opfwblo.i.optimole.com\/w:auto\/h:auto\/q:mauto\/f:best\/https:\/\/moroccomosaic.com\/wp-content\/uploads\/2023\/11\/Handmade-icon.png\"><img decoding=\"async\" class=\"alignnone wp-image-215984\" src=\"https:\/\/mlwr8opfwblo.i.optimole.com\/w:30\/h:30\/q:mauto\/f:best\/https:\/\/moroccomosaic.com\/wp-content\/uploads\/2023\/11\/Handmade-icon.png\" sizes=\"(max-width: 30px) 100vw, 30px\" srcset=\"https:\/\/moroccomosaic.com\/wp-content\/uploads\/2023\/11\/Handmade-icon.png 512w, https:\/\/moroccomosaic.com\/wp-content\/uploads\/2023\/11\/Handmade-icon-100x100.png 100w, https:\/\/moroccomosaic.com\/wp-content\/uploads\/2023\/11\/Handmade-icon-64x64.png 64w, https:\/\/moroccomosaic.com\/wp-content\/uploads\/2023\/11\/Handmade-icon-400x400.png 400w, https:\/\/moroccomosaic.com\/wp-content\/uploads\/2023\/11\/Handmade-icon-300x300.png 300w, https:\/\/moroccomosaic.com\/wp-content\/uploads\/2023\/11\/Handmade-icon-150x150.png 150w, https:\/\/moroccomosaic.com\/wp-content\/uploads\/2023\/11\/Handmade-icon-480x480.png 480w\" alt=\"\" width=\"30\" height=\"30\" data-opt-src=\"https:\/\/mlwr8opfwblo.i.optimole.com\/w:30\/h:30\/q:mauto\/f:best\/https:\/\/moroccomosaic.com\/wp-content\/uploads\/2023\/11\/Handmade-icon.png\" data-opt-lazy-loaded=\"true\" data-opt-optimized-width=\"30\" data-opt-optimized-height=\"30\" \/><\/a>Rankomis Poliruotas<\/div>\n<div class=\"wt-ml-xs-1\">\u00a0\u00a0<img decoding=\"async\" class=\"alignnone wp-image-215985\" src=\"https:\/\/mlwr8opfwblo.i.optimole.com\/w:18\/h:18\/q:mauto\/f:best\/https:\/\/moroccomosaic.com\/wp-content\/uploads\/2023\/11\/ball-of-wool.png\" sizes=\"(max-width: 18px) 100vw, 18px\" srcset=\"https:\/\/moroccomosaic.com\/wp-content\/uploads\/2023\/11\/ball-of-wool.png 512w, https:\/\/moroccomosaic.com\/wp-content\/uploads\/2023\/11\/ball-of-wool-100x100.png 100w, https:\/\/moroccomosaic.com\/wp-content\/uploads\/2023\/11\/ball-of-wool-64x64.png 64w, https:\/\/moroccomosaic.com\/wp-content\/uploads\/2023\/11\/ball-of-wool-400x400.png 400w, https:\/\/moroccomosaic.com\/wp-content\/uploads\/2023\/11\/ball-of-wool-300x300.png 300w, https:\/\/moroccomosaic.com\/wp-content\/uploads\/2023\/11\/ball-of-wool-150x150.png 150w, https:\/\/moroccomosaic.com\/wp-content\/uploads\/2023\/11\/ball-of-wool-480x480.png 480w\" alt=\"\" width=\"18\" height=\"18\" data-opt-src=\"https:\/\/mlwr8opfwblo.i.optimole.com\/w:18\/h:18\/q:mauto\/f:best\/https:\/\/moroccomosaic.com\/wp-content\/uploads\/2023\/11\/ball-of-wool.png\" data-opt-lazy-loaded=\"true\" data-opt-optimized-width=\"18\" data-opt-optimized-height=\"18\" \/>\u00a0<strong>Med\u017eiaga:<\/strong>Selenito mineralai<\/div>\n<div class=\"wt-ml-xs-1\">\u00a0\u00a0<a href=\"https:\/\/mlwr8opfwblo.i.optimole.com\/w:auto\/h:auto\/q:mauto\/f:best\/https:\/\/moroccomosaic.com\/wp-content\/uploads\/2023\/11\/ruler.png\"><img decoding=\"async\" class=\"alignnone wp-image-215993\" src=\"https:\/\/mlwr8opfwblo.i.optimole.com\/w:19\/h:19\/q:mauto\/f:best\/https:\/\/moroccomosaic.com\/wp-content\/uploads\/2023\/11\/ruler.png\" sizes=\"(max-width: 19px) 100vw, 19px\" srcset=\"https:\/\/moroccomosaic.com\/wp-content\/uploads\/2023\/11\/ruler.png 512w, https:\/\/moroccomosaic.com\/wp-content\/uploads\/2023\/11\/ruler-100x100.png 100w, https:\/\/moroccomosaic.com\/wp-content\/uploads\/2023\/11\/ruler-64x64.png 64w, https:\/\/moroccomosaic.com\/wp-content\/uploads\/2023\/11\/ruler-400x400.png 400w, https:\/\/moroccomosaic.com\/wp-content\/uploads\/2023\/11\/ruler-300x300.png 300w, https:\/\/moroccomosaic.com\/wp-content\/uploads\/2023\/11\/ruler-150x150.png 150w, https:\/\/moroccomosaic.com\/wp-content\/uploads\/2023\/11\/ruler-480x480.png 480w\" alt=\"\" width=\"19\" height=\"19\" data-opt-src=\"https:\/\/mlwr8opfwblo.i.optimole.com\/w:19\/h:19\/q:mauto\/f:best\/https:\/\/moroccomosaic.com\/wp-content\/uploads\/2023\/11\/ruler.png\" data-opt-lazy-loaded=\"true\" data-opt-optimized-width=\"19\" data-opt-optimized-height=\"19\" \/><\/a> <strong>\u2245 Sferos dydis:<\/strong> 7 &#8211; 8 cm \/ 600 &#8211; 700 g<\/div>\n<p><strong>LED (2 parinktys):<\/strong><br \/>\n<strong>\u0160iltos \u0160viesos LED:<\/strong> 10cm skersmuo, kabelio ilgis ~ 140cm<br \/>\n<strong>Ry\u0161ki \u0160viesa LED:<\/strong> 10cm skersmuo, kabelio ilgis ~ 140cm<\/p>\n<p><strong>\u00a0 \u00a0 \u00a0 \u00a0 Apdaila:<\/strong> Poliruotas pavir\u0161ius<\/p>\n<p><strong>\u00a0 \u00a0 \u00a0 \u00a0 Kilm\u0117s \u0160alis:<\/strong>\u00a0Marokas<\/p>\n<p>&nbsp;<\/p>\n<h6><strong>INFORMACIJA APIE PRODUKTUS:<\/strong><\/h6>\n<ul>\n<li>\u0160viestuv\u0105 sudaro dvi atskiros dalys: medinis ledo pagrindas ir selenito akmuo. Abi dalys nepritvirtintos.<\/li>\n<li>USB \u0161viesos diod\u0173 lemput\u0117 tiekiama be \u012fkroviklio ir gali veikti su bet kuriuo USB sieniniu \u012fkrovikliu.<\/li>\n<li>U\u017esakyti produktai parenkami atsitiktine tvarka.<\/li>\n<li>Daiktai yra rank\u0173 darbo ir pagaminti i\u0161 nat\u016brali\u0173 med\u017eiag\u0173, o tai suteikia jiems unikalumo ir gro\u017eio.<\/li>\n<li>Jis gali b\u016bti netobulos formos arba atrodyti kitaip nei nuotraukose.<\/li>\n<li>Jei reikia pagalbos renkantis gaminius, susisiekite su mumis.<\/li>\n<\/ul>","protected":false},"featured_media":217839,"comment_status":"open","ping_status":"closed","template":"","meta":{"content-type":"","site-sidebar-layout":"default","site-content-layout":"","ast-site-content-layout":"default","site-content-style":"default","site-sidebar-style":"default","ast-global-header-display":"","ast-banner-title-visibility":"","ast-main-header-display":"","ast-hfb-above-header-display":"","ast-hfb-below-header-display":"","ast-hfb-mobile-header-display":"","site-post-title":"","ast-breadcrumbs-content":"","ast-featured-img":"","footer-sml-layout":"","ast-disable-related-posts":"","theme-transparent-header-meta":"","adv-header-id-meta":"","stick-header-meta":"","header-above-stick-meta":"","header-main-stick-meta":"","header-below-stick-meta":"","astra-migrate-meta-layouts":"default","ast-page-background-enabled":"default","ast-page-background-meta":{"desktop":{"background-color":"var(--ast-global-color-4)","background-image":"","background-repeat":"repeat","background-position":"center center","background-size":"auto","background-attachment":"scroll","background-type":"","background-media":"","overlay-type":"","overlay-color":"","overlay-opacity":"","overlay-gradient":""},"tablet":{"background-color":"","background-image":"","background-repeat":"repeat","background-position":"center center","background-size":"auto","background-attachment":"scroll","background-type":"","background-media":"","overlay-type":"","overlay-color":"","overlay-opacity":"","overlay-gradient":""},"mobile":{"background-color":"","background-image":"","background-repeat":"repeat","background-position":"center center","background-size":"auto","background-attachment":"scroll","background-type":"","background-media":"","overlay-type":"","overlay-color":"","overlay-opacity":"","overlay-gradient":""}},"ast-content-background-meta":{"desktop":{"background-color":"var(--ast-global-color-5)","background-image":"","background-repeat":"repeat","background-position":"center center","background-size":"auto","background-attachment":"scroll","background-type":"","background-media":"","overlay-type":"","overlay-color":"","overlay-opacity":"","overlay-gradient":""},"tablet":{"background-color":"var(--ast-global-color-5)","background-image":"","background-repeat":"repeat","background-position":"center center","background-size":"auto","background-attachment":"scroll","background-type":"","background-media":"","overlay-type":"","overlay-color":"","overlay-opacity":"","overlay-gradient":""},"mobile":{"background-color":"var(--ast-global-color-5)","background-image":"","background-repeat":"repeat","background-position":"center center","background-size":"auto","background-attachment":"scroll","background-type":"","background-media":"","overlay-type":"","overlay-color":"","overlay-opacity":"","overlay-gradient":""}}},"product_brand":[],"product_cat":[107,108],"product_tag":[],"class_list":{"0":"post-217818","1":"product","2":"type-product","3":"status-publish","4":"has-post-thumbnail","6":"product_cat-crystals","7":"product_cat-lamps","8":"desktop-align-left","9":"tablet-align-left","10":"mobile-align-left","12":"first","13":"instock","14":"shipping-taxable","15":"purchasable","16":"product-type-variable","17":"has-default-attributes"},"yoast_head":"<!-- This site is optimized with the Yoast SEO Premium plugin v22.3 (Yoast SEO v27.4) - https:\/\/yoast.com\/product\/yoast-seo-premium-wordpress\/ -->\n<title>Selenite Sphere Lamp - Moroccan Mosaic<\/title>\n<meta name=\"description\" content=\"Carved from pure selenite, this Moroccan selenite sphere lamp isn&#039;t just a beautiful accent piece, it&#039;s a sanctuary for your well-being, peace and purity\" \/>\n<meta name=\"robots\" content=\"index, follow, max-snippet:-1, max-image-preview:large, max-video-preview:-1\" \/>\n<link rel=\"canonical\" href=\"https:\/\/moroccomosaic.com\/lt\/produktas\/selenite-sphere-lamp\/\" \/>\n<meta property=\"og:locale\" content=\"lt_LT\" \/>\n<meta property=\"og:type\" content=\"article\" \/>\n<meta property=\"og:title\" content=\"Selenite Sphere Lamp\" \/>\n<meta property=\"og:description\" content=\"Carved from pure selenite, this Moroccan selenite sphere lamp isn&#039;t just a beautiful accent piece, it&#039;s a sanctuary for your well-being, peace and purity\" \/>\n<meta property=\"og:url\" content=\"https:\/\/moroccomosaic.com\/lt\/produktas\/selenite-sphere-lamp\/\" \/>\n<meta property=\"og:site_name\" content=\"Moroccan Mosaic\" \/>\n<meta property=\"article:publisher\" content=\"https:\/\/facebook.com\/moroccomosaic\" \/>\n<meta property=\"article:modified_time\" content=\"2025-07-02T08:07:38+00:00\" \/>\n<meta property=\"og:image\" content=\"https:\/\/moroccomosaic.com\/wp-content\/uploads\/2024\/05\/White-selenite-ball-6.jpg\" \/>\n\t<meta property=\"og:image:width\" content=\"1000\" \/>\n\t<meta property=\"og:image:height\" content=\"1000\" \/>\n\t<meta property=\"og:image:type\" content=\"image\/jpeg\" \/>\n<meta name=\"twitter:label1\" content=\"Est. reading time\" \/>\n\t<meta name=\"twitter:data1\" content=\"3 minut\u0117s\" \/>\n<script type=\"application\/ld+json\" class=\"yoast-schema-graph\">{\"@context\":\"https:\\\/\\\/schema.org\",\"@graph\":[{\"@type\":\"WebPage\",\"@id\":\"https:\\\/\\\/moroccomosaic.com\\\/product\\\/selenite-sphere-lamp\\\/\",\"url\":\"https:\\\/\\\/moroccomosaic.com\\\/product\\\/selenite-sphere-lamp\\\/\",\"name\":\"Selenite Sphere Lamp - Moroccan Mosaic\",\"isPartOf\":{\"@id\":\"https:\\\/\\\/moroccomosaic.com\\\/#website\"},\"primaryImageOfPage\":{\"@id\":\"https:\\\/\\\/moroccomosaic.com\\\/product\\\/selenite-sphere-lamp\\\/#primaryimage\"},\"image\":{\"@id\":\"https:\\\/\\\/moroccomosaic.com\\\/product\\\/selenite-sphere-lamp\\\/#primaryimage\"},\"thumbnailUrl\":\"https:\\\/\\\/moroccomosaic.com\\\/wp-content\\\/uploads\\\/2024\\\/05\\\/White-selenite-ball-6.jpg\",\"datePublished\":\"2024-05-02T14:59:28+00:00\",\"dateModified\":\"2025-07-02T08:07:38+00:00\",\"description\":\"Carved from pure selenite, this Moroccan selenite sphere lamp isn't just a beautiful accent piece, it's a sanctuary for your well-being, peace and purity\",\"breadcrumb\":{\"@id\":\"https:\\\/\\\/moroccomosaic.com\\\/product\\\/selenite-sphere-lamp\\\/#breadcrumb\"},\"inLanguage\":\"lt-LT\",\"potentialAction\":[{\"@type\":\"ReadAction\",\"target\":[\"https:\\\/\\\/moroccomosaic.com\\\/product\\\/selenite-sphere-lamp\\\/\"]}]},{\"@type\":\"ImageObject\",\"inLanguage\":\"lt-LT\",\"@id\":\"https:\\\/\\\/moroccomosaic.com\\\/product\\\/selenite-sphere-lamp\\\/#primaryimage\",\"url\":\"https:\\\/\\\/moroccomosaic.com\\\/wp-content\\\/uploads\\\/2024\\\/05\\\/White-selenite-ball-6.jpg\",\"contentUrl\":\"https:\\\/\\\/moroccomosaic.com\\\/wp-content\\\/uploads\\\/2024\\\/05\\\/White-selenite-ball-6.jpg\",\"width\":1000,\"height\":1000,\"caption\":\"White Selenite Sphere Lamp from Morocco\"},{\"@type\":\"BreadcrumbList\",\"@id\":\"https:\\\/\\\/moroccomosaic.com\\\/product\\\/selenite-sphere-lamp\\\/#breadcrumb\",\"itemListElement\":[{\"@type\":\"ListItem\",\"position\":1,\"name\":\"Shop\",\"item\":\"https:\\\/\\\/moroccomosaic.com\\\/shop\\\/\"},{\"@type\":\"ListItem\",\"position\":2,\"name\":\"Selenite Sphere Lamp\"}]},{\"@type\":\"WebSite\",\"@id\":\"https:\\\/\\\/moroccomosaic.com\\\/#website\",\"url\":\"https:\\\/\\\/moroccomosaic.com\\\/\",\"name\":\"Moroccan Mosaic\",\"description\":\"Handcrafted Artistry from Morocco\",\"publisher\":{\"@id\":\"https:\\\/\\\/moroccomosaic.com\\\/#organization\"},\"potentialAction\":[{\"@type\":\"SearchAction\",\"target\":{\"@type\":\"EntryPoint\",\"urlTemplate\":\"https:\\\/\\\/moroccomosaic.com\\\/?s={search_term_string}\"},\"query-input\":{\"@type\":\"PropertyValueSpecification\",\"valueRequired\":true,\"valueName\":\"search_term_string\"}}],\"inLanguage\":\"lt-LT\"},{\"@type\":\"Organization\",\"@id\":\"https:\\\/\\\/moroccomosaic.com\\\/#organization\",\"name\":\"Moroccan Mosaic\",\"url\":\"https:\\\/\\\/moroccomosaic.com\\\/\",\"logo\":{\"@type\":\"ImageObject\",\"inLanguage\":\"lt-LT\",\"@id\":\"https:\\\/\\\/moroccomosaic.com\\\/#\\\/schema\\\/logo\\\/image\\\/\",\"url\":\"https:\\\/\\\/moroccomosaic.com\\\/wp-content\\\/uploads\\\/2023\\\/09\\\/Maroccan-Mosaic-jpg-RGB.jpg\",\"contentUrl\":\"https:\\\/\\\/moroccomosaic.com\\\/wp-content\\\/uploads\\\/2023\\\/09\\\/Maroccan-Mosaic-jpg-RGB.jpg\",\"width\":2399,\"height\":865,\"caption\":\"Moroccan Mosaic\"},\"image\":{\"@id\":\"https:\\\/\\\/moroccomosaic.com\\\/#\\\/schema\\\/logo\\\/image\\\/\"},\"sameAs\":[\"https:\\\/\\\/facebook.com\\\/moroccomosaic\",\"https:\\\/\\\/www.instagram.com\\\/moroccan.mosaic\"]}]}<\/script>\n<!-- \/ Yoast SEO Premium plugin. -->","yoast_head_json":{"title":"Selenite Sphere Lamp - Moroccan Mosaic","description":"Carved from pure selenite, this Moroccan selenite sphere lamp isn't just a beautiful accent piece, it's a sanctuary for your well-being, peace and purity","robots":{"index":"index","follow":"follow","max-snippet":"max-snippet:-1","max-image-preview":"max-image-preview:large","max-video-preview":"max-video-preview:-1"},"canonical":"https:\/\/moroccomosaic.com\/lt\/produktas\/selenite-sphere-lamp\/","og_locale":"lt_LT","og_type":"article","og_title":"Selenite Sphere Lamp","og_description":"Carved from pure selenite, this Moroccan selenite sphere lamp isn't just a beautiful accent piece, it's a sanctuary for your well-being, peace and purity","og_url":"https:\/\/moroccomosaic.com\/lt\/produktas\/selenite-sphere-lamp\/","og_site_name":"Moroccan Mosaic","article_publisher":"https:\/\/facebook.com\/moroccomosaic","article_modified_time":"2025-07-02T08:07:38+00:00","og_image":[{"width":1000,"height":1000,"url":"https:\/\/moroccomosaic.com\/wp-content\/uploads\/2024\/05\/White-selenite-ball-6.jpg","type":"image\/jpeg"}],"twitter_misc":{"Est. reading time":"3 minut\u0117s"},"schema":{"@context":"https:\/\/schema.org","@graph":[{"@type":"WebPage","@id":"https:\/\/moroccomosaic.com\/product\/selenite-sphere-lamp\/","url":"https:\/\/moroccomosaic.com\/product\/selenite-sphere-lamp\/","name":"Selenite Sphere Lamp - Moroccan Mosaic","isPartOf":{"@id":"https:\/\/moroccomosaic.com\/#website"},"primaryImageOfPage":{"@id":"https:\/\/moroccomosaic.com\/product\/selenite-sphere-lamp\/#primaryimage"},"image":{"@id":"https:\/\/moroccomosaic.com\/product\/selenite-sphere-lamp\/#primaryimage"},"thumbnailUrl":"https:\/\/moroccomosaic.com\/wp-content\/uploads\/2024\/05\/White-selenite-ball-6.jpg","datePublished":"2024-05-02T14:59:28+00:00","dateModified":"2025-07-02T08:07:38+00:00","description":"Carved from pure selenite, this Moroccan selenite sphere lamp isn't just a beautiful accent piece, it's a sanctuary for your well-being, peace and purity","breadcrumb":{"@id":"https:\/\/moroccomosaic.com\/product\/selenite-sphere-lamp\/#breadcrumb"},"inLanguage":"lt-LT","potentialAction":[{"@type":"ReadAction","target":["https:\/\/moroccomosaic.com\/product\/selenite-sphere-lamp\/"]}]},{"@type":"ImageObject","inLanguage":"lt-LT","@id":"https:\/\/moroccomosaic.com\/product\/selenite-sphere-lamp\/#primaryimage","url":"https:\/\/moroccomosaic.com\/wp-content\/uploads\/2024\/05\/White-selenite-ball-6.jpg","contentUrl":"https:\/\/moroccomosaic.com\/wp-content\/uploads\/2024\/05\/White-selenite-ball-6.jpg","width":1000,"height":1000,"caption":"White Selenite Sphere Lamp from Morocco"},{"@type":"BreadcrumbList","@id":"https:\/\/moroccomosaic.com\/product\/selenite-sphere-lamp\/#breadcrumb","itemListElement":[{"@type":"ListItem","position":1,"name":"Shop","item":"https:\/\/moroccomosaic.com\/shop\/"},{"@type":"ListItem","position":2,"name":"Selenite Sphere Lamp"}]},{"@type":"WebSite","@id":"https:\/\/moroccomosaic.com\/#website","url":"https:\/\/moroccomosaic.com\/","name":"Moroccan Mosaic","description":"Handcrafted Artistry from Morocco","publisher":{"@id":"https:\/\/moroccomosaic.com\/#organization"},"potentialAction":[{"@type":"SearchAction","target":{"@type":"EntryPoint","urlTemplate":"https:\/\/moroccomosaic.com\/?s={search_term_string}"},"query-input":{"@type":"PropertyValueSpecification","valueRequired":true,"valueName":"search_term_string"}}],"inLanguage":"lt-LT"},{"@type":"Organization","@id":"https:\/\/moroccomosaic.com\/#organization","name":"Moroccan Mosaic","url":"https:\/\/moroccomosaic.com\/","logo":{"@type":"ImageObject","inLanguage":"lt-LT","@id":"https:\/\/moroccomosaic.com\/#\/schema\/logo\/image\/","url":"https:\/\/moroccomosaic.com\/wp-content\/uploads\/2023\/09\/Maroccan-Mosaic-jpg-RGB.jpg","contentUrl":"https:\/\/moroccomosaic.com\/wp-content\/uploads\/2023\/09\/Maroccan-Mosaic-jpg-RGB.jpg","width":2399,"height":865,"caption":"Moroccan Mosaic"},"image":{"@id":"https:\/\/moroccomosaic.com\/#\/schema\/logo\/image\/"},"sameAs":["https:\/\/facebook.com\/moroccomosaic","https:\/\/www.instagram.com\/moroccan.mosaic"]}]}},"_links":{"self":[{"href":"https:\/\/moroccomosaic.com\/lt\/wp-json\/wp\/v2\/product\/217818","targetHints":{"allow":["GET"]}}],"collection":[{"href":"https:\/\/moroccomosaic.com\/lt\/wp-json\/wp\/v2\/product"}],"about":[{"href":"https:\/\/moroccomosaic.com\/lt\/wp-json\/wp\/v2\/types\/product"}],"replies":[{"embeddable":true,"href":"https:\/\/moroccomosaic.com\/lt\/wp-json\/wp\/v2\/comments?post=217818"}],"wp:featuredmedia":[{"embeddable":true,"href":"https:\/\/moroccomosaic.com\/lt\/wp-json\/wp\/v2\/media\/217839"}],"wp:attachment":[{"href":"https:\/\/moroccomosaic.com\/lt\/wp-json\/wp\/v2\/media?parent=217818"}],"wp:term":[{"taxonomy":"product_brand","embeddable":true,"href":"https:\/\/moroccomosaic.com\/lt\/wp-json\/wp\/v2\/product_brand?post=217818"},{"taxonomy":"product_cat","embeddable":true,"href":"https:\/\/moroccomosaic.com\/lt\/wp-json\/wp\/v2\/product_cat?post=217818"},{"taxonomy":"product_tag","embeddable":true,"href":"https:\/\/moroccomosaic.com\/lt\/wp-json\/wp\/v2\/product_tag?post=217818"}],"curies":[{"name":"wp","href":"https:\/\/api.w.org\/{rel}","templated":true}]}}