{"id":218121,"date":"2024-06-03T15:09:50","date_gmt":"2024-06-03T12:09:50","guid":{"rendered":"https:\/\/moroccomosaic.com\/?post_type=product&#038;p=218121"},"modified":"2025-07-22T13:52:58","modified_gmt":"2025-07-22T10:52:58","slug":"white-table-lamp-african-design-clay","status":"publish","type":"product","link":"https:\/\/moroccomosaic.com\/lt\/produktas\/white-table-lamp-african-design-clay\/","title":{"rendered":"Molio Stalinis \u0160viestuvas su Afrikos Gen\u010di\u0173 Dizainu"},"content":{"rendered":"<p class=\"translation-block\">\u0160i molin\u0117 Afrikos gen\u010di\u0173 dizaino lempa - tikras autenti\u0161kumo, paprastumo ir \u0161ilumos simbolis. Pasinerkite \u012f gyvybing\u0105 Afrikos energij\u0105 su \u0161iuo unikaliu \u0161viestuvu, kur\u012f <a href=\"https:\/\/moroccomosaic.com\/lt\/the-beauty-of-moroccan-handicraft\/?v=c562607189d7\" target=\"_self\">Maroko amatininkai rankomis<\/a> pagamino i\u0161 nat\u016bralaus molio Atlaso kalnuose Maroke.<\/p>\n<p>The lamp&#8217;s surface is adorned with a stunning tribal design. It features a rich palette of colors that showcases the essence of African culture. This eye-catching piece is more than just a lamp; it&#8217;s a conversation starter and a beautiful tribute to Moroccan artistry.<\/p>\n<p>\u0160i\u0173 lemp\u0173 gamyba pana\u0161i \u012f vis\u0173 Maroko molio dirbini\u0173 gamyb\u0105. Jos gaminamos tradiciniu metodu, kuris da\u017enai remiasi kvalifikuotu rank\u0173 darbu ir \u0161iais etapais:<\/p>\n<ol>\n<li data-sourcepos=\"3:5-3:132\" class=\"translation-block\"><strong>Molio paruo\u0161imas:<\/strong> Amatininkai naudoja vietin\u012f mol\u012f, nes jis gars\u0117ja auk\u0161ta kokybe. Jie j\u012f susmulkina ir kelias dienas mirko vandenyje, kad sumink\u0161t\u0117t\u0173.<\/li>\n<li data-sourcepos=\"3:5-3:132\" class=\"translation-block\"><strong>Molio formavimas:<\/strong> I\u0161d\u017ei\u016bvus\u012f mol\u012f amatininkai kruop\u0161\u010diai minko, tradici\u0161kai kojomis ir rankomis, kad pa\u0161alint\u0173 oro burbuliukus ar gumul\u0117lius. Taip molis paruo\u0161iamas formavimui.<\/li>\n<li data-sourcepos=\"7:4-7:129\"><strong>Throwing or Molding:<\/strong> The potter then uses a potter&#8217;s wheel to throw the clay into the desired form, like the round shape of this lamp. Alternatively, molds can be used for more complex shapes.<\/li>\n<li data-sourcepos=\"9:4-9:121\" class=\"translation-block\"><strong>Apipjaustymas ir i\u0161lyginimas:<\/strong> Suformav\u0119s \u0161viestuv\u0105, meistras j\u012f apipjausto ir i\u0161lygina, kad patobulint\u0173 form\u0105 ir u\u017etikrint\u0173 \u0161vari\u0105 apdail\u0105.<\/li>\n<li data-sourcepos=\"11:4-11:190\" class=\"translation-block\"><strong>D\u017eiovinimas ir pirmasis degimas:<\/strong> Tada lempa paliekama visi\u0161kai i\u0161d\u017ei\u016bti, kartais net kelias dienas. Tuomet ji dedama \u012f krosn\u012f, kur auk\u0161toje temperat\u016broje pirm\u0105 kart\u0105 i\u0161degama, kad sutvirt\u0117t\u0173 jos forma.<\/li>\n<li class=\"translation-block\"><strong>Da\u017eymas:<\/strong> Menininkai rankomis j\u012f nuda\u017eo balta spalva, kad sukurt\u0173 spalving\u0105 kontrast\u0105. Tada jie ranka ant molio pie\u0161ia Afrikos gen\u010di\u0173 ra\u0161tus ir ra\u0161tus, naudodami ry\u0161kias spalvas ir tradicinius motyvus.<\/li>\n<\/ol>\n<h5 style=\"padding-left: 40px;\"><strong>\u21d2 Lempos Specifikacijos:<\/strong><\/h5>\n<ul>\n<li>Rank\u0173 darbo i\u0161 nat\u016bralaus molio ir nat\u016brali\u0173 rafijos \u0161iaudeli\u0173, pagamint\u0173 Maroko Atlaso kalnuose vietini\u0173 amatinink\u0173.<\/li>\n<li>Unikalus neutraliomis spalvomis rankomis da\u017eytas \u0161viestuvas. J\u012f lengva priderinti prie bet kokio nam\u0173 stiliaus.<\/li>\n<li>Ekologi\u0161kas gaminys, pagamintas rankomis, naudojant tradicinius \u012frankius ir nedarantis \u017ealos aplinkai.<\/li>\n<\/ul>\n<p class=\"translation-block\"><strong>Pirkdami \u0161\u012f gamin\u012f ne tik padedate m\u016bs\u0173 smulkiajam verslui, bet ir prisidedate prie gero humanitarinio tikslo, kurio siekiame kartu su m\u016bs\u0173 <a href=\"\/\/www.visitmorocco.com\/en\/discover-morocco\/traditional-craftsmanship-revisited\u201c\" target=\"\u201e_self\u201c\">vietiniais amatininkais<\/a>.<\/strong><\/p>","protected":false},"excerpt":{"rendered":"<div class=\"wt-ml-xs-1\"><a href=\"https:\/\/mlwr8opfwblo.i.optimole.com\/w:auto\/h:auto\/q:mauto\/f:best\/https:\/\/moroccomosaic.com\/wp-content\/uploads\/2023\/11\/Handmade-icon.png\"><img decoding=\"async\" class=\"alignnone wp-image-215984\" src=\"https:\/\/mlwr8opfwblo.i.optimole.com\/w:30\/h:30\/q:mauto\/f:best\/https:\/\/moroccomosaic.com\/wp-content\/uploads\/2023\/11\/Handmade-icon.png\" sizes=\"(max-width: 30px) 100vw, 30px\" srcset=\"https:\/\/moroccomosaic.com\/wp-content\/uploads\/2023\/11\/Handmade-icon.png 512w, https:\/\/moroccomosaic.com\/wp-content\/uploads\/2023\/11\/Handmade-icon-100x100.png 100w, https:\/\/moroccomosaic.com\/wp-content\/uploads\/2023\/11\/Handmade-icon-64x64.png 64w, https:\/\/moroccomosaic.com\/wp-content\/uploads\/2023\/11\/Handmade-icon-400x400.png 400w, https:\/\/moroccomosaic.com\/wp-content\/uploads\/2023\/11\/Handmade-icon-300x300.png 300w, https:\/\/moroccomosaic.com\/wp-content\/uploads\/2023\/11\/Handmade-icon-150x150.png 150w, https:\/\/moroccomosaic.com\/wp-content\/uploads\/2023\/11\/Handmade-icon-480x480.png 480w\" alt=\"\" width=\"30\" height=\"30\" data-opt-src=\"https:\/\/mlwr8opfwblo.i.optimole.com\/w:30\/h:30\/q:mauto\/f:best\/https:\/\/moroccomosaic.com\/wp-content\/uploads\/2023\/11\/Handmade-icon.png\" data-opt-lazy-loaded=\"true\" data-opt-optimized-width=\"30\" data-opt-optimized-height=\"30\" \/><\/a>Rank\u0173 Darbo<\/div>\n<div class=\"wt-ml-xs-1\">\u00a0\u00a0<img decoding=\"async\" class=\"alignnone wp-image-215985\" src=\"https:\/\/mlwr8opfwblo.i.optimole.com\/w:18\/h:18\/q:mauto\/f:best\/https:\/\/moroccomosaic.com\/wp-content\/uploads\/2023\/11\/ball-of-wool.png\" sizes=\"(max-width: 18px) 100vw, 18px\" srcset=\"https:\/\/moroccomosaic.com\/wp-content\/uploads\/2023\/11\/ball-of-wool.png 512w, https:\/\/moroccomosaic.com\/wp-content\/uploads\/2023\/11\/ball-of-wool-100x100.png 100w, https:\/\/moroccomosaic.com\/wp-content\/uploads\/2023\/11\/ball-of-wool-64x64.png 64w, https:\/\/moroccomosaic.com\/wp-content\/uploads\/2023\/11\/ball-of-wool-400x400.png 400w, https:\/\/moroccomosaic.com\/wp-content\/uploads\/2023\/11\/ball-of-wool-300x300.png 300w, https:\/\/moroccomosaic.com\/wp-content\/uploads\/2023\/11\/ball-of-wool-150x150.png 150w, https:\/\/moroccomosaic.com\/wp-content\/uploads\/2023\/11\/ball-of-wool-480x480.png 480w\" alt=\"\" width=\"18\" height=\"18\" data-opt-src=\"https:\/\/mlwr8opfwblo.i.optimole.com\/w:18\/h:18\/q:mauto\/f:best\/https:\/\/moroccomosaic.com\/wp-content\/uploads\/2023\/11\/ball-of-wool.png\" data-opt-lazy-loaded=\"true\" data-opt-optimized-width=\"18\" data-opt-optimized-height=\"18\" \/> Med\u017eiaga: Molis ir nat\u016bral\u016bs rafijos \u0161iaudeliai<\/div>\n<div class=\"wt-ml-xs-1\">\u00a0\u00a0<a href=\"https:\/\/mlwr8opfwblo.i.optimole.com\/w:auto\/h:auto\/q:mauto\/f:best\/https:\/\/moroccomosaic.com\/wp-content\/uploads\/2023\/11\/ruler.png\"><img decoding=\"async\" class=\"alignnone wp-image-215993\" src=\"https:\/\/mlwr8opfwblo.i.optimole.com\/w:19\/h:19\/q:mauto\/f:best\/https:\/\/moroccomosaic.com\/wp-content\/uploads\/2023\/11\/ruler.png\" sizes=\"(max-width: 19px) 100vw, 19px\" srcset=\"https:\/\/moroccomosaic.com\/wp-content\/uploads\/2023\/11\/ruler.png 512w, https:\/\/moroccomosaic.com\/wp-content\/uploads\/2023\/11\/ruler-100x100.png 100w, https:\/\/moroccomosaic.com\/wp-content\/uploads\/2023\/11\/ruler-64x64.png 64w, https:\/\/moroccomosaic.com\/wp-content\/uploads\/2023\/11\/ruler-400x400.png 400w, https:\/\/moroccomosaic.com\/wp-content\/uploads\/2023\/11\/ruler-300x300.png 300w, https:\/\/moroccomosaic.com\/wp-content\/uploads\/2023\/11\/ruler-150x150.png 150w, https:\/\/moroccomosaic.com\/wp-content\/uploads\/2023\/11\/ruler-480x480.png 480w\" alt=\"\" width=\"19\" height=\"19\" data-opt-src=\"https:\/\/mlwr8opfwblo.i.optimole.com\/w:19\/h:19\/q:mauto\/f:best\/https:\/\/moroccomosaic.com\/wp-content\/uploads\/2023\/11\/ruler.png\" data-opt-lazy-loaded=\"true\" data-opt-optimized-width=\"19\" data-opt-optimized-height=\"19\" \/><\/a> I\u0161matavimai: H: 60 cm su atspalviu<\/div>\n<div class=\"wt-ml-xs-1\">\u00a0 \u00a0 \u00a0 \u00a0 Pagrindas: H: 49 cm, \u2205: 23 cm, \u2205 Dugnas: 18 cm<\/div>\n<div>\u00a0 \u00a0 \u00a0 \u00a0 Atspalvis<\/div>\n<div>\u00a0 <a href=\"https:\/\/moroccomosaic.com\/wp-content\/uploads\/2023\/11\/product.png?v=c562607189d7\"><img loading=\"lazy\" decoding=\"async\" class=\"alignnone wp-image-217787\" src=\"https:\/\/moroccomosaic.com\/wp-content\/uploads\/2023\/11\/product-300x300.png\" alt=\"\" width=\"20\" height=\"20\" srcset=\"https:\/\/moroccomosaic.com\/wp-content\/uploads\/2023\/11\/product-300x300.png 300w, https:\/\/moroccomosaic.com\/wp-content\/uploads\/2023\/11\/product-100x100.png 100w, https:\/\/moroccomosaic.com\/wp-content\/uploads\/2023\/11\/product-12x12.png 12w, https:\/\/moroccomosaic.com\/wp-content\/uploads\/2023\/11\/product-480x480.png 480w, https:\/\/moroccomosaic.com\/wp-content\/uploads\/2023\/11\/product-64x64.png 64w, https:\/\/moroccomosaic.com\/wp-content\/uploads\/2023\/11\/product.png 512w\" sizes=\"(max-width: 20px) 100vw, 20px\" \/><\/a> Prieinamumas: Produktas yra m\u016bs\u0173 sand\u0117lyje Lietuvoje.<\/div>\n<div><\/div>\n<div>\n<div><strong>Atkreipkite D\u0117mes\u012f:<\/strong> kadangi m\u016bs\u0173 gaminiai yra rank\u0173 darbo, gali b\u016bti nedideli\u0173 ra\u0161t\u0173 ar formos tr\u016bkum\u0173, kurie suteikia jiems unikalumo ir gro\u017eio.<\/div>\n<div>\n<div><strong>D\u0117l Gaminio I\u0161vaizdos:\u00a0<\/strong>Atkreipkite d\u0117mes\u012f, kad m\u016bs\u0173 parduotuv\u0117je rodom\u0173 ir fakti\u0161kai gaut\u0173 produkt\u0173 nuotrauk\u0173 spalva, tekst\u016bra ir kiti smulk\u016bs po\u017eymiai gali skirtis. \u0160iuos skirtumus gali lemti tokie veiksniai kaip monitoriaus nustatymai, ap\u0161vietimas ar rank\u0173 darbo gaminimo b\u016bdas.<\/div>\n<\/div>\n<\/div>","protected":false},"featured_media":219147,"comment_status":"open","ping_status":"closed","template":"","meta":{"content-type":"","site-sidebar-layout":"default","site-content-layout":"","ast-site-content-layout":"default","site-content-style":"default","site-sidebar-style":"default","ast-global-header-display":"","ast-banner-title-visibility":"","ast-main-header-display":"","ast-hfb-above-header-display":"","ast-hfb-below-header-display":"","ast-hfb-mobile-header-display":"","site-post-title":"","ast-breadcrumbs-content":"","ast-featured-img":"","footer-sml-layout":"","ast-disable-related-posts":"","theme-transparent-header-meta":"","adv-header-id-meta":"","stick-header-meta":"","header-above-stick-meta":"","header-main-stick-meta":"","header-below-stick-meta":"","astra-migrate-meta-layouts":"default","ast-page-background-enabled":"default","ast-page-background-meta":{"desktop":{"background-color":"var(--ast-global-color-4)","background-image":"","background-repeat":"repeat","background-position":"center center","background-size":"auto","background-attachment":"scroll","background-type":"","background-media":"","overlay-type":"","overlay-color":"","overlay-opacity":"","overlay-gradient":""},"tablet":{"background-color":"","background-image":"","background-repeat":"repeat","background-position":"center center","background-size":"auto","background-attachment":"scroll","background-type":"","background-media":"","overlay-type":"","overlay-color":"","overlay-opacity":"","overlay-gradient":""},"mobile":{"background-color":"","background-image":"","background-repeat":"repeat","background-position":"center center","background-size":"auto","background-attachment":"scroll","background-type":"","background-media":"","overlay-type":"","overlay-color":"","overlay-opacity":"","overlay-gradient":""}},"ast-content-background-meta":{"desktop":{"background-color":"var(--ast-global-color-5)","background-image":"","background-repeat":"repeat","background-position":"center center","background-size":"auto","background-attachment":"scroll","background-type":"","background-media":"","overlay-type":"","overlay-color":"","overlay-opacity":"","overlay-gradient":""},"tablet":{"background-color":"var(--ast-global-color-5)","background-image":"","background-repeat":"repeat","background-position":"center center","background-size":"auto","background-attachment":"scroll","background-type":"","background-media":"","overlay-type":"","overlay-color":"","overlay-opacity":"","overlay-gradient":""},"mobile":{"background-color":"var(--ast-global-color-5)","background-image":"","background-repeat":"repeat","background-position":"center center","background-size":"auto","background-attachment":"scroll","background-type":"","background-media":"","overlay-type":"","overlay-color":"","overlay-opacity":"","overlay-gradient":""}}},"product_brand":[155],"product_cat":[108],"product_tag":[],"class_list":{"0":"post-218121","1":"product","2":"type-product","3":"status-publish","4":"has-post-thumbnail","6":"product_brand-moroccan-mosaic","7":"product_cat-lamps","8":"desktop-align-left","9":"tablet-align-left","10":"mobile-align-left","12":"first","13":"outofstock","14":"shipping-taxable","15":"purchasable","16":"product-type-simple"},"yoast_head":"<!-- This site is optimized with the Yoast SEO Premium plugin v22.3 (Yoast SEO v27.4) - https:\/\/yoast.com\/product\/yoast-seo-premium-wordpress\/ -->\n<title>Clay Lamp - Moroccan Mosaic<\/title>\n<meta name=\"description\" content=\"This clay lamp with an African tribal design is a true representation of authenticity, simplicity, and warmth. handcrafted by Moroccan artisans\" \/>\n<meta name=\"robots\" content=\"index, follow, max-snippet:-1, max-image-preview:large, max-video-preview:-1\" \/>\n<link rel=\"canonical\" href=\"https:\/\/moroccomosaic.com\/lt\/produktas\/white-table-lamp-african-design-clay\/\" \/>\n<meta property=\"og:locale\" content=\"lt_LT\" \/>\n<meta property=\"og:type\" content=\"article\" \/>\n<meta property=\"og:title\" content=\"Clay Table Lamp with African Tribal Design\" \/>\n<meta property=\"og:description\" content=\"This clay lamp with an African tribal design is a true representation of authenticity, simplicity, and warmth. handcrafted by Moroccan artisans\" \/>\n<meta property=\"og:url\" content=\"https:\/\/moroccomosaic.com\/lt\/produktas\/white-table-lamp-african-design-clay\/\" \/>\n<meta property=\"og:site_name\" content=\"Moroccan Mosaic\" \/>\n<meta property=\"article:publisher\" content=\"https:\/\/facebook.com\/moroccomosaic\" \/>\n<meta property=\"article:modified_time\" content=\"2025-07-22T10:52:58+00:00\" \/>\n<meta property=\"og:image\" content=\"https:\/\/moroccomosaic.com\/wp-content\/uploads\/2024\/06\/Sold-out-1-1.jpg\" \/>\n\t<meta property=\"og:image:width\" content=\"1000\" \/>\n\t<meta property=\"og:image:height\" content=\"1000\" \/>\n\t<meta property=\"og:image:type\" content=\"image\/jpeg\" \/>\n<meta name=\"twitter:label1\" content=\"Est. reading time\" \/>\n\t<meta name=\"twitter:data1\" content=\"2 minut\u0117s\" \/>\n<script type=\"application\/ld+json\" class=\"yoast-schema-graph\">{\"@context\":\"https:\\\/\\\/schema.org\",\"@graph\":[{\"@type\":\"WebPage\",\"@id\":\"https:\\\/\\\/moroccomosaic.com\\\/product\\\/white-table-lamp-african-design-clay\\\/\",\"url\":\"https:\\\/\\\/moroccomosaic.com\\\/product\\\/white-table-lamp-african-design-clay\\\/\",\"name\":\"Clay Lamp - Moroccan Mosaic\",\"isPartOf\":{\"@id\":\"https:\\\/\\\/moroccomosaic.com\\\/#website\"},\"primaryImageOfPage\":{\"@id\":\"https:\\\/\\\/moroccomosaic.com\\\/product\\\/white-table-lamp-african-design-clay\\\/#primaryimage\"},\"image\":{\"@id\":\"https:\\\/\\\/moroccomosaic.com\\\/product\\\/white-table-lamp-african-design-clay\\\/#primaryimage\"},\"thumbnailUrl\":\"https:\\\/\\\/moroccomosaic.com\\\/wp-content\\\/uploads\\\/2024\\\/06\\\/Sold-out-1-1.jpg\",\"datePublished\":\"2024-06-03T12:09:50+00:00\",\"dateModified\":\"2025-07-22T10:52:58+00:00\",\"description\":\"This clay lamp with an African tribal design is a true representation of authenticity, simplicity, and warmth. handcrafted by Moroccan artisans\",\"breadcrumb\":{\"@id\":\"https:\\\/\\\/moroccomosaic.com\\\/product\\\/white-table-lamp-african-design-clay\\\/#breadcrumb\"},\"inLanguage\":\"lt-LT\",\"potentialAction\":[{\"@type\":\"ReadAction\",\"target\":[\"https:\\\/\\\/moroccomosaic.com\\\/product\\\/white-table-lamp-african-design-clay\\\/\"]}]},{\"@type\":\"ImageObject\",\"inLanguage\":\"lt-LT\",\"@id\":\"https:\\\/\\\/moroccomosaic.com\\\/product\\\/white-table-lamp-african-design-clay\\\/#primaryimage\",\"url\":\"https:\\\/\\\/moroccomosaic.com\\\/wp-content\\\/uploads\\\/2024\\\/06\\\/Sold-out-1-1.jpg\",\"contentUrl\":\"https:\\\/\\\/moroccomosaic.com\\\/wp-content\\\/uploads\\\/2024\\\/06\\\/Sold-out-1-1.jpg\",\"width\":1000,\"height\":1000},{\"@type\":\"BreadcrumbList\",\"@id\":\"https:\\\/\\\/moroccomosaic.com\\\/product\\\/white-table-lamp-african-design-clay\\\/#breadcrumb\",\"itemListElement\":[{\"@type\":\"ListItem\",\"position\":1,\"name\":\"Shop\",\"item\":\"https:\\\/\\\/moroccomosaic.com\\\/shop\\\/\"},{\"@type\":\"ListItem\",\"position\":2,\"name\":\"Clay Table Lamp with African Tribal Design\"}]},{\"@type\":\"WebSite\",\"@id\":\"https:\\\/\\\/moroccomosaic.com\\\/#website\",\"url\":\"https:\\\/\\\/moroccomosaic.com\\\/\",\"name\":\"Moroccan Mosaic\",\"description\":\"Handcrafted Artistry from Morocco\",\"publisher\":{\"@id\":\"https:\\\/\\\/moroccomosaic.com\\\/#organization\"},\"potentialAction\":[{\"@type\":\"SearchAction\",\"target\":{\"@type\":\"EntryPoint\",\"urlTemplate\":\"https:\\\/\\\/moroccomosaic.com\\\/?s={search_term_string}\"},\"query-input\":{\"@type\":\"PropertyValueSpecification\",\"valueRequired\":true,\"valueName\":\"search_term_string\"}}],\"inLanguage\":\"lt-LT\"},{\"@type\":\"Organization\",\"@id\":\"https:\\\/\\\/moroccomosaic.com\\\/#organization\",\"name\":\"Moroccan Mosaic\",\"url\":\"https:\\\/\\\/moroccomosaic.com\\\/\",\"logo\":{\"@type\":\"ImageObject\",\"inLanguage\":\"lt-LT\",\"@id\":\"https:\\\/\\\/moroccomosaic.com\\\/#\\\/schema\\\/logo\\\/image\\\/\",\"url\":\"https:\\\/\\\/moroccomosaic.com\\\/wp-content\\\/uploads\\\/2023\\\/09\\\/Maroccan-Mosaic-jpg-RGB.jpg\",\"contentUrl\":\"https:\\\/\\\/moroccomosaic.com\\\/wp-content\\\/uploads\\\/2023\\\/09\\\/Maroccan-Mosaic-jpg-RGB.jpg\",\"width\":2399,\"height\":865,\"caption\":\"Moroccan Mosaic\"},\"image\":{\"@id\":\"https:\\\/\\\/moroccomosaic.com\\\/#\\\/schema\\\/logo\\\/image\\\/\"},\"sameAs\":[\"https:\\\/\\\/facebook.com\\\/moroccomosaic\",\"https:\\\/\\\/www.instagram.com\\\/moroccan.mosaic\"]}]}<\/script>\n<!-- \/ Yoast SEO Premium plugin. -->","yoast_head_json":{"title":"Clay Lamp - Moroccan Mosaic","description":"This clay lamp with an African tribal design is a true representation of authenticity, simplicity, and warmth. handcrafted by Moroccan artisans","robots":{"index":"index","follow":"follow","max-snippet":"max-snippet:-1","max-image-preview":"max-image-preview:large","max-video-preview":"max-video-preview:-1"},"canonical":"https:\/\/moroccomosaic.com\/lt\/produktas\/white-table-lamp-african-design-clay\/","og_locale":"lt_LT","og_type":"article","og_title":"Clay Table Lamp with African Tribal Design","og_description":"This clay lamp with an African tribal design is a true representation of authenticity, simplicity, and warmth. handcrafted by Moroccan artisans","og_url":"https:\/\/moroccomosaic.com\/lt\/produktas\/white-table-lamp-african-design-clay\/","og_site_name":"Moroccan Mosaic","article_publisher":"https:\/\/facebook.com\/moroccomosaic","article_modified_time":"2025-07-22T10:52:58+00:00","og_image":[{"width":1000,"height":1000,"url":"https:\/\/moroccomosaic.com\/wp-content\/uploads\/2024\/06\/Sold-out-1-1.jpg","type":"image\/jpeg"}],"twitter_misc":{"Est. reading time":"2 minut\u0117s"},"schema":{"@context":"https:\/\/schema.org","@graph":[{"@type":"WebPage","@id":"https:\/\/moroccomosaic.com\/product\/white-table-lamp-african-design-clay\/","url":"https:\/\/moroccomosaic.com\/product\/white-table-lamp-african-design-clay\/","name":"Clay Lamp - Moroccan Mosaic","isPartOf":{"@id":"https:\/\/moroccomosaic.com\/#website"},"primaryImageOfPage":{"@id":"https:\/\/moroccomosaic.com\/product\/white-table-lamp-african-design-clay\/#primaryimage"},"image":{"@id":"https:\/\/moroccomosaic.com\/product\/white-table-lamp-african-design-clay\/#primaryimage"},"thumbnailUrl":"https:\/\/moroccomosaic.com\/wp-content\/uploads\/2024\/06\/Sold-out-1-1.jpg","datePublished":"2024-06-03T12:09:50+00:00","dateModified":"2025-07-22T10:52:58+00:00","description":"This clay lamp with an African tribal design is a true representation of authenticity, simplicity, and warmth. handcrafted by Moroccan artisans","breadcrumb":{"@id":"https:\/\/moroccomosaic.com\/product\/white-table-lamp-african-design-clay\/#breadcrumb"},"inLanguage":"lt-LT","potentialAction":[{"@type":"ReadAction","target":["https:\/\/moroccomosaic.com\/product\/white-table-lamp-african-design-clay\/"]}]},{"@type":"ImageObject","inLanguage":"lt-LT","@id":"https:\/\/moroccomosaic.com\/product\/white-table-lamp-african-design-clay\/#primaryimage","url":"https:\/\/moroccomosaic.com\/wp-content\/uploads\/2024\/06\/Sold-out-1-1.jpg","contentUrl":"https:\/\/moroccomosaic.com\/wp-content\/uploads\/2024\/06\/Sold-out-1-1.jpg","width":1000,"height":1000},{"@type":"BreadcrumbList","@id":"https:\/\/moroccomosaic.com\/product\/white-table-lamp-african-design-clay\/#breadcrumb","itemListElement":[{"@type":"ListItem","position":1,"name":"Shop","item":"https:\/\/moroccomosaic.com\/shop\/"},{"@type":"ListItem","position":2,"name":"Clay Table Lamp with African Tribal Design"}]},{"@type":"WebSite","@id":"https:\/\/moroccomosaic.com\/#website","url":"https:\/\/moroccomosaic.com\/","name":"Moroccan Mosaic","description":"Handcrafted Artistry from Morocco","publisher":{"@id":"https:\/\/moroccomosaic.com\/#organization"},"potentialAction":[{"@type":"SearchAction","target":{"@type":"EntryPoint","urlTemplate":"https:\/\/moroccomosaic.com\/?s={search_term_string}"},"query-input":{"@type":"PropertyValueSpecification","valueRequired":true,"valueName":"search_term_string"}}],"inLanguage":"lt-LT"},{"@type":"Organization","@id":"https:\/\/moroccomosaic.com\/#organization","name":"Moroccan Mosaic","url":"https:\/\/moroccomosaic.com\/","logo":{"@type":"ImageObject","inLanguage":"lt-LT","@id":"https:\/\/moroccomosaic.com\/#\/schema\/logo\/image\/","url":"https:\/\/moroccomosaic.com\/wp-content\/uploads\/2023\/09\/Maroccan-Mosaic-jpg-RGB.jpg","contentUrl":"https:\/\/moroccomosaic.com\/wp-content\/uploads\/2023\/09\/Maroccan-Mosaic-jpg-RGB.jpg","width":2399,"height":865,"caption":"Moroccan Mosaic"},"image":{"@id":"https:\/\/moroccomosaic.com\/#\/schema\/logo\/image\/"},"sameAs":["https:\/\/facebook.com\/moroccomosaic","https:\/\/www.instagram.com\/moroccan.mosaic"]}]}},"_links":{"self":[{"href":"https:\/\/moroccomosaic.com\/lt\/wp-json\/wp\/v2\/product\/218121","targetHints":{"allow":["GET"]}}],"collection":[{"href":"https:\/\/moroccomosaic.com\/lt\/wp-json\/wp\/v2\/product"}],"about":[{"href":"https:\/\/moroccomosaic.com\/lt\/wp-json\/wp\/v2\/types\/product"}],"replies":[{"embeddable":true,"href":"https:\/\/moroccomosaic.com\/lt\/wp-json\/wp\/v2\/comments?post=218121"}],"wp:featuredmedia":[{"embeddable":true,"href":"https:\/\/moroccomosaic.com\/lt\/wp-json\/wp\/v2\/media\/219147"}],"wp:attachment":[{"href":"https:\/\/moroccomosaic.com\/lt\/wp-json\/wp\/v2\/media?parent=218121"}],"wp:term":[{"taxonomy":"product_brand","embeddable":true,"href":"https:\/\/moroccomosaic.com\/lt\/wp-json\/wp\/v2\/product_brand?post=218121"},{"taxonomy":"product_cat","embeddable":true,"href":"https:\/\/moroccomosaic.com\/lt\/wp-json\/wp\/v2\/product_cat?post=218121"},{"taxonomy":"product_tag","embeddable":true,"href":"https:\/\/moroccomosaic.com\/lt\/wp-json\/wp\/v2\/product_tag?post=218121"}],"curies":[{"name":"wp","href":"https:\/\/api.w.org\/{rel}","templated":true}]}}