{"id":218396,"date":"2024-07-12T10:51:47","date_gmt":"2024-07-12T07:51:47","guid":{"rendered":"https:\/\/moroccomosaic.com\/?post_type=product&#038;p=218396"},"modified":"2025-07-06T19:41:40","modified_gmt":"2025-07-06T16:41:40","slug":"zebra-small-rug","status":"publish","type":"product","link":"https:\/\/moroccomosaic.com\/lt\/produktas\/zebra-small-rug\/","title":{"rendered":"Zebra Small Rug"},"content":{"rendered":"<h5 style=\"padding-left: 40px;\"><strong>\u21d2 Kas yra Azilal kilimas?<\/strong><\/h5>\n<p>Azilal kilimas - tai rankomis austas vilnonis kilimas, kil\u0119s i\u0161 Azilal regiono Maroke, Auk\u0161tojo Atlaso kalnuose. \u0160ie kilimai gars\u0117ja ry\u0161kiomis spalvomis, sud\u0117tingais ra\u0161tais ir mink\u0161ta tekst\u016bra.<\/p>\n<p class=\"translation-block\">M\u016bs\u0173 aistringai rank\u0173 darbo \"Azilal\" kilimai demonstruoja kvalifikuot\u0173 <a href=\"https:\/\/www.visitmorocco.com\/en\/discover-morocco\/traditional-craftsmanship-revisited\" target=\"_self\">mokslinink\u0173<\/a>, kurie \u012f kiekvien\u0105 dizain\u0105 \u012fpina kult\u016bros ir paveldo istorijas, meistri\u0161kum\u0105.<\/p>\n<p class=\"translation-block\">Kiekvienas ant kilimo esantis berber\u0173 ra\u0161tas turi reik\u0161m\u0119 Azilalo regionui. <a href=\"https:\/\/moroccomosaic.com\/lt\/produktas\/handwoven-woolen-pillow\/\" target=\"_self\">Ry\u0161kios spalvos<\/a>, geometriniai ra\u0161tai ir pliu\u0161in\u0117s tekst\u016bros apib\u016bdina \u0161iuos vienetinius kilimus.<\/p>\n<h5 style=\"padding-left: 40px;\"><strong>\u21d2 Specifikacijos:<\/strong><\/h5>\n<ul>\n<li class=\"translation-block\">Rankomis tradicin\u0117mis stakl\u0117mis aud\u017eia <a href=\"\/\/www.visitmorocco.com\/en\/discover-morocco\/traditional-craftsmanship-revisited\u201c\" target=\"\u201e_self\u201c\">Maroko moter\u0173 kooperatyvas<\/a>,<\/li>\n<li>B\u016bkl\u0117: naujas kilimas, i\u0161valytas ir patikrintas,<\/li>\n<li>I\u0161matavimai: 111 cm x 59 cm be kut\u0173,<\/li>\n<li>Prie\u017ei\u016bra: Taip pat galima skalbti rankomis arba labai \u0161velniai skalbti skalbimo ma\u0161inoje su pana\u0161iomis spalvomis.<strong>.<\/strong><\/li>\n<li class=\"translation-block\">Rekomendacija: Rekomenduojame po kilimu pakloti gumin\u012f kilim\u0117l\u012f, kad jis neslyst\u0173.<\/li>\n<\/ul>\n<h5 style=\"padding-left: 40px;\"><strong>M\u016bs\u0173 antklod\u0117s \/ kilimo charakteristikos:<\/strong><\/h5>\n<ul>\n<li>Mink\u0161tas prisilietimas: d\u0117l \u0161velnios tekst\u016bros vaik\u0161\u010dioti basomis po kilim\u0105 labai malonu ir atpalaiduoja,<\/li>\n<li>Positive energy: Wool has a natural protective membrane that acts to repel moisture and is also naturally stain resistant. Wool textile\u00a0<strong>doesn&#8217;t conduct static electricity in the way synthetic textiles do<\/strong>. Less static electricity means less dirt!<\/li>\n<li>Versatility: you can use this rug in the living room, bedroom, kids&#8217; room, or even office,<\/li>\n<li>Matching design: this rug can match any type of home style; modern, bohemian, traditional,<\/li>\n<li>Gift idea: this rug can be offered as a gift on several occasions; housewarming, wedding, birthday&#8230;<\/li>\n<li class=\"translation-block\">Ilgaam\u017ei\u0161kumas: m\u016bs\u0173 kilimai gaminami rankomis su meile ir kruop\u0161tumu, naudojant auk\u0161tos kokyb\u0117s avi\u0173 viln\u0105, tod\u0117l yra ilgaam\u017eiai ir tinkami kasdieniam naudojimui.<\/li>\n<\/ul>","protected":false},"excerpt":{"rendered":"<div class=\"wt-ml-xs-1\"><a href=\"https:\/\/mlwr8opfwblo.i.optimole.com\/w:auto\/h:auto\/q:mauto\/f:best\/https:\/\/moroccomosaic.com\/wp-content\/uploads\/2023\/11\/Handmade-icon.png\"><img decoding=\"async\" class=\"alignnone wp-image-215984\" src=\"https:\/\/mlwr8opfwblo.i.optimole.com\/w:30\/h:30\/q:mauto\/f:best\/https:\/\/moroccomosaic.com\/wp-content\/uploads\/2023\/11\/Handmade-icon.png\" sizes=\"(max-width: 30px) 100vw, 30px\" srcset=\"https:\/\/moroccomosaic.com\/wp-content\/uploads\/2023\/11\/Handmade-icon.png 512w, https:\/\/moroccomosaic.com\/wp-content\/uploads\/2023\/11\/Handmade-icon-100x100.png 100w, https:\/\/moroccomosaic.com\/wp-content\/uploads\/2023\/11\/Handmade-icon-64x64.png 64w, https:\/\/moroccomosaic.com\/wp-content\/uploads\/2023\/11\/Handmade-icon-400x400.png 400w, https:\/\/moroccomosaic.com\/wp-content\/uploads\/2023\/11\/Handmade-icon-300x300.png 300w, https:\/\/moroccomosaic.com\/wp-content\/uploads\/2023\/11\/Handmade-icon-150x150.png 150w, https:\/\/moroccomosaic.com\/wp-content\/uploads\/2023\/11\/Handmade-icon-480x480.png 480w\" alt=\"\" width=\"30\" height=\"30\" data-opt-src=\"https:\/\/mlwr8opfwblo.i.optimole.com\/w:30\/h:30\/q:mauto\/f:best\/https:\/\/moroccomosaic.com\/wp-content\/uploads\/2023\/11\/Handmade-icon.png\" data-opt-lazy-loaded=\"true\" data-opt-optimized-width=\"30\" data-opt-optimized-height=\"30\" \/><\/a>Rank\u0173 Darbo<\/div>\n<div class=\"wt-ml-xs-1\">\u00a0\u00a0<img decoding=\"async\" class=\"alignnone wp-image-215985\" src=\"https:\/\/mlwr8opfwblo.i.optimole.com\/w:18\/h:18\/q:mauto\/f:best\/https:\/\/moroccomosaic.com\/wp-content\/uploads\/2023\/11\/ball-of-wool.png\" sizes=\"(max-width: 18px) 100vw, 18px\" srcset=\"https:\/\/moroccomosaic.com\/wp-content\/uploads\/2023\/11\/ball-of-wool.png 512w, https:\/\/moroccomosaic.com\/wp-content\/uploads\/2023\/11\/ball-of-wool-100x100.png 100w, https:\/\/moroccomosaic.com\/wp-content\/uploads\/2023\/11\/ball-of-wool-64x64.png 64w, https:\/\/moroccomosaic.com\/wp-content\/uploads\/2023\/11\/ball-of-wool-400x400.png 400w, https:\/\/moroccomosaic.com\/wp-content\/uploads\/2023\/11\/ball-of-wool-300x300.png 300w, https:\/\/moroccomosaic.com\/wp-content\/uploads\/2023\/11\/ball-of-wool-150x150.png 150w, https:\/\/moroccomosaic.com\/wp-content\/uploads\/2023\/11\/ball-of-wool-480x480.png 480w\" alt=\"\" width=\"18\" height=\"18\" data-opt-src=\"https:\/\/mlwr8opfwblo.i.optimole.com\/w:18\/h:18\/q:mauto\/f:best\/https:\/\/moroccomosaic.com\/wp-content\/uploads\/2023\/11\/ball-of-wool.png\" data-opt-lazy-loaded=\"true\" data-opt-optimized-width=\"18\" data-opt-optimized-height=\"18\" \/> Material: Wool, Cotton, kilim.<\/div>\n<div class=\"wt-ml-xs-1\">\u00a0\u00a0<a href=\"https:\/\/mlwr8opfwblo.i.optimole.com\/w:auto\/h:auto\/q:mauto\/f:best\/https:\/\/moroccomosaic.com\/wp-content\/uploads\/2023\/11\/ruler.png\"><img decoding=\"async\" class=\"alignnone wp-image-215993\" src=\"https:\/\/mlwr8opfwblo.i.optimole.com\/w:19\/h:19\/q:mauto\/f:best\/https:\/\/moroccomosaic.com\/wp-content\/uploads\/2023\/11\/ruler.png\" sizes=\"(max-width: 19px) 100vw, 19px\" srcset=\"https:\/\/moroccomosaic.com\/wp-content\/uploads\/2023\/11\/ruler.png 512w, https:\/\/moroccomosaic.com\/wp-content\/uploads\/2023\/11\/ruler-100x100.png 100w, https:\/\/moroccomosaic.com\/wp-content\/uploads\/2023\/11\/ruler-64x64.png 64w, https:\/\/moroccomosaic.com\/wp-content\/uploads\/2023\/11\/ruler-400x400.png 400w, https:\/\/moroccomosaic.com\/wp-content\/uploads\/2023\/11\/ruler-300x300.png 300w, https:\/\/moroccomosaic.com\/wp-content\/uploads\/2023\/11\/ruler-150x150.png 150w, https:\/\/moroccomosaic.com\/wp-content\/uploads\/2023\/11\/ruler-480x480.png 480w\" alt=\"\" width=\"19\" height=\"19\" data-opt-src=\"https:\/\/mlwr8opfwblo.i.optimole.com\/w:19\/h:19\/q:mauto\/f:best\/https:\/\/moroccomosaic.com\/wp-content\/uploads\/2023\/11\/ruler.png\" data-opt-lazy-loaded=\"true\" data-opt-optimized-width=\"19\" data-opt-optimized-height=\"19\" \/><\/a> I\u0161matavimai: 111 cm x 59 cm<\/div>\n<div>\u00a0<a href=\"https:\/\/moroccomosaic.com\/wp-content\/uploads\/2023\/11\/product.png?v=c562607189d7\"><img loading=\"lazy\" decoding=\"async\" class=\"alignnone wp-image-217787\" src=\"https:\/\/moroccomosaic.com\/wp-content\/uploads\/2023\/11\/product-300x300.png\" alt=\"\" width=\"20\" height=\"20\" srcset=\"https:\/\/moroccomosaic.com\/wp-content\/uploads\/2023\/11\/product-300x300.png 300w, https:\/\/moroccomosaic.com\/wp-content\/uploads\/2023\/11\/product-100x100.png 100w, https:\/\/moroccomosaic.com\/wp-content\/uploads\/2023\/11\/product-12x12.png 12w, https:\/\/moroccomosaic.com\/wp-content\/uploads\/2023\/11\/product-480x480.png 480w, https:\/\/moroccomosaic.com\/wp-content\/uploads\/2023\/11\/product-64x64.png 64w, https:\/\/moroccomosaic.com\/wp-content\/uploads\/2023\/11\/product.png 512w\" sizes=\"(max-width: 20px) 100vw, 20px\" \/><\/a>\u00a0 Prieinamumas: Produktas yra m\u016bs\u0173 sand\u0117lyje Lietuvoje.<\/div>\n<div><\/div>\n<div>\n<div><strong>Atkreipkite D\u0117mes\u012f:<\/strong>\u00a0Kadangi m\u016bs\u0173 gaminiai yra rank\u0173 darbo, gali b\u016bti nedideli\u0173 audimo, ra\u0161to ar formos tr\u016bkum\u0173, kurie suteikia jiems unikalumo ir gro\u017eio.<\/div>\n<div>\n<div><strong>D\u0117l Gaminio I\u0161vaizdos: <\/strong>Atkreipkite d\u0117mes\u012f, kad m\u016bs\u0173 parduotuv\u0117je rodom\u0173 ir fakti\u0161kai gaut\u0173 produkt\u0173 nuotrauk\u0173 spalva, tekst\u016bra ir kiti smulk\u016bs po\u017eymiai gali skirtis. \u0160iuos skirtumus gali lemti tokie veiksniai kaip monitoriaus nustatymai, ap\u0161vietimas ar rank\u0173 darbo gaminimo b\u016bdas.<\/div>\n<\/div>\n<\/div>","protected":false},"featured_media":218397,"comment_status":"open","ping_status":"closed","template":"","meta":{"content-type":"","site-sidebar-layout":"default","site-content-layout":"","ast-site-content-layout":"default","site-content-style":"default","site-sidebar-style":"default","ast-global-header-display":"","ast-banner-title-visibility":"","ast-main-header-display":"","ast-hfb-above-header-display":"","ast-hfb-below-header-display":"","ast-hfb-mobile-header-display":"","site-post-title":"","ast-breadcrumbs-content":"","ast-featured-img":"","footer-sml-layout":"","ast-disable-related-posts":"","theme-transparent-header-meta":"","adv-header-id-meta":"","stick-header-meta":"","header-above-stick-meta":"","header-main-stick-meta":"","header-below-stick-meta":"","astra-migrate-meta-layouts":"default","ast-page-background-enabled":"default","ast-page-background-meta":{"desktop":{"background-color":"var(--ast-global-color-4)","background-image":"","background-repeat":"repeat","background-position":"center center","background-size":"auto","background-attachment":"scroll","background-type":"","background-media":"","overlay-type":"","overlay-color":"","overlay-opacity":"","overlay-gradient":""},"tablet":{"background-color":"","background-image":"","background-repeat":"repeat","background-position":"center center","background-size":"auto","background-attachment":"scroll","background-type":"","background-media":"","overlay-type":"","overlay-color":"","overlay-opacity":"","overlay-gradient":""},"mobile":{"background-color":"","background-image":"","background-repeat":"repeat","background-position":"center center","background-size":"auto","background-attachment":"scroll","background-type":"","background-media":"","overlay-type":"","overlay-color":"","overlay-opacity":"","overlay-gradient":""}},"ast-content-background-meta":{"desktop":{"background-color":"var(--ast-global-color-5)","background-image":"","background-repeat":"repeat","background-position":"center center","background-size":"auto","background-attachment":"scroll","background-type":"","background-media":"","overlay-type":"","overlay-color":"","overlay-opacity":"","overlay-gradient":""},"tablet":{"background-color":"var(--ast-global-color-5)","background-image":"","background-repeat":"repeat","background-position":"center center","background-size":"auto","background-attachment":"scroll","background-type":"","background-media":"","overlay-type":"","overlay-color":"","overlay-opacity":"","overlay-gradient":""},"mobile":{"background-color":"var(--ast-global-color-5)","background-image":"","background-repeat":"repeat","background-position":"center center","background-size":"auto","background-attachment":"scroll","background-type":"","background-media":"","overlay-type":"","overlay-color":"","overlay-opacity":"","overlay-gradient":""}}},"product_brand":[],"product_cat":[41,139],"product_tag":[],"class_list":{"0":"post-218396","1":"product","2":"type-product","3":"status-publish","4":"has-post-thumbnail","6":"product_cat-rugs","7":"product_cat-small-rugs","8":"product_shipping_class-small-blankets","9":"pa_lenght-1-2-meters","10":"pa_main-color-black-white","11":"pa_width-0-1-meter","12":"desktop-align-left","13":"tablet-align-left","14":"mobile-align-left","16":"first","17":"instock","18":"shipping-taxable","19":"purchasable","20":"product-type-simple"},"yoast_head":"<!-- This site is optimized with the Yoast SEO Premium plugin v22.3 (Yoast SEO v27.5) - https:\/\/yoast.com\/product\/yoast-seo-premium-wordpress\/ -->\n<title>Zebra Small Rug - Moroccan Mosaic<\/title>\n<meta name=\"description\" content=\"An Azilal woolen rug is handwoven using traditional looms in the Azilal region in the High Atlas Mountains of Morocco by a Moroccan cooperative of women\" \/>\n<meta name=\"robots\" content=\"index, follow, max-snippet:-1, max-image-preview:large, max-video-preview:-1\" \/>\n<link rel=\"canonical\" href=\"https:\/\/moroccomosaic.com\/lt\/produktas\/zebra-small-rug\/\" \/>\n<meta property=\"og:locale\" content=\"lt_LT\" \/>\n<meta property=\"og:type\" content=\"article\" \/>\n<meta property=\"og:title\" content=\"Zebra Small Rug\" \/>\n<meta property=\"og:description\" content=\"An Azilal woolen rug is handwoven using traditional looms in the Azilal region in the High Atlas Mountains of Morocco by a Moroccan cooperative of women\" \/>\n<meta property=\"og:url\" content=\"https:\/\/moroccomosaic.com\/lt\/produktas\/zebra-small-rug\/\" \/>\n<meta property=\"og:site_name\" content=\"Moroccan Mosaic\" \/>\n<meta property=\"article:publisher\" content=\"https:\/\/facebook.com\/moroccomosaic\" \/>\n<meta property=\"article:modified_time\" content=\"2025-07-06T16:41:40+00:00\" \/>\n<meta property=\"og:image\" content=\"https:\/\/moroccomosaic.com\/wp-content\/uploads\/2024\/07\/Untitled-design-33-1.jpg\" \/>\n\t<meta property=\"og:image:width\" content=\"1000\" \/>\n\t<meta property=\"og:image:height\" content=\"1000\" \/>\n\t<meta property=\"og:image:type\" content=\"image\/jpeg\" \/>\n<meta name=\"twitter:label1\" content=\"Est. reading time\" \/>\n\t<meta name=\"twitter:data1\" content=\"2 minut\u0117s\" \/>\n<script type=\"application\/ld+json\" class=\"yoast-schema-graph\">{\"@context\":\"https:\\\/\\\/schema.org\",\"@graph\":[{\"@type\":\"WebPage\",\"@id\":\"https:\\\/\\\/moroccomosaic.com\\\/product\\\/zebra-small-rug\\\/\",\"url\":\"https:\\\/\\\/moroccomosaic.com\\\/product\\\/zebra-small-rug\\\/\",\"name\":\"Zebra Small Rug - Moroccan Mosaic\",\"isPartOf\":{\"@id\":\"https:\\\/\\\/moroccomosaic.com\\\/#website\"},\"primaryImageOfPage\":{\"@id\":\"https:\\\/\\\/moroccomosaic.com\\\/product\\\/zebra-small-rug\\\/#primaryimage\"},\"image\":{\"@id\":\"https:\\\/\\\/moroccomosaic.com\\\/product\\\/zebra-small-rug\\\/#primaryimage\"},\"thumbnailUrl\":\"https:\\\/\\\/moroccomosaic.com\\\/wp-content\\\/uploads\\\/2024\\\/07\\\/Untitled-design-33-1.jpg\",\"datePublished\":\"2024-07-12T07:51:47+00:00\",\"dateModified\":\"2025-07-06T16:41:40+00:00\",\"description\":\"An Azilal woolen rug is handwoven using traditional looms in the Azilal region in the High Atlas Mountains of Morocco by a Moroccan cooperative of women\",\"breadcrumb\":{\"@id\":\"https:\\\/\\\/moroccomosaic.com\\\/product\\\/zebra-small-rug\\\/#breadcrumb\"},\"inLanguage\":\"lt-LT\",\"potentialAction\":[{\"@type\":\"ReadAction\",\"target\":[\"https:\\\/\\\/moroccomosaic.com\\\/product\\\/zebra-small-rug\\\/\"]}]},{\"@type\":\"ImageObject\",\"inLanguage\":\"lt-LT\",\"@id\":\"https:\\\/\\\/moroccomosaic.com\\\/product\\\/zebra-small-rug\\\/#primaryimage\",\"url\":\"https:\\\/\\\/moroccomosaic.com\\\/wp-content\\\/uploads\\\/2024\\\/07\\\/Untitled-design-33-1.jpg\",\"contentUrl\":\"https:\\\/\\\/moroccomosaic.com\\\/wp-content\\\/uploads\\\/2024\\\/07\\\/Untitled-design-33-1.jpg\",\"width\":1000,\"height\":1000,\"caption\":\"Handmade Moroccan Handira Blanket\"},{\"@type\":\"BreadcrumbList\",\"@id\":\"https:\\\/\\\/moroccomosaic.com\\\/product\\\/zebra-small-rug\\\/#breadcrumb\",\"itemListElement\":[{\"@type\":\"ListItem\",\"position\":1,\"name\":\"Shop\",\"item\":\"https:\\\/\\\/moroccomosaic.com\\\/shop\\\/\"},{\"@type\":\"ListItem\",\"position\":2,\"name\":\"Zebra Small Rug\"}]},{\"@type\":\"WebSite\",\"@id\":\"https:\\\/\\\/moroccomosaic.com\\\/#website\",\"url\":\"https:\\\/\\\/moroccomosaic.com\\\/\",\"name\":\"Moroccan Mosaic\",\"description\":\"Handcrafted Artistry from Morocco\",\"publisher\":{\"@id\":\"https:\\\/\\\/moroccomosaic.com\\\/#organization\"},\"potentialAction\":[{\"@type\":\"SearchAction\",\"target\":{\"@type\":\"EntryPoint\",\"urlTemplate\":\"https:\\\/\\\/moroccomosaic.com\\\/?s={search_term_string}\"},\"query-input\":{\"@type\":\"PropertyValueSpecification\",\"valueRequired\":true,\"valueName\":\"search_term_string\"}}],\"inLanguage\":\"lt-LT\"},{\"@type\":\"Organization\",\"@id\":\"https:\\\/\\\/moroccomosaic.com\\\/#organization\",\"name\":\"Moroccan Mosaic\",\"url\":\"https:\\\/\\\/moroccomosaic.com\\\/\",\"logo\":{\"@type\":\"ImageObject\",\"inLanguage\":\"lt-LT\",\"@id\":\"https:\\\/\\\/moroccomosaic.com\\\/#\\\/schema\\\/logo\\\/image\\\/\",\"url\":\"https:\\\/\\\/moroccomosaic.com\\\/wp-content\\\/uploads\\\/2023\\\/09\\\/Maroccan-Mosaic-jpg-RGB.jpg\",\"contentUrl\":\"https:\\\/\\\/moroccomosaic.com\\\/wp-content\\\/uploads\\\/2023\\\/09\\\/Maroccan-Mosaic-jpg-RGB.jpg\",\"width\":2399,\"height\":865,\"caption\":\"Moroccan Mosaic\"},\"image\":{\"@id\":\"https:\\\/\\\/moroccomosaic.com\\\/#\\\/schema\\\/logo\\\/image\\\/\"},\"sameAs\":[\"https:\\\/\\\/facebook.com\\\/moroccomosaic\",\"https:\\\/\\\/www.instagram.com\\\/moroccan.mosaic\"]}]}<\/script>\n<!-- \/ Yoast SEO Premium plugin. -->","yoast_head_json":{"title":"Zebra Small Rug - Moroccan Mosaic","description":"An Azilal woolen rug is handwoven using traditional looms in the Azilal region in the High Atlas Mountains of Morocco by a Moroccan cooperative of women","robots":{"index":"index","follow":"follow","max-snippet":"max-snippet:-1","max-image-preview":"max-image-preview:large","max-video-preview":"max-video-preview:-1"},"canonical":"https:\/\/moroccomosaic.com\/lt\/produktas\/zebra-small-rug\/","og_locale":"lt_LT","og_type":"article","og_title":"Zebra Small Rug","og_description":"An Azilal woolen rug is handwoven using traditional looms in the Azilal region in the High Atlas Mountains of Morocco by a Moroccan cooperative of women","og_url":"https:\/\/moroccomosaic.com\/lt\/produktas\/zebra-small-rug\/","og_site_name":"Moroccan Mosaic","article_publisher":"https:\/\/facebook.com\/moroccomosaic","article_modified_time":"2025-07-06T16:41:40+00:00","og_image":[{"width":1000,"height":1000,"url":"https:\/\/moroccomosaic.com\/wp-content\/uploads\/2024\/07\/Untitled-design-33-1.jpg","type":"image\/jpeg"}],"twitter_misc":{"Est. reading time":"2 minut\u0117s"},"schema":{"@context":"https:\/\/schema.org","@graph":[{"@type":"WebPage","@id":"https:\/\/moroccomosaic.com\/product\/zebra-small-rug\/","url":"https:\/\/moroccomosaic.com\/product\/zebra-small-rug\/","name":"Zebra Small Rug - Moroccan Mosaic","isPartOf":{"@id":"https:\/\/moroccomosaic.com\/#website"},"primaryImageOfPage":{"@id":"https:\/\/moroccomosaic.com\/product\/zebra-small-rug\/#primaryimage"},"image":{"@id":"https:\/\/moroccomosaic.com\/product\/zebra-small-rug\/#primaryimage"},"thumbnailUrl":"https:\/\/moroccomosaic.com\/wp-content\/uploads\/2024\/07\/Untitled-design-33-1.jpg","datePublished":"2024-07-12T07:51:47+00:00","dateModified":"2025-07-06T16:41:40+00:00","description":"An Azilal woolen rug is handwoven using traditional looms in the Azilal region in the High Atlas Mountains of Morocco by a Moroccan cooperative of women","breadcrumb":{"@id":"https:\/\/moroccomosaic.com\/product\/zebra-small-rug\/#breadcrumb"},"inLanguage":"lt-LT","potentialAction":[{"@type":"ReadAction","target":["https:\/\/moroccomosaic.com\/product\/zebra-small-rug\/"]}]},{"@type":"ImageObject","inLanguage":"lt-LT","@id":"https:\/\/moroccomosaic.com\/product\/zebra-small-rug\/#primaryimage","url":"https:\/\/moroccomosaic.com\/wp-content\/uploads\/2024\/07\/Untitled-design-33-1.jpg","contentUrl":"https:\/\/moroccomosaic.com\/wp-content\/uploads\/2024\/07\/Untitled-design-33-1.jpg","width":1000,"height":1000,"caption":"Handmade Moroccan Handira Blanket"},{"@type":"BreadcrumbList","@id":"https:\/\/moroccomosaic.com\/product\/zebra-small-rug\/#breadcrumb","itemListElement":[{"@type":"ListItem","position":1,"name":"Shop","item":"https:\/\/moroccomosaic.com\/shop\/"},{"@type":"ListItem","position":2,"name":"Zebra Small Rug"}]},{"@type":"WebSite","@id":"https:\/\/moroccomosaic.com\/#website","url":"https:\/\/moroccomosaic.com\/","name":"Moroccan Mosaic","description":"Handcrafted Artistry from Morocco","publisher":{"@id":"https:\/\/moroccomosaic.com\/#organization"},"potentialAction":[{"@type":"SearchAction","target":{"@type":"EntryPoint","urlTemplate":"https:\/\/moroccomosaic.com\/?s={search_term_string}"},"query-input":{"@type":"PropertyValueSpecification","valueRequired":true,"valueName":"search_term_string"}}],"inLanguage":"lt-LT"},{"@type":"Organization","@id":"https:\/\/moroccomosaic.com\/#organization","name":"Moroccan Mosaic","url":"https:\/\/moroccomosaic.com\/","logo":{"@type":"ImageObject","inLanguage":"lt-LT","@id":"https:\/\/moroccomosaic.com\/#\/schema\/logo\/image\/","url":"https:\/\/moroccomosaic.com\/wp-content\/uploads\/2023\/09\/Maroccan-Mosaic-jpg-RGB.jpg","contentUrl":"https:\/\/moroccomosaic.com\/wp-content\/uploads\/2023\/09\/Maroccan-Mosaic-jpg-RGB.jpg","width":2399,"height":865,"caption":"Moroccan Mosaic"},"image":{"@id":"https:\/\/moroccomosaic.com\/#\/schema\/logo\/image\/"},"sameAs":["https:\/\/facebook.com\/moroccomosaic","https:\/\/www.instagram.com\/moroccan.mosaic"]}]}},"_links":{"self":[{"href":"https:\/\/moroccomosaic.com\/lt\/wp-json\/wp\/v2\/product\/218396","targetHints":{"allow":["GET"]}}],"collection":[{"href":"https:\/\/moroccomosaic.com\/lt\/wp-json\/wp\/v2\/product"}],"about":[{"href":"https:\/\/moroccomosaic.com\/lt\/wp-json\/wp\/v2\/types\/product"}],"replies":[{"embeddable":true,"href":"https:\/\/moroccomosaic.com\/lt\/wp-json\/wp\/v2\/comments?post=218396"}],"wp:featuredmedia":[{"embeddable":true,"href":"https:\/\/moroccomosaic.com\/lt\/wp-json\/wp\/v2\/media\/218397"}],"wp:attachment":[{"href":"https:\/\/moroccomosaic.com\/lt\/wp-json\/wp\/v2\/media?parent=218396"}],"wp:term":[{"taxonomy":"product_brand","embeddable":true,"href":"https:\/\/moroccomosaic.com\/lt\/wp-json\/wp\/v2\/product_brand?post=218396"},{"taxonomy":"product_cat","embeddable":true,"href":"https:\/\/moroccomosaic.com\/lt\/wp-json\/wp\/v2\/product_cat?post=218396"},{"taxonomy":"product_tag","embeddable":true,"href":"https:\/\/moroccomosaic.com\/lt\/wp-json\/wp\/v2\/product_tag?post=218396"}],"curies":[{"name":"wp","href":"https:\/\/api.w.org\/{rel}","templated":true}]}}