{"id":218772,"date":"2024-09-05T17:54:36","date_gmt":"2024-09-05T14:54:36","guid":{"rendered":"https:\/\/moroccomosaic.com\/?post_type=product&#038;p=218772"},"modified":"2024-12-17T19:58:16","modified_gmt":"2024-12-17T16:58:16","slug":"handmade-green-olive-plate","status":"publish","type":"product","link":"https:\/\/moroccomosaic.com\/lt\/produktas\/handmade-green-olive-plate\/","title":{"rendered":"Rank\u0173 Darbo Alyvuogi\u0173 Dizaino \u017dalia L\u0117k\u0161t\u0117"},"content":{"rendered":"<h4 data-sourcepos=\"3:1-3:51\">\u21d2 Pajuskite Maroko dvasi\u0105 su \u0161ia nuostabia \u017ealia gen\u010di\u0173 keramine l\u0117k\u0161te<\/h4>\n<p data-sourcepos=\"5:1-5:157\">Crafted by skilled artisans in the heart of Morocco, this stunning ceramic plate is a true testament to traditional craftsmanship and contemporary design. Meticulously hand-shaped and painted with a vibrant green design, it showcases delicate tribal patterns that evoke the country&#8217;s rich cultural heritage.<\/p>\n<h4 data-sourcepos=\"7:1-7:9\">\u21d2 Produkto savyb\u0117s:<\/h4>\n<ul data-sourcepos=\"9:1-10:28\">\n<li data-sourcepos=\"9:1-9:110\" class=\"translation-block\"><strong> Rank\u0173 darbo meistri\u0161kumas:<\/strong> Kiekviena l\u0117k\u0161t\u0117 yra unikalus meno k\u016brinys, pagamintas su kruop\u0161\u010diu d\u0117mesiu detal\u0117ms.<\/li>\n<li data-sourcepos=\"10:1-10:28\" class=\"translation-block\"><strong>\u017dalias dizainas:<\/strong> Dr\u0105si ir \u017eavi \u017ealia spalva ant baltos l\u0117k\u0161t\u0117s suteikia ramyb\u0117s ir elegancijos bet kuriai erdvei.<\/li>\n<li data-sourcepos=\"11:1-11:125\" class=\"translation-block\"><strong>\u012emantr\u016bs gen\u010di\u0173 ra\u0161tai:<\/strong> l\u0117k\u0161t\u0119 puo\u0161ia gra\u017e\u016bs ir autenti\u0161ki gen\u010di\u0173 ra\u0161tai, atspindintys turting\u0105 Maroko kult\u016br\u0105.<\/li>\n<li data-sourcepos=\"12:1-12:94\" class=\"translation-block\"><strong>\u012evairus naudojimas:<\/strong> Puikiai tinka patiekalams, u\u017ekand\u017eiams, u\u017etep\u0117l\u0117ms, salotoms ar kaip dekoratyvinis centrinis elementas.<\/li>\n<li data-sourcepos=\"15:1-16:0\" class=\"translation-block\"><strong>Tvirta keramin\u0117 konstrukcija:<\/strong> Patogu naudoti kasdien.<\/li>\n<\/ul>\n<p data-sourcepos=\"15:1-15:146\">This exceptional handmade ceramic plate brings a touch of Morocco into your home. It&#8217;s not just a dish; it&#8217;s a piece of art that tells a story.<\/p>\n<h4 data-sourcepos=\"12:1-12:100\">\u21d2 \u0160i\u0105 keramik\u0105 galima \u012fsigyti \u012fvairi\u0173 form\u0173 ir dyd\u017ei\u0173, tod\u0117l ji puikiai tinka:<\/h4>\n<ul data-sourcepos=\"14:1-18:0\">\n<li data-sourcepos=\"14:1-14:14\">Maisto patiekimas<\/li>\n<li data-sourcepos=\"15:1-15:29\">Dekoratyvini\u0173 daikt\u0173 rodymas<\/li>\n<li data-sourcepos=\"16:1-16:45\">Pasaulinio stiliaus akcentas j\u016bs\u0173 namuose<\/li>\n<li data-sourcepos=\"17:1-18:0\">Unikalios ir prasmingos dovanos dovanojimas<\/li>\n<\/ul>\n<h4>\u21d2 Papildoma informacija:<\/h4>\n<ul>\n<li>D\u0117l gamybos proceso ir meistri\u0161kumo gali atsirasti nedideli\u0173 spalvos, dyd\u017eio ar dizaino skirtum\u0173. Kiekvienas k\u016brinys yra unikalus ir tikrai vienetinis.<\/li>\n<li>\u0160i l\u0117k\u0161t\u0117 skirta patiekti, o ne ruo\u0161ti maist\u0105. Tod\u0117l jas galite naudoti kaip pristatom\u0105sias l\u0117k\u0161tes, ant kuri\u0173 galite patiekti pagamint\u0105 patiekal\u0105.<\/li>\n<li>\u0160ios l\u0117k\u0161t\u0117s glaz\u016bra yra porceliano glaz\u016bra be \u0161vino.<\/li>\n<li>Tai, kad po plovimo gali atsirasti \u012ftr\u016bkim\u0173, yra normalu, taip yra d\u0117l rank\u0173 darbo glaz\u016bravimo proceso.<\/li>\n<li>\u0160is gaminys NETINKAMAS naudoti mikrobang\u0173 krosnel\u0117je ir indaplov\u0117je. Be to, rekomenduojama plauti rankomis ir d\u017eiovinti rank\u0161luos\u010diu.<\/li>\n<\/ul>\n<p data-sourcepos=\"17:1-17:131\" class=\"translation-block\"><strong>Pirkdami \u0161\u012f gamin\u012f ne tik padedate m\u016bs\u0173 smulkiajam verslui, bet ir prisidedate prie gero humanitarinio tikslo, kurio siekiame kartu su m\u016bs\u0173 <a href=\"\/\/www.visitmorocco.com\/en\/discover-morocco\/traditional-craftsmanship-revisited\u201c\" target=\"\u201e_self\u201c\">vietiniais amatininkais<\/a>.<\/strong><\/p>","protected":false},"excerpt":{"rendered":"<div class=\"wt-ml-xs-1\"><a href=\"https:\/\/mlwr8opfwblo.i.optimole.com\/w:auto\/h:auto\/q:mauto\/f:best\/https:\/\/moroccomosaic.com\/wp-content\/uploads\/2023\/11\/Handmade-icon.png\"><img decoding=\"async\" class=\"alignnone wp-image-215984 lazy loaded\" src=\"https:\/\/mlwr8opfwblo.i.optimole.com\/w:30\/h:30\/q:mauto\/f:best\/https:\/\/moroccomosaic.com\/wp-content\/uploads\/2023\/11\/Handmade-icon.png\" sizes=\"(max-width: 30px) 100vw, 30px\" srcset=\"https:\/\/moroccomosaic.com\/wp-content\/uploads\/2023\/11\/Handmade-icon.png 512w, https:\/\/moroccomosaic.com\/wp-content\/uploads\/2023\/11\/Handmade-icon-100x100.png 100w, https:\/\/moroccomosaic.com\/wp-content\/uploads\/2023\/11\/Handmade-icon-64x64.png 64w, https:\/\/moroccomosaic.com\/wp-content\/uploads\/2023\/11\/Handmade-icon-400x400.png 400w, https:\/\/moroccomosaic.com\/wp-content\/uploads\/2023\/11\/Handmade-icon-300x300.png 300w, https:\/\/moroccomosaic.com\/wp-content\/uploads\/2023\/11\/Handmade-icon-150x150.png 150w, https:\/\/moroccomosaic.com\/wp-content\/uploads\/2023\/11\/Handmade-icon-480x480.png 480w\" alt=\"\" width=\"30\" height=\"30\" data-src=\"https:\/\/mlwr8opfwblo.i.optimole.com\/w:30\/h:30\/q:mauto\/f:best\/https:\/\/moroccomosaic.com\/wp-content\/uploads\/2023\/11\/Handmade-icon.png\" data-sizes=\"(max-width: 30px) 100vw, 30px\" data-srcset=\"https:\/\/moroccomosaic.com\/wp-content\/uploads\/2023\/11\/Handmade-icon.png 512w, https:\/\/moroccomosaic.com\/wp-content\/uploads\/2023\/11\/Handmade-icon-100x100.png 100w, https:\/\/moroccomosaic.com\/wp-content\/uploads\/2023\/11\/Handmade-icon-64x64.png 64w, https:\/\/moroccomosaic.com\/wp-content\/uploads\/2023\/11\/Handmade-icon-400x400.png 400w, https:\/\/moroccomosaic.com\/wp-content\/uploads\/2023\/11\/Handmade-icon-300x300.png 300w, https:\/\/moroccomosaic.com\/wp-content\/uploads\/2023\/11\/Handmade-icon-150x150.png 150w, https:\/\/moroccomosaic.com\/wp-content\/uploads\/2023\/11\/Handmade-icon-480x480.png 480w\" data-opt-src=\"https:\/\/mlwr8opfwblo.i.optimole.com\/w:30\/h:30\/q:mauto\/f:best\/https:\/\/moroccomosaic.com\/wp-content\/uploads\/2023\/11\/Handmade-icon.png\" data-opt-lazy-loaded=\"true\" data-opt-optimized-width=\"30\" data-opt-optimized-height=\"30\" data-was-processed=\"true\" \/><\/a>Rank\u0173 Darbo<\/div>\n<div class=\"wt-ml-xs-1\">\u00a0\u00a0<img decoding=\"async\" class=\"alignnone wp-image-215985 lazy loaded\" src=\"https:\/\/mlwr8opfwblo.i.optimole.com\/w:18\/h:18\/q:mauto\/f:best\/https:\/\/moroccomosaic.com\/wp-content\/uploads\/2023\/11\/ball-of-wool.png\" sizes=\"(max-width: 18px) 100vw, 18px\" srcset=\"https:\/\/moroccomosaic.com\/wp-content\/uploads\/2023\/11\/ball-of-wool.png 512w, https:\/\/moroccomosaic.com\/wp-content\/uploads\/2023\/11\/ball-of-wool-100x100.png 100w, https:\/\/moroccomosaic.com\/wp-content\/uploads\/2023\/11\/ball-of-wool-64x64.png 64w, https:\/\/moroccomosaic.com\/wp-content\/uploads\/2023\/11\/ball-of-wool-400x400.png 400w, https:\/\/moroccomosaic.com\/wp-content\/uploads\/2023\/11\/ball-of-wool-300x300.png 300w, https:\/\/moroccomosaic.com\/wp-content\/uploads\/2023\/11\/ball-of-wool-150x150.png 150w, https:\/\/moroccomosaic.com\/wp-content\/uploads\/2023\/11\/ball-of-wool-480x480.png 480w\" alt=\"\" width=\"18\" height=\"18\" data-src=\"https:\/\/mlwr8opfwblo.i.optimole.com\/w:18\/h:18\/q:mauto\/f:best\/https:\/\/moroccomosaic.com\/wp-content\/uploads\/2023\/11\/ball-of-wool.png\" data-sizes=\"(max-width: 18px) 100vw, 18px\" data-srcset=\"https:\/\/moroccomosaic.com\/wp-content\/uploads\/2023\/11\/ball-of-wool.png 512w, https:\/\/moroccomosaic.com\/wp-content\/uploads\/2023\/11\/ball-of-wool-100x100.png 100w, https:\/\/moroccomosaic.com\/wp-content\/uploads\/2023\/11\/ball-of-wool-64x64.png 64w, https:\/\/moroccomosaic.com\/wp-content\/uploads\/2023\/11\/ball-of-wool-400x400.png 400w, https:\/\/moroccomosaic.com\/wp-content\/uploads\/2023\/11\/ball-of-wool-300x300.png 300w, https:\/\/moroccomosaic.com\/wp-content\/uploads\/2023\/11\/ball-of-wool-150x150.png 150w, https:\/\/moroccomosaic.com\/wp-content\/uploads\/2023\/11\/ball-of-wool-480x480.png 480w\" data-opt-src=\"https:\/\/mlwr8opfwblo.i.optimole.com\/w:18\/h:18\/q:mauto\/f:best\/https:\/\/moroccomosaic.com\/wp-content\/uploads\/2023\/11\/ball-of-wool.png\" data-opt-lazy-loaded=\"true\" data-opt-optimized-width=\"18\" data-opt-optimized-height=\"18\" data-was-processed=\"true\" \/> Med\u017eiaga: Molis ir glaz\u016bra be \u0161vino<\/div>\n<div class=\"wt-ml-xs-1\">\u00a0\u00a0<a href=\"https:\/\/mlwr8opfwblo.i.optimole.com\/w:auto\/h:auto\/q:mauto\/f:best\/https:\/\/moroccomosaic.com\/wp-content\/uploads\/2023\/11\/ruler.png\"><img decoding=\"async\" class=\"alignnone wp-image-215993 lazy loaded\" src=\"https:\/\/mlwr8opfwblo.i.optimole.com\/w:19\/h:19\/q:mauto\/f:best\/https:\/\/moroccomosaic.com\/wp-content\/uploads\/2023\/11\/ruler.png\" sizes=\"(max-width: 19px) 100vw, 19px\" srcset=\"https:\/\/moroccomosaic.com\/wp-content\/uploads\/2023\/11\/ruler.png 512w, https:\/\/moroccomosaic.com\/wp-content\/uploads\/2023\/11\/ruler-100x100.png 100w, https:\/\/moroccomosaic.com\/wp-content\/uploads\/2023\/11\/ruler-64x64.png 64w, https:\/\/moroccomosaic.com\/wp-content\/uploads\/2023\/11\/ruler-400x400.png 400w, https:\/\/moroccomosaic.com\/wp-content\/uploads\/2023\/11\/ruler-300x300.png 300w, https:\/\/moroccomosaic.com\/wp-content\/uploads\/2023\/11\/ruler-150x150.png 150w, https:\/\/moroccomosaic.com\/wp-content\/uploads\/2023\/11\/ruler-480x480.png 480w\" alt=\"\" width=\"19\" height=\"19\" data-src=\"https:\/\/mlwr8opfwblo.i.optimole.com\/w:19\/h:19\/q:mauto\/f:best\/https:\/\/moroccomosaic.com\/wp-content\/uploads\/2023\/11\/ruler.png\" data-sizes=\"(max-width: 19px) 100vw, 19px\" data-srcset=\"https:\/\/moroccomosaic.com\/wp-content\/uploads\/2023\/11\/ruler.png 512w, https:\/\/moroccomosaic.com\/wp-content\/uploads\/2023\/11\/ruler-100x100.png 100w, https:\/\/moroccomosaic.com\/wp-content\/uploads\/2023\/11\/ruler-64x64.png 64w, https:\/\/moroccomosaic.com\/wp-content\/uploads\/2023\/11\/ruler-400x400.png 400w, https:\/\/moroccomosaic.com\/wp-content\/uploads\/2023\/11\/ruler-300x300.png 300w, https:\/\/moroccomosaic.com\/wp-content\/uploads\/2023\/11\/ruler-150x150.png 150w, https:\/\/moroccomosaic.com\/wp-content\/uploads\/2023\/11\/ruler-480x480.png 480w\" data-opt-src=\"https:\/\/mlwr8opfwblo.i.optimole.com\/w:19\/h:19\/q:mauto\/f:best\/https:\/\/moroccomosaic.com\/wp-content\/uploads\/2023\/11\/ruler.png\" data-opt-lazy-loaded=\"true\" data-opt-optimized-width=\"19\" data-opt-optimized-height=\"19\" data-was-processed=\"true\" \/><\/a> I\u0161matavimai: \u2205: 25 cm, Depth: 3 cm, Height: 4 cm<\/div>\n<div>\u00a0\u00a0<a href=\"https:\/\/moroccomosaic.com\/wp-content\/uploads\/2023\/11\/product.png?v=c562607189d7\"><img loading=\"lazy\" decoding=\"async\" class=\"alignnone wp-image-217787 lazy loaded\" src=\"https:\/\/moroccomosaic.com\/wp-content\/uploads\/2023\/11\/product-300x300.png\" alt=\"\" width=\"20\" height=\"20\" data-src=\"https:\/\/moroccomosaic.com\/wp-content\/uploads\/2023\/11\/product-300x300.png\" data-was-processed=\"true\" srcset=\"https:\/\/moroccomosaic.com\/wp-content\/uploads\/2023\/11\/product-300x300.png 300w, https:\/\/moroccomosaic.com\/wp-content\/uploads\/2023\/11\/product-100x100.png 100w, https:\/\/moroccomosaic.com\/wp-content\/uploads\/2023\/11\/product-12x12.png 12w, https:\/\/moroccomosaic.com\/wp-content\/uploads\/2023\/11\/product-480x480.png 480w, https:\/\/moroccomosaic.com\/wp-content\/uploads\/2023\/11\/product-64x64.png 64w, https:\/\/moroccomosaic.com\/wp-content\/uploads\/2023\/11\/product.png 512w\" sizes=\"(max-width: 20px) 100vw, 20px\" \/><\/a>\u00a0Prieinamumas: Produktas yra m\u016bs\u0173 sand\u0117lyje Lietuvoje.<\/div>\n<div><\/div>\n<div>\n<div><strong>Atkreipkite D\u0117mes\u012f:<\/strong>\u00a0kadangi m\u016bs\u0173 gaminiai yra rank\u0173 darbo, gali b\u016bti nedideli\u0173 ra\u0161t\u0173 ar formos tr\u016bkum\u0173, kurie suteikia jiems unikalumo ir gro\u017eio.<\/div>\n<div>\n<div><strong>D\u0117l Gaminio I\u0161vaizdos:\u00a0<\/strong>Atkreipkite d\u0117mes\u012f, kad m\u016bs\u0173 parduotuv\u0117je rodom\u0173 ir fakti\u0161kai gaut\u0173 produkt\u0173 nuotrauk\u0173 spalva, tekst\u016bra ir kiti smulk\u016bs po\u017eymiai gali skirtis. \u0160iuos skirtumus gali lemti tokie veiksniai kaip monitoriaus nustatymai, ap\u0161vietimas ar rank\u0173 darbo gaminimo b\u016bdas.<\/div>\n<\/div>\n<\/div>","protected":false},"featured_media":218773,"comment_status":"open","ping_status":"closed","template":"","meta":{"content-type":"","site-sidebar-layout":"default","site-content-layout":"","ast-site-content-layout":"default","site-content-style":"default","site-sidebar-style":"default","ast-global-header-display":"","ast-banner-title-visibility":"","ast-main-header-display":"","ast-hfb-above-header-display":"","ast-hfb-below-header-display":"","ast-hfb-mobile-header-display":"","site-post-title":"","ast-breadcrumbs-content":"","ast-featured-img":"","footer-sml-layout":"","ast-disable-related-posts":"","theme-transparent-header-meta":"","adv-header-id-meta":"","stick-header-meta":"","header-above-stick-meta":"","header-main-stick-meta":"","header-below-stick-meta":"","astra-migrate-meta-layouts":"default","ast-page-background-enabled":"default","ast-page-background-meta":{"desktop":{"background-color":"var(--ast-global-color-4)","background-image":"","background-repeat":"repeat","background-position":"center center","background-size":"auto","background-attachment":"scroll","background-type":"","background-media":"","overlay-type":"","overlay-color":"","overlay-opacity":"","overlay-gradient":""},"tablet":{"background-color":"","background-image":"","background-repeat":"repeat","background-position":"center center","background-size":"auto","background-attachment":"scroll","background-type":"","background-media":"","overlay-type":"","overlay-color":"","overlay-opacity":"","overlay-gradient":""},"mobile":{"background-color":"","background-image":"","background-repeat":"repeat","background-position":"center center","background-size":"auto","background-attachment":"scroll","background-type":"","background-media":"","overlay-type":"","overlay-color":"","overlay-opacity":"","overlay-gradient":""}},"ast-content-background-meta":{"desktop":{"background-color":"var(--ast-global-color-5)","background-image":"","background-repeat":"repeat","background-position":"center center","background-size":"auto","background-attachment":"scroll","background-type":"","background-media":"","overlay-type":"","overlay-color":"","overlay-opacity":"","overlay-gradient":""},"tablet":{"background-color":"var(--ast-global-color-5)","background-image":"","background-repeat":"repeat","background-position":"center center","background-size":"auto","background-attachment":"scroll","background-type":"","background-media":"","overlay-type":"","overlay-color":"","overlay-opacity":"","overlay-gradient":""},"mobile":{"background-color":"var(--ast-global-color-5)","background-image":"","background-repeat":"repeat","background-position":"center center","background-size":"auto","background-attachment":"scroll","background-type":"","background-media":"","overlay-type":"","overlay-color":"","overlay-opacity":"","overlay-gradient":""}}},"product_brand":[],"product_cat":[50],"product_tag":[],"class_list":{"0":"post-218772","1":"product","2":"type-product","3":"status-publish","4":"has-post-thumbnail","6":"product_cat-plates","7":"desktop-align-left","8":"tablet-align-left","9":"mobile-align-left","11":"first","12":"outofstock","13":"shipping-taxable","14":"purchasable","15":"product-type-simple"},"yoast_head":"<!-- This site is optimized with the Yoast SEO Premium plugin v22.3 (Yoast SEO v27.4) - https:\/\/yoast.com\/product\/yoast-seo-premium-wordpress\/ -->\n<title>Ceramic plate - Moroccan Mosaic<\/title>\n<meta name=\"description\" content=\"Green design ceramic plate, a true masterpiece of Moroccan craftsmanship. Handcrafted by skilled artisans showcasing intricate details and authentic charm\" \/>\n<meta name=\"robots\" content=\"index, follow, max-snippet:-1, max-image-preview:large, max-video-preview:-1\" \/>\n<link rel=\"canonical\" href=\"https:\/\/moroccomosaic.com\/lt\/produktas\/handmade-green-olive-plate\/\" \/>\n<meta property=\"og:locale\" content=\"lt_LT\" \/>\n<meta property=\"og:type\" content=\"article\" \/>\n<meta property=\"og:title\" content=\"Handmade Green Olive Plate\" \/>\n<meta property=\"og:description\" content=\"Green design ceramic plate, a true masterpiece of Moroccan craftsmanship. Handcrafted by skilled artisans showcasing intricate details and authentic charm\" \/>\n<meta property=\"og:url\" content=\"https:\/\/moroccomosaic.com\/lt\/produktas\/handmade-green-olive-plate\/\" \/>\n<meta property=\"og:site_name\" content=\"Moroccan Mosaic\" \/>\n<meta property=\"article:publisher\" content=\"https:\/\/facebook.com\/moroccomosaic\" \/>\n<meta property=\"article:modified_time\" content=\"2024-12-17T16:58:16+00:00\" \/>\n<meta property=\"og:image\" content=\"https:\/\/moroccomosaic.com\/wp-content\/uploads\/2024\/09\/Untitled-design-34-13.jpg\" \/>\n\t<meta property=\"og:image:width\" content=\"1000\" \/>\n\t<meta property=\"og:image:height\" content=\"1000\" \/>\n\t<meta property=\"og:image:type\" content=\"image\/jpeg\" \/>\n<meta name=\"twitter:label1\" content=\"Est. reading time\" \/>\n\t<meta name=\"twitter:data1\" content=\"2 minut\u0117s\" \/>\n<script type=\"application\/ld+json\" class=\"yoast-schema-graph\">{\"@context\":\"https:\\\/\\\/schema.org\",\"@graph\":[{\"@type\":\"WebPage\",\"@id\":\"https:\\\/\\\/moroccomosaic.com\\\/product\\\/handmade-green-olive-plate\\\/\",\"url\":\"https:\\\/\\\/moroccomosaic.com\\\/product\\\/handmade-green-olive-plate\\\/\",\"name\":\"Ceramic plate - Moroccan Mosaic\",\"isPartOf\":{\"@id\":\"https:\\\/\\\/moroccomosaic.com\\\/#website\"},\"primaryImageOfPage\":{\"@id\":\"https:\\\/\\\/moroccomosaic.com\\\/product\\\/handmade-green-olive-plate\\\/#primaryimage\"},\"image\":{\"@id\":\"https:\\\/\\\/moroccomosaic.com\\\/product\\\/handmade-green-olive-plate\\\/#primaryimage\"},\"thumbnailUrl\":\"https:\\\/\\\/moroccomosaic.com\\\/wp-content\\\/uploads\\\/2024\\\/09\\\/Untitled-design-34-13.jpg\",\"datePublished\":\"2024-09-05T14:54:36+00:00\",\"dateModified\":\"2024-12-17T16:58:16+00:00\",\"description\":\"Green design ceramic plate, a true masterpiece of Moroccan craftsmanship. Handcrafted by skilled artisans showcasing intricate details and authentic charm\",\"breadcrumb\":{\"@id\":\"https:\\\/\\\/moroccomosaic.com\\\/product\\\/handmade-green-olive-plate\\\/#breadcrumb\"},\"inLanguage\":\"lt-LT\",\"potentialAction\":[{\"@type\":\"ReadAction\",\"target\":[\"https:\\\/\\\/moroccomosaic.com\\\/product\\\/handmade-green-olive-plate\\\/\"]}]},{\"@type\":\"ImageObject\",\"inLanguage\":\"lt-LT\",\"@id\":\"https:\\\/\\\/moroccomosaic.com\\\/product\\\/handmade-green-olive-plate\\\/#primaryimage\",\"url\":\"https:\\\/\\\/moroccomosaic.com\\\/wp-content\\\/uploads\\\/2024\\\/09\\\/Untitled-design-34-13.jpg\",\"contentUrl\":\"https:\\\/\\\/moroccomosaic.com\\\/wp-content\\\/uploads\\\/2024\\\/09\\\/Untitled-design-34-13.jpg\",\"width\":1000,\"height\":1000,\"caption\":\"Handmade Moroccan Green Ceramic Plate\"},{\"@type\":\"BreadcrumbList\",\"@id\":\"https:\\\/\\\/moroccomosaic.com\\\/product\\\/handmade-green-olive-plate\\\/#breadcrumb\",\"itemListElement\":[{\"@type\":\"ListItem\",\"position\":1,\"name\":\"Shop\",\"item\":\"https:\\\/\\\/moroccomosaic.com\\\/shop\\\/\"},{\"@type\":\"ListItem\",\"position\":2,\"name\":\"Handmade Green Olive Plate\"}]},{\"@type\":\"WebSite\",\"@id\":\"https:\\\/\\\/moroccomosaic.com\\\/#website\",\"url\":\"https:\\\/\\\/moroccomosaic.com\\\/\",\"name\":\"Moroccan Mosaic\",\"description\":\"Handcrafted Artistry from Morocco\",\"publisher\":{\"@id\":\"https:\\\/\\\/moroccomosaic.com\\\/#organization\"},\"potentialAction\":[{\"@type\":\"SearchAction\",\"target\":{\"@type\":\"EntryPoint\",\"urlTemplate\":\"https:\\\/\\\/moroccomosaic.com\\\/?s={search_term_string}\"},\"query-input\":{\"@type\":\"PropertyValueSpecification\",\"valueRequired\":true,\"valueName\":\"search_term_string\"}}],\"inLanguage\":\"lt-LT\"},{\"@type\":\"Organization\",\"@id\":\"https:\\\/\\\/moroccomosaic.com\\\/#organization\",\"name\":\"Moroccan Mosaic\",\"url\":\"https:\\\/\\\/moroccomosaic.com\\\/\",\"logo\":{\"@type\":\"ImageObject\",\"inLanguage\":\"lt-LT\",\"@id\":\"https:\\\/\\\/moroccomosaic.com\\\/#\\\/schema\\\/logo\\\/image\\\/\",\"url\":\"https:\\\/\\\/moroccomosaic.com\\\/wp-content\\\/uploads\\\/2023\\\/09\\\/Maroccan-Mosaic-jpg-RGB.jpg\",\"contentUrl\":\"https:\\\/\\\/moroccomosaic.com\\\/wp-content\\\/uploads\\\/2023\\\/09\\\/Maroccan-Mosaic-jpg-RGB.jpg\",\"width\":2399,\"height\":865,\"caption\":\"Moroccan Mosaic\"},\"image\":{\"@id\":\"https:\\\/\\\/moroccomosaic.com\\\/#\\\/schema\\\/logo\\\/image\\\/\"},\"sameAs\":[\"https:\\\/\\\/facebook.com\\\/moroccomosaic\",\"https:\\\/\\\/www.instagram.com\\\/moroccan.mosaic\"]}]}<\/script>\n<!-- \/ Yoast SEO Premium plugin. -->","yoast_head_json":{"title":"Ceramic plate - Moroccan Mosaic","description":"Green design ceramic plate, a true masterpiece of Moroccan craftsmanship. Handcrafted by skilled artisans showcasing intricate details and authentic charm","robots":{"index":"index","follow":"follow","max-snippet":"max-snippet:-1","max-image-preview":"max-image-preview:large","max-video-preview":"max-video-preview:-1"},"canonical":"https:\/\/moroccomosaic.com\/lt\/produktas\/handmade-green-olive-plate\/","og_locale":"lt_LT","og_type":"article","og_title":"Handmade Green Olive Plate","og_description":"Green design ceramic plate, a true masterpiece of Moroccan craftsmanship. Handcrafted by skilled artisans showcasing intricate details and authentic charm","og_url":"https:\/\/moroccomosaic.com\/lt\/produktas\/handmade-green-olive-plate\/","og_site_name":"Moroccan Mosaic","article_publisher":"https:\/\/facebook.com\/moroccomosaic","article_modified_time":"2024-12-17T16:58:16+00:00","og_image":[{"width":1000,"height":1000,"url":"https:\/\/moroccomosaic.com\/wp-content\/uploads\/2024\/09\/Untitled-design-34-13.jpg","type":"image\/jpeg"}],"twitter_misc":{"Est. reading time":"2 minut\u0117s"},"schema":{"@context":"https:\/\/schema.org","@graph":[{"@type":"WebPage","@id":"https:\/\/moroccomosaic.com\/product\/handmade-green-olive-plate\/","url":"https:\/\/moroccomosaic.com\/product\/handmade-green-olive-plate\/","name":"Ceramic plate - Moroccan Mosaic","isPartOf":{"@id":"https:\/\/moroccomosaic.com\/#website"},"primaryImageOfPage":{"@id":"https:\/\/moroccomosaic.com\/product\/handmade-green-olive-plate\/#primaryimage"},"image":{"@id":"https:\/\/moroccomosaic.com\/product\/handmade-green-olive-plate\/#primaryimage"},"thumbnailUrl":"https:\/\/moroccomosaic.com\/wp-content\/uploads\/2024\/09\/Untitled-design-34-13.jpg","datePublished":"2024-09-05T14:54:36+00:00","dateModified":"2024-12-17T16:58:16+00:00","description":"Green design ceramic plate, a true masterpiece of Moroccan craftsmanship. Handcrafted by skilled artisans showcasing intricate details and authentic charm","breadcrumb":{"@id":"https:\/\/moroccomosaic.com\/product\/handmade-green-olive-plate\/#breadcrumb"},"inLanguage":"lt-LT","potentialAction":[{"@type":"ReadAction","target":["https:\/\/moroccomosaic.com\/product\/handmade-green-olive-plate\/"]}]},{"@type":"ImageObject","inLanguage":"lt-LT","@id":"https:\/\/moroccomosaic.com\/product\/handmade-green-olive-plate\/#primaryimage","url":"https:\/\/moroccomosaic.com\/wp-content\/uploads\/2024\/09\/Untitled-design-34-13.jpg","contentUrl":"https:\/\/moroccomosaic.com\/wp-content\/uploads\/2024\/09\/Untitled-design-34-13.jpg","width":1000,"height":1000,"caption":"Handmade Moroccan Green Ceramic Plate"},{"@type":"BreadcrumbList","@id":"https:\/\/moroccomosaic.com\/product\/handmade-green-olive-plate\/#breadcrumb","itemListElement":[{"@type":"ListItem","position":1,"name":"Shop","item":"https:\/\/moroccomosaic.com\/shop\/"},{"@type":"ListItem","position":2,"name":"Handmade Green Olive Plate"}]},{"@type":"WebSite","@id":"https:\/\/moroccomosaic.com\/#website","url":"https:\/\/moroccomosaic.com\/","name":"Moroccan Mosaic","description":"Handcrafted Artistry from Morocco","publisher":{"@id":"https:\/\/moroccomosaic.com\/#organization"},"potentialAction":[{"@type":"SearchAction","target":{"@type":"EntryPoint","urlTemplate":"https:\/\/moroccomosaic.com\/?s={search_term_string}"},"query-input":{"@type":"PropertyValueSpecification","valueRequired":true,"valueName":"search_term_string"}}],"inLanguage":"lt-LT"},{"@type":"Organization","@id":"https:\/\/moroccomosaic.com\/#organization","name":"Moroccan Mosaic","url":"https:\/\/moroccomosaic.com\/","logo":{"@type":"ImageObject","inLanguage":"lt-LT","@id":"https:\/\/moroccomosaic.com\/#\/schema\/logo\/image\/","url":"https:\/\/moroccomosaic.com\/wp-content\/uploads\/2023\/09\/Maroccan-Mosaic-jpg-RGB.jpg","contentUrl":"https:\/\/moroccomosaic.com\/wp-content\/uploads\/2023\/09\/Maroccan-Mosaic-jpg-RGB.jpg","width":2399,"height":865,"caption":"Moroccan Mosaic"},"image":{"@id":"https:\/\/moroccomosaic.com\/#\/schema\/logo\/image\/"},"sameAs":["https:\/\/facebook.com\/moroccomosaic","https:\/\/www.instagram.com\/moroccan.mosaic"]}]}},"_links":{"self":[{"href":"https:\/\/moroccomosaic.com\/lt\/wp-json\/wp\/v2\/product\/218772","targetHints":{"allow":["GET"]}}],"collection":[{"href":"https:\/\/moroccomosaic.com\/lt\/wp-json\/wp\/v2\/product"}],"about":[{"href":"https:\/\/moroccomosaic.com\/lt\/wp-json\/wp\/v2\/types\/product"}],"replies":[{"embeddable":true,"href":"https:\/\/moroccomosaic.com\/lt\/wp-json\/wp\/v2\/comments?post=218772"}],"wp:featuredmedia":[{"embeddable":true,"href":"https:\/\/moroccomosaic.com\/lt\/wp-json\/wp\/v2\/media\/218773"}],"wp:attachment":[{"href":"https:\/\/moroccomosaic.com\/lt\/wp-json\/wp\/v2\/media?parent=218772"}],"wp:term":[{"taxonomy":"product_brand","embeddable":true,"href":"https:\/\/moroccomosaic.com\/lt\/wp-json\/wp\/v2\/product_brand?post=218772"},{"taxonomy":"product_cat","embeddable":true,"href":"https:\/\/moroccomosaic.com\/lt\/wp-json\/wp\/v2\/product_cat?post=218772"},{"taxonomy":"product_tag","embeddable":true,"href":"https:\/\/moroccomosaic.com\/lt\/wp-json\/wp\/v2\/product_tag?post=218772"}],"curies":[{"name":"wp","href":"https:\/\/api.w.org\/{rel}","templated":true}]}}